{"id":1689,"date":"2025-06-27T11:50:07","date_gmt":"2025-06-27T11:50:07","guid":{"rendered":"https:\/\/vitralesdametto.com\/?post_type=product&#038;p=1689"},"modified":"2025-06-27T11:50:07","modified_gmt":"2025-06-27T11:50:07","slug":"retrato-medio","status":"publish","type":"product","link":"https:\/\/vitralesdametto.com\/pt\/produto\/retrato-medio\/","title":{"rendered":"Retrato M\u00e9dio"},"content":{"rendered":"","protected":false},"excerpt":{"rendered":"<p>Este retrato sobre base de madeira natural \u00e9 uma representa\u00e7\u00e3o \u00fanica de momentos especiais e mem\u00f3rias preciosas. Ele pode capturar at\u00e9 duas pessoas ou animais de estima\u00e7\u00e3o em uma \u00fanica pe\u00e7a, feito \u00e0 m\u00e3o com a t\u00e9cnica Tiffany, tornando-se um presente muito especial e uma lembran\u00e7a duradoura.<\/p>\n<p><strong>Como encomendar:<\/strong><\/p>\n<p><strong>1 \u2013<\/strong> Fa\u00e7a seu pedido pelo site.<\/p>\n<p><strong>2 \u2013<\/strong> Entrarei em contato para solicitar fotos de refer\u00eancia para o design.<\/p>\n<p><strong>3 \u2013<\/strong> Antes de iniciar a produ\u00e7\u00e3o, enviarei o desenho para sua an\u00e1lise e aprova\u00e7\u00e3o, tanto em formato quanto em cor. A pe\u00e7a s\u00f3 ser\u00e1 fabricada quando voc\u00ea estiver completamente satisfeito com o projeto final.<\/p>\n<p>Desta forma garantimos um resultado \u00fanico e personalizado.<\/p>\n<p><strong>Tamanho:<\/strong> 22 cm de largura<\/p>","protected":false},"featured_media":1690,"template":"","meta":{"site-sidebar-layout":"default","site-content-layout":"","ast-site-content-layout":"default","site-content-style":"default","site-sidebar-style":"default","ast-global-header-display":"","ast-banner-title-visibility":"","ast-main-header-display":"","ast-hfb-above-header-display":"","ast-hfb-below-header-display":"","ast-hfb-mobile-header-display":"","site-post-title":"","ast-breadcrumbs-content":"","ast-featured-img":"","footer-sml-layout":"","ast-disable-related-posts":"","theme-transparent-header-meta":"default","adv-header-id-meta":"","stick-header-meta":"","header-above-stick-meta":"","header-main-stick-meta":"","header-below-stick-meta":"","astra-migrate-meta-layouts":"set","ast-page-background-enabled":"default","ast-page-background-meta":{"desktop":{"background-color":"","background-image":"","background-repeat":"repeat","background-position":"center center","background-size":"auto","background-attachment":"scroll","background-type":"","background-media":"","overlay-type":"","overlay-color":"","overlay-opacity":"","overlay-gradient":""},"tablet":{"background-color":"","background-image":"","background-repeat":"repeat","background-position":"center center","background-size":"auto","background-attachment":"scroll","background-type":"","background-media":"","overlay-type":"","overlay-color":"","overlay-opacity":"","overlay-gradient":""},"mobile":{"background-color":"","background-image":"","background-repeat":"repeat","background-position":"center center","background-size":"auto","background-attachment":"scroll","background-type":"","background-media":"","overlay-type":"","overlay-color":"","overlay-opacity":"","overlay-gradient":""}},"ast-content-background-meta":{"desktop":{"background-color":"var(--ast-global-color-5)","background-image":"","background-repeat":"repeat","background-position":"center center","background-size":"auto","background-attachment":"scroll","background-type":"","background-media":"","overlay-type":"","overlay-color":"","overlay-opacity":"","overlay-gradient":""},"tablet":{"background-color":"var(--ast-global-color-5)","background-image":"","background-repeat":"repeat","background-position":"center center","background-size":"auto","background-attachment":"scroll","background-type":"","background-media":"","overlay-type":"","overlay-color":"","overlay-opacity":"","overlay-gradient":""},"mobile":{"background-color":"var(--ast-global-color-5)","background-image":"","background-repeat":"repeat","background-position":"center center","background-size":"auto","background-attachment":"scroll","background-type":"","background-media":"","overlay-type":"","overlay-color":"","overlay-opacity":"","overlay-gradient":""}}},"product_brand":[],"product_cat":[23],"product_tag":[],"class_list":{"0":"post-1689","1":"product","2":"type-product","3":"status-publish","4":"has-post-thumbnail","6":"product_cat-uncategorized","7":"desktop-align-left","8":"tablet-align-left","9":"mobile-align-left","11":"first","12":"instock","13":"shipping-taxable","14":"purchasable","15":"product-type-simple"},"_links":{"self":[{"href":"https:\/\/vitralesdametto.com\/pt\/wp-json\/wp\/v2\/product\/1689","targetHints":{"allow":["GET"]}}],"collection":[{"href":"https:\/\/vitralesdametto.com\/pt\/wp-json\/wp\/v2\/product"}],"about":[{"href":"https:\/\/vitralesdametto.com\/pt\/wp-json\/wp\/v2\/types\/product"}],"wp:featuredmedia":[{"embeddable":true,"href":"https:\/\/vitralesdametto.com\/pt\/wp-json\/wp\/v2\/media\/1690"}],"wp:attachment":[{"href":"https:\/\/vitralesdametto.com\/pt\/wp-json\/wp\/v2\/media?parent=1689"}],"wp:term":[{"taxonomy":"product_brand","embeddable":true,"href":"https:\/\/vitralesdametto.com\/pt\/wp-json\/wp\/v2\/product_brand?post=1689"},{"taxonomy":"product_cat","embeddable":true,"href":"https:\/\/vitralesdametto.com\/pt\/wp-json\/wp\/v2\/product_cat?post=1689"},{"taxonomy":"product_tag","embeddable":true,"href":"https:\/\/vitralesdametto.com\/pt\/wp-json\/wp\/v2\/product_tag?post=1689"}],"curies":[{"name":"wp","href":"https:\/\/api.w.org\/{rel}","templated":true}]}}