{"id":1675,"date":"2025-06-27T11:37:42","date_gmt":"2025-06-27T11:37:42","guid":{"rendered":"https:\/\/vitralesdametto.com\/?post_type=product&#038;p=1675"},"modified":"2025-06-27T11:37:42","modified_gmt":"2025-06-27T11:37:42","slug":"panot-grande-espejo","status":"publish","type":"product","link":"https:\/\/vitralesdametto.com\/pt\/produto\/panot-grande-espejo\/","title":{"rendered":"Espelho Panot Grande"},"content":{"rendered":"","protected":false},"excerpt":{"rendered":"<p>Esta vers\u00e3o ampliada do cl\u00e1ssico panot de Barcelona transforma o s\u00edmbolo urbano em uma vibrante obra de arte contempor\u00e2nea. Combinando espelho polido com vidro opaco e multicolorido, a composi\u00e7\u00e3o reflete a luz e adiciona energia e movimento ao espa\u00e7o.<br \/>\nFeito \u00e0 m\u00e3o usando a t\u00e9cnica Tiffany, \u00e9 uma pe\u00e7a alegre e vibrante, projetada para ser pendurada na parede como uma homenagem \u00e0 cidade de Barcelona com um toque moderno e art\u00edstico.<\/p>\n<p><strong>Tamanho:<\/strong> 25 x 25 cm<\/p>","protected":false},"featured_media":1676,"template":"","meta":{"site-sidebar-layout":"default","site-content-layout":"","ast-site-content-layout":"default","site-content-style":"default","site-sidebar-style":"default","ast-global-header-display":"","ast-banner-title-visibility":"","ast-main-header-display":"","ast-hfb-above-header-display":"","ast-hfb-below-header-display":"","ast-hfb-mobile-header-display":"","site-post-title":"","ast-breadcrumbs-content":"","ast-featured-img":"","footer-sml-layout":"","ast-disable-related-posts":"","theme-transparent-header-meta":"default","adv-header-id-meta":"","stick-header-meta":"","header-above-stick-meta":"","header-main-stick-meta":"","header-below-stick-meta":"","astra-migrate-meta-layouts":"set","ast-page-background-enabled":"default","ast-page-background-meta":{"desktop":{"background-color":"","background-image":"","background-repeat":"repeat","background-position":"center center","background-size":"auto","background-attachment":"scroll","background-type":"","background-media":"","overlay-type":"","overlay-color":"","overlay-opacity":"","overlay-gradient":""},"tablet":{"background-color":"","background-image":"","background-repeat":"repeat","background-position":"center center","background-size":"auto","background-attachment":"scroll","background-type":"","background-media":"","overlay-type":"","overlay-color":"","overlay-opacity":"","overlay-gradient":""},"mobile":{"background-color":"","background-image":"","background-repeat":"repeat","background-position":"center center","background-size":"auto","background-attachment":"scroll","background-type":"","background-media":"","overlay-type":"","overlay-color":"","overlay-opacity":"","overlay-gradient":""}},"ast-content-background-meta":{"desktop":{"background-color":"var(--ast-global-color-5)","background-image":"","background-repeat":"repeat","background-position":"center center","background-size":"auto","background-attachment":"scroll","background-type":"","background-media":"","overlay-type":"","overlay-color":"","overlay-opacity":"","overlay-gradient":""},"tablet":{"background-color":"var(--ast-global-color-5)","background-image":"","background-repeat":"repeat","background-position":"center center","background-size":"auto","background-attachment":"scroll","background-type":"","background-media":"","overlay-type":"","overlay-color":"","overlay-opacity":"","overlay-gradient":""},"mobile":{"background-color":"var(--ast-global-color-5)","background-image":"","background-repeat":"repeat","background-position":"center center","background-size":"auto","background-attachment":"scroll","background-type":"","background-media":"","overlay-type":"","overlay-color":"","overlay-opacity":"","overlay-gradient":""}}},"product_brand":[],"product_cat":[23],"product_tag":[],"class_list":{"0":"post-1675","1":"product","2":"type-product","3":"status-publish","4":"has-post-thumbnail","6":"product_cat-uncategorized","7":"desktop-align-left","8":"tablet-align-left","9":"mobile-align-left","11":"first","12":"instock","13":"shipping-taxable","14":"purchasable","15":"product-type-simple"},"_links":{"self":[{"href":"https:\/\/vitralesdametto.com\/pt\/wp-json\/wp\/v2\/product\/1675","targetHints":{"allow":["GET"]}}],"collection":[{"href":"https:\/\/vitralesdametto.com\/pt\/wp-json\/wp\/v2\/product"}],"about":[{"href":"https:\/\/vitralesdametto.com\/pt\/wp-json\/wp\/v2\/types\/product"}],"wp:featuredmedia":[{"embeddable":true,"href":"https:\/\/vitralesdametto.com\/pt\/wp-json\/wp\/v2\/media\/1676"}],"wp:attachment":[{"href":"https:\/\/vitralesdametto.com\/pt\/wp-json\/wp\/v2\/media?parent=1675"}],"wp:term":[{"taxonomy":"product_brand","embeddable":true,"href":"https:\/\/vitralesdametto.com\/pt\/wp-json\/wp\/v2\/product_brand?post=1675"},{"taxonomy":"product_cat","embeddable":true,"href":"https:\/\/vitralesdametto.com\/pt\/wp-json\/wp\/v2\/product_cat?post=1675"},{"taxonomy":"product_tag","embeddable":true,"href":"https:\/\/vitralesdametto.com\/pt\/wp-json\/wp\/v2\/product_tag?post=1675"}],"curies":[{"name":"wp","href":"https:\/\/api.w.org\/{rel}","templated":true}]}}