{"id":27,"date":"2025-03-03T11:17:58","date_gmt":"2025-03-03T11:17:58","guid":{"rendered":"https:\/\/vitralesdametto.com\/services\/"},"modified":"2025-07-01T06:33:10","modified_gmt":"2025-07-01T06:33:10","slug":"talleres-de-vidrieras-barcelona","status":"publish","type":"page","link":"https:\/\/vitralesdametto.com\/pt\/talleres-de-vidrieras-barcelona\/","title":{"rendered":"Classes"},"content":{"rendered":"<div data-elementor-type=\"wp-post\" data-elementor-id=\"27\" class=\"elementor elementor-27\" data-elementor-post-type=\"page\">\n\t\t\t\t<div class=\"elementor-element elementor-element-ebc0e4f e-con-full e-flex e-con e-parent\" data-id=\"ebc0e4f\" data-element_type=\"container\">\n\t\t<div class=\"elementor-element elementor-element-4e74691 e-con-full e-flex e-con e-child\" data-id=\"4e74691\" data-element_type=\"container\" data-settings=\"{&quot;background_background&quot;:&quot;classic&quot;}\">\n\t\t\t\t<div class=\"elementor-element elementor-element-b572113 elementor-widget elementor-widget-heading\" data-id=\"b572113\" data-element_type=\"widget\" data-widget_type=\"heading.default\">\n\t\t\t\t<div class=\"elementor-widget-container\">\n\t\t\t\t\t<h1 class=\"elementor-heading-title elementor-size-default\">Workshops de vitrais em Barcelona: aprender a arte do vidro feito \u00e0 m\u00e3o<\/h1>\t\t\t\t<\/div>\n\t\t\t\t<\/div>\n\t\t\t\t<\/div>\n\t\t\t\t<\/div>\n\t\t<div class=\"elementor-element elementor-element-b499943 e-con-full elementor-hidden-mobile e-flex e-con e-parent\" data-id=\"b499943\" data-element_type=\"container\" data-settings=\"{&quot;background_background&quot;:&quot;classic&quot;}\">\n\t\t<div class=\"elementor-element elementor-element-7533a1f e-con-full e-flex e-con e-child\" data-id=\"7533a1f\" data-element_type=\"container\" data-settings=\"{&quot;background_background&quot;:&quot;classic&quot;}\">\n\t\t\t\t<\/div>\n\t\t\t\t<\/div>\n\t\t<div class=\"elementor-element elementor-element-24bca97 e-con-full e-flex e-con e-parent\" data-id=\"24bca97\" data-element_type=\"container\">\n\t\t<div class=\"elementor-element elementor-element-9d79284 e-con-full e-flex e-con e-child\" data-id=\"9d79284\" data-element_type=\"container\" data-settings=\"{&quot;background_background&quot;:&quot;classic&quot;}\">\n\t\t\t\t<\/div>\n\t\t<div class=\"elementor-element elementor-element-377d5d1 e-con-full e-flex e-con e-child\" data-id=\"377d5d1\" data-element_type=\"container\" data-settings=\"{&quot;background_background&quot;:&quot;classic&quot;}\">\n\t\t<div class=\"elementor-element elementor-element-7784cb5 e-con-full e-flex e-con e-child\" data-id=\"7784cb5\" data-element_type=\"container\">\n\t\t\t\t<div class=\"elementor-element elementor-element-3440efb elementor-widget elementor-widget-image\" data-id=\"3440efb\" data-element_type=\"widget\" data-widget_type=\"image.default\">\n\t\t\t\t<div class=\"elementor-widget-container\">\n\t\t\t\t\t\t\t\t\t\t\t\t\t\t\t<img fetchpriority=\"high\" decoding=\"async\" width=\"940\" height=\"705\" src=\"https:\/\/vitralesdametto.com\/wp-content\/uploads\/2025\/03\/https___cdn.evbuc_.com_images_853502969_279257453680_1_original.avif\" class=\"attachment-large size-large wp-image-989\" alt=\"talleres de vidrieras\" srcset=\"https:\/\/vitralesdametto.com\/wp-content\/uploads\/2025\/03\/https___cdn.evbuc_.com_images_853502969_279257453680_1_original.avif 940w, https:\/\/vitralesdametto.com\/wp-content\/uploads\/2025\/03\/https___cdn.evbuc_.com_images_853502969_279257453680_1_original-600x450.avif 600w, https:\/\/vitralesdametto.com\/wp-content\/uploads\/2025\/03\/https___cdn.evbuc_.com_images_853502969_279257453680_1_original-300x225.avif 300w, https:\/\/vitralesdametto.com\/wp-content\/uploads\/2025\/03\/https___cdn.evbuc_.com_images_853502969_279257453680_1_original-768x576.avif 768w\" sizes=\"(max-width: 940px) 100vw, 940px\" \/>\t\t\t\t\t\t\t\t\t\t\t\t\t\t\t<\/div>\n\t\t\t\t<\/div>\n\t\t\t\t<div class=\"elementor-element elementor-element-63ab50b elementor-widget elementor-widget-heading\" data-id=\"63ab50b\" data-element_type=\"widget\" data-widget_type=\"heading.default\">\n\t\t\t\t<div class=\"elementor-widget-container\">\n\t\t\t\t\t<h2 class=\"elementor-heading-title elementor-size-default\">Curso cont\u00ednuo<\/h2>\t\t\t\t<\/div>\n\t\t\t\t<\/div>\n\t\t\t\t<div class=\"elementor-element elementor-element-c90ec34 elementor-widget elementor-widget-text-editor\" data-id=\"c90ec34\" data-element_type=\"widget\" data-widget_type=\"text-editor.default\">\n\t\t\t\t<div class=\"elementor-widget-container\">\n\t\t\t\t\t\t\t\t\t<p><span style=\"font-weight: 400;\">Realize o seu pr\u00f3prio projeto ao longo de v\u00e1rias reuni\u00f5es recorrentes.<\/span><\/p><p><span style=\"font-weight: 400;\">Ofere\u00e7o encontros cont\u00ednuos onde pode aprender e aperfei\u00e7oar as suas t\u00e9cnicas de vitral. Neste curso, tem a possibilidade de realizar um dos projectos que proponho ou de conceber o seu pr\u00f3prio projeto, grande ou pequeno, com a minha ajuda. Ter\u00e1 acesso a todas as ferramentas necess\u00e1rias, e os materiais podem ser trazidos por si ou comprados no atelier. Cada aula tem a dura\u00e7\u00e3o de 2 horas, e pode adaptar as sess\u00f5es ao seu ritmo: 1, 2 ou mesmo 3 aulas por semana, ou saltar semanas consoante a sua disponibilidade.<\/span><\/p>\t\t\t\t\t\t\t\t<\/div>\n\t\t\t\t<\/div>\n\t\t\t\t<div class=\"elementor-element elementor-element-f2d6ab0 elementor-widget elementor-widget-button\" data-id=\"f2d6ab0\" data-element_type=\"widget\" data-widget_type=\"button.default\">\n\t\t\t\t<div class=\"elementor-widget-container\">\n\t\t\t\t\t\t\t\t\t<div class=\"elementor-button-wrapper\">\n\t\t\t\t\t<a class=\"elementor-button elementor-button-link elementor-size-sm\" href=\"https:\/\/www.eventbrite.es\/e\/curso-continuo-de-vidrieras-tickets-1022683011417?aff=ebdsoporgprofile\" target=\"_blank\" rel=\"noopener\">\n\t\t\t\t\t\t<span class=\"elementor-button-content-wrapper\">\n\t\t\t\t\t\t\t\t\t<span class=\"elementor-button-text\">Veja Curso Cont\u00ednuo<\/span>\n\t\t\t\t\t<\/span>\n\t\t\t\t\t<\/a>\n\t\t\t\t<\/div>\n\t\t\t\t\t\t\t\t<\/div>\n\t\t\t\t<\/div>\n\t\t\t\t<\/div>\n\t\t<div class=\"elementor-element elementor-element-68e87ff e-con-full e-flex e-con e-child\" data-id=\"68e87ff\" data-element_type=\"container\">\n\t\t\t\t<div class=\"elementor-element elementor-element-f1c8ade elementor-widget elementor-widget-image\" data-id=\"f1c8ade\" data-element_type=\"widget\" data-widget_type=\"image.default\">\n\t\t\t\t<div class=\"elementor-widget-container\">\n\t\t\t\t\t\t\t\t\t\t\t\t\t\t\t<img decoding=\"async\" width=\"940\" height=\"599\" src=\"https:\/\/vitralesdametto.com\/wp-content\/uploads\/2025\/03\/https___cdn.evbuc_.com_images_846271269_279257453680_1_original.avif\" class=\"attachment-large size-large wp-image-988\" alt=\"talleres de vidrieras\" srcset=\"https:\/\/vitralesdametto.com\/wp-content\/uploads\/2025\/03\/https___cdn.evbuc_.com_images_846271269_279257453680_1_original.avif 940w, https:\/\/vitralesdametto.com\/wp-content\/uploads\/2025\/03\/https___cdn.evbuc_.com_images_846271269_279257453680_1_original-600x382.avif 600w, https:\/\/vitralesdametto.com\/wp-content\/uploads\/2025\/03\/https___cdn.evbuc_.com_images_846271269_279257453680_1_original-300x191.avif 300w, https:\/\/vitralesdametto.com\/wp-content\/uploads\/2025\/03\/https___cdn.evbuc_.com_images_846271269_279257453680_1_original-768x489.avif 768w\" sizes=\"(max-width: 940px) 100vw, 940px\" \/>\t\t\t\t\t\t\t\t\t\t\t\t\t\t\t<\/div>\n\t\t\t\t<\/div>\n\t\t\t\t<div class=\"elementor-element elementor-element-74e5bbd elementor-widget elementor-widget-heading\" data-id=\"74e5bbd\" data-element_type=\"widget\" data-widget_type=\"heading.default\">\n\t\t\t\t<div class=\"elementor-widget-container\">\n\t\t\t\t\t<h2 class=\"elementor-heading-title elementor-size-default\">Oficina cl\u00e1ssica<\/h2>\t\t\t\t<\/div>\n\t\t\t\t<\/div>\n\t\t\t\t<div class=\"elementor-element elementor-element-b852fc7 elementor-widget elementor-widget-text-editor\" data-id=\"b852fc7\" data-element_type=\"widget\" data-widget_type=\"text-editor.default\">\n\t\t\t\t<div class=\"elementor-widget-container\">\n\t\t\t\t\t\t\t\t\t<p><span style=\"font-weight: 400;\">Aprenda todos os passos para fazer um vitral Tiffany a partir do zero num dia.<\/span><\/p><p><span style=\"font-weight: 400;\">Nas 4 horas do Workshop Cl\u00e1ssico, aprender\u00e1 todos os passos da t\u00e9cnica Tiffany para criar um vitral a partir do zero. Poder\u00e1 escolher entre 5 desenhos: a folha de monstera, o cora\u00e7\u00e3o e 3 outros desenhos sazonais que mudam a cada 3 meses. Depois, seguir\u00e1 os seguintes passos:<\/span><\/p><p><span style=\"font-weight: 400;\">\u00a0<em><strong>Levar\u00e1 para casa uma bela pe\u00e7a de vitral feita por si!<\/strong><\/em><\/span><\/p>\t\t\t\t\t\t\t\t<\/div>\n\t\t\t\t<\/div>\n\t\t\t\t<div class=\"elementor-element elementor-element-ab5746c elementor-widget elementor-widget-button\" data-id=\"ab5746c\" data-element_type=\"widget\" data-widget_type=\"button.default\">\n\t\t\t\t<div class=\"elementor-widget-container\">\n\t\t\t\t\t\t\t\t\t<div class=\"elementor-button-wrapper\">\n\t\t\t\t\t<a class=\"elementor-button elementor-button-link elementor-size-sm\" href=\"https:\/\/www.eventbrite.es\/e\/taller-clasico-de-vidrieras-tickets-1013519392787?aff=ebdsoporgprofile\" target=\"_blank\" rel=\"noopener\">\n\t\t\t\t\t\t<span class=\"elementor-button-content-wrapper\">\n\t\t\t\t\t\t\t\t\t<span class=\"elementor-button-text\">Veja o curso Workshop Cl\u00e1ssico<\/span>\n\t\t\t\t\t<\/span>\n\t\t\t\t\t<\/a>\n\t\t\t\t<\/div>\n\t\t\t\t\t\t\t\t<\/div>\n\t\t\t\t<\/div>\n\t\t\t\t<\/div>\n\t\t<div class=\"elementor-element elementor-element-0dddbfb e-con-full e-flex e-con e-child\" data-id=\"0dddbfb\" data-element_type=\"container\">\n\t\t\t\t<div class=\"elementor-element elementor-element-486171b elementor-widget elementor-widget-image\" data-id=\"486171b\" data-element_type=\"widget\" data-widget_type=\"image.default\">\n\t\t\t\t<div class=\"elementor-widget-container\">\n\t\t\t\t\t\t\t\t\t\t\t\t\t\t\t<img decoding=\"async\" width=\"768\" height=\"1024\" src=\"https:\/\/vitralesdametto.com\/wp-content\/uploads\/2025\/03\/https___cdn.evbuc_.com_images_853545159_279257453680_1_original-768x1024.avif\" class=\"attachment-large size-large wp-image-1088\" alt=\"vidriera personalizada corazones\" srcset=\"https:\/\/vitralesdametto.com\/wp-content\/uploads\/2025\/03\/https___cdn.evbuc_.com_images_853545159_279257453680_1_original-768x1024.avif 768w, https:\/\/vitralesdametto.com\/wp-content\/uploads\/2025\/03\/https___cdn.evbuc_.com_images_853545159_279257453680_1_original-600x800.avif 600w, https:\/\/vitralesdametto.com\/wp-content\/uploads\/2025\/03\/https___cdn.evbuc_.com_images_853545159_279257453680_1_original-225x300.avif 225w, https:\/\/vitralesdametto.com\/wp-content\/uploads\/2025\/03\/https___cdn.evbuc_.com_images_853545159_279257453680_1_original.avif 940w\" sizes=\"(max-width: 768px) 100vw, 768px\" \/>\t\t\t\t\t\t\t\t\t\t\t\t\t\t\t<\/div>\n\t\t\t\t<\/div>\n\t\t\t\t<div class=\"elementor-element elementor-element-48a8461 elementor-widget elementor-widget-heading\" data-id=\"48a8461\" data-element_type=\"widget\" data-widget_type=\"heading.default\">\n\t\t\t\t<div class=\"elementor-widget-container\">\n\t\t\t\t\t<h2 class=\"elementor-heading-title elementor-size-default\">Oficina de bolso<\/h2>\t\t\t\t<\/div>\n\t\t\t\t<\/div>\n\t\t\t\t<div class=\"elementor-element elementor-element-01459a0 elementor-widget elementor-widget-text-editor\" data-id=\"01459a0\" data-element_type=\"widget\" data-widget_type=\"text-editor.default\">\n\t\t\t\t<div class=\"elementor-widget-container\">\n\t\t\t\t\t\t\t\t\t<p><span style=\"font-weight: 400;\">Vers\u00e3o simplificada do workshop cl\u00e1ssico para grupos.<\/span><\/p><p><span style=\"font-weight: 400;\">Este workshop r\u00e1pido \u00e9 ideal para grupos de amigos ou actividades de team building, com capacidade para at\u00e9 10 pessoas. Em apenas 2,5 horas, voc\u00ea e o seu grupo podem criar um pan\u00f4 de Barcelona ou um cora\u00e7\u00e3o em vitral.<\/span><\/p>\t\t\t\t\t\t\t\t<\/div>\n\t\t\t\t<\/div>\n\t\t\t\t<div class=\"elementor-element elementor-element-e8d1f74 elementor-widget elementor-widget-button\" data-id=\"e8d1f74\" data-element_type=\"widget\" data-widget_type=\"button.default\">\n\t\t\t\t<div class=\"elementor-widget-container\">\n\t\t\t\t\t\t\t\t\t<div class=\"elementor-button-wrapper\">\n\t\t\t\t\t<a class=\"elementor-button elementor-button-link elementor-size-sm\" href=\"https:\/\/www.eventbrite.es\/e\/taller-pocket-de-vidrieras-tickets-1022707304077?aff=ebdsoporgprofile\" target=\"_blank\" rel=\"noopener\">\n\t\t\t\t\t\t<span class=\"elementor-button-content-wrapper\">\n\t\t\t\t\t\t\t\t\t<span class=\"elementor-button-text\">Ver curso Pocket Workshop<\/span>\n\t\t\t\t\t<\/span>\n\t\t\t\t\t<\/a>\n\t\t\t\t<\/div>\n\t\t\t\t\t\t\t\t<\/div>\n\t\t\t\t<\/div>\n\t\t\t\t<\/div>\n\t\t<div class=\"elementor-element elementor-element-af99862 e-con-full e-flex e-con e-child\" data-id=\"af99862\" data-element_type=\"container\">\n\t\t\t\t<div class=\"elementor-element elementor-element-5268bf5 elementor-widget elementor-widget-image\" data-id=\"5268bf5\" data-element_type=\"widget\" data-widget_type=\"image.default\">\n\t\t\t\t<div class=\"elementor-widget-container\">\n\t\t\t\t\t\t\t\t\t\t\t\t\t\t\t<img loading=\"lazy\" decoding=\"async\" width=\"1024\" height=\"683\" src=\"https:\/\/vitralesdametto.com\/wp-content\/uploads\/2025\/03\/Natt-serie20-40-1024x683.webp\" class=\"attachment-large size-large wp-image-1013\" alt=\"creaci\u00f3n de vidrieras personalizadas\" srcset=\"https:\/\/vitralesdametto.com\/wp-content\/uploads\/2025\/03\/Natt-serie20-40-1024x683.webp 1024w, https:\/\/vitralesdametto.com\/wp-content\/uploads\/2025\/03\/Natt-serie20-40-scaled-600x400.webp 600w, https:\/\/vitralesdametto.com\/wp-content\/uploads\/2025\/03\/Natt-serie20-40-300x200.webp 300w, https:\/\/vitralesdametto.com\/wp-content\/uploads\/2025\/03\/Natt-serie20-40-768x512.webp 768w, https:\/\/vitralesdametto.com\/wp-content\/uploads\/2025\/03\/Natt-serie20-40-1536x1024.webp 1536w, https:\/\/vitralesdametto.com\/wp-content\/uploads\/2025\/03\/Natt-serie20-40-scaled.webp 1920w\" sizes=\"(max-width: 1024px) 100vw, 1024px\" \/>\t\t\t\t\t\t\t\t\t\t\t\t\t\t\t<\/div>\n\t\t\t\t<\/div>\n\t\t\t\t<div class=\"elementor-element elementor-element-2a8fdda elementor-widget elementor-widget-heading\" data-id=\"2a8fdda\" data-element_type=\"widget\" data-widget_type=\"heading.default\">\n\t\t\t\t<div class=\"elementor-widget-container\">\n\t\t\t\t\t<h2 class=\"elementor-heading-title elementor-size-default\">Curso em linha<\/h2>\t\t\t\t<\/div>\n\t\t\t\t<\/div>\n\t\t\t\t<div class=\"elementor-element elementor-element-8d1bf3e elementor-widget elementor-widget-text-editor\" data-id=\"8d1bf3e\" data-element_type=\"widget\" data-widget_type=\"text-editor.default\">\n\t\t\t\t<div class=\"elementor-widget-container\">\n\t\t\t\t\t\t\t\t\t<p><span style=\"font-weight: 400;\">Estamos a trabalhar na cria\u00e7\u00e3o de um curso em linha. <\/span><\/p>\n<p><span style=\"font-weight: 400;\">Inscreva-se aqui para receber mais informa\u00e7\u00f5es quando estiver pronto!<\/span><\/p>\t\t\t\t\t\t\t\t<\/div>\n\t\t\t\t<\/div>\n\t\t\t\t<div class=\"elementor-element elementor-element-520ad74 elementor-button-align-stretch elementor-widget elementor-widget-form\" data-id=\"520ad74\" data-element_type=\"widget\" data-settings=\"{&quot;button_width&quot;:&quot;50&quot;,&quot;step_next_label&quot;:&quot;Siguiente&quot;,&quot;step_previous_label&quot;:&quot;Anterior&quot;,&quot;step_type&quot;:&quot;number_text&quot;,&quot;step_icon_shape&quot;:&quot;circle&quot;}\" data-widget_type=\"form.default\">\n\t\t\t\t<div class=\"elementor-widget-container\">\n\t\t\t\t\t\t\t<form class=\"elementor-form\" method=\"post\" name=\"Nuevo formulario\" action=\"\">\n\t\t\t<input type=\"hidden\" name=\"post_id\" value=\"27\"\/>\n\t\t\t<input type=\"hidden\" name=\"form_id\" value=\"520ad74\"\/>\n\t\t\t<input type=\"hidden\" name=\"referer_title\" value=\"Talleres de vidrieras Barcelona - Vitrales Dametto\" \/>\n\n\t\t\t\t\t\t\t<input type=\"hidden\" name=\"queried_id\" value=\"27\"\/>\n\t\t\t\n\t\t\t<div class=\"elementor-form-fields-wrapper elementor-labels-above\">\n\t\t\t\t\t\t\t\t<div class=\"elementor-field-type-email elementor-field-group elementor-column elementor-field-group-email elementor-col-50 elementor-field-required\">\n\t\t\t\t\t\t\t\t\t\t\t\t<label for=\"form-field-email\" class=\"elementor-field-label\">\n\t\t\t\t\t\t\t\tEndere\u00e7o eletr\u00f3nico\t\t\t\t\t\t\t<\/label>\n\t\t\t\t\t\t\t\t\t\t\t\t\t\t<input size=\"1\" type=\"email\" name=\"form_fields[email]\" id=\"form-field-email\" class=\"elementor-field elementor-size-sm  elementor-field-textual\" placeholder=\"Endere\u00e7o eletr\u00f3nico\" required=\"required\">\n\t\t\t\t\t\t\t\t\t\t\t<\/div>\n\t\t\t\t\t\t\t\t<div class=\"elementor-field-group elementor-column elementor-field-type-submit elementor-col-50 e-form__buttons\">\n\t\t\t\t\t<button class=\"elementor-button elementor-size-sm\" type=\"submit\">\n\t\t\t\t\t\t<span class=\"elementor-button-content-wrapper\">\n\t\t\t\t\t\t\t\t\t\t\t\t\t\t\t\t\t\t\t\t\t\t<span class=\"elementor-button-text\">Enviar<\/span>\n\t\t\t\t\t\t\t\t\t\t\t\t\t<\/span>\n\t\t\t\t\t<\/button>\n\t\t\t\t<\/div>\n\t\t\t<\/div>\n\t\t<input type=\"hidden\" name=\"trp-form-language\" value=\"pt\"\/><\/form>\n\t\t\t\t\t\t<\/div>\n\t\t\t\t<\/div>\n\t\t\t\t<\/div>\n\t\t\t\t<\/div>\n\t\t\t\t<\/div>\n\t\t<div class=\"elementor-element elementor-element-1cd59a6 e-con-full e-flex e-con e-parent\" data-id=\"1cd59a6\" data-element_type=\"container\">\n\t\t<div class=\"elementor-element elementor-element-7d9459d e-con-full e-flex e-con e-child\" data-id=\"7d9459d\" data-element_type=\"container\">\n\t\t<a class=\"elementor-element elementor-element-e8c6990 e-con-full e-flex e-con e-child\" data-id=\"e8c6990\" data-element_type=\"container\" data-settings=\"{&quot;background_background&quot;:&quot;classic&quot;,&quot;position&quot;:&quot;absolute&quot;}\" href=\"https:\/\/vitralesdametto.com\/pt\/tienda\/\">\n\t\t\t\t<div class=\"elementor-element elementor-element-71e0099 elementor-view-default elementor-widget elementor-widget-icon\" data-id=\"71e0099\" data-element_type=\"widget\" data-widget_type=\"icon.default\">\n\t\t\t\t<div class=\"elementor-widget-container\">\n\t\t\t\t\t\t\t<div class=\"elementor-icon-wrapper\">\n\t\t\t<div class=\"elementor-icon elementor-animation-rotate\">\n\t\t\t<svg aria-hidden=\"true\" class=\"e-font-icon-svg e-fas-plus\" viewbox=\"0 0 448 512\" xmlns=\"http:\/\/www.w3.org\/2000\/svg\"><path d=\"M416 208H272V64c0-17.67-14.33-32-32-32h-32c-17.67 0-32 14.33-32 32v144H32c-17.67 0-32 14.33-32 32v32c0 17.67 14.33 32 32 32h144v144c0 17.67 14.33 32 32 32h32c17.67 0 32-14.33 32-32V304h144c17.67 0 32-14.33 32-32v-32c0-17.67-14.33-32-32-32z\"><\/path><\/svg>\t\t\t<\/div>\n\t\t<\/div>\n\t\t\t\t\t\t<\/div>\n\t\t\t\t<\/div>\n\t\t\t\t<div class=\"elementor-element elementor-element-63189df elementor-widget elementor-widget-heading\" data-id=\"63189df\" data-element_type=\"widget\" data-widget_type=\"heading.default\">\n\t\t\t\t<div class=\"elementor-widget-container\">\n\t\t\t\t\t<h3 class=\"elementor-heading-title elementor-size-default\">Compre a sua janela personalizada<\/h3>\t\t\t\t<\/div>\n\t\t\t\t<\/div>\n\t\t\t\t<\/a>\n\t\t\t\t<div class=\"elementor-element elementor-element-6749aa0 elementor-widget elementor-widget-image\" data-id=\"6749aa0\" data-element_type=\"widget\" data-widget_type=\"image.default\">\n\t\t\t\t<div class=\"elementor-widget-container\">\n\t\t\t\t\t\t\t\t\t\t\t\t\t\t\t<img loading=\"lazy\" decoding=\"async\" width=\"1920\" height=\"1280\" src=\"https:\/\/vitralesdametto.com\/wp-content\/uploads\/2025\/03\/Natt-serie13-11-scaled.webp\" class=\"attachment-full size-full wp-image-1090\" alt=\"vidriera personalizada\" srcset=\"https:\/\/vitralesdametto.com\/wp-content\/uploads\/2025\/03\/Natt-serie13-11-scaled.webp 1920w, https:\/\/vitralesdametto.com\/wp-content\/uploads\/2025\/03\/Natt-serie13-11-scaled-600x400.webp 600w, https:\/\/vitralesdametto.com\/wp-content\/uploads\/2025\/03\/Natt-serie13-11-300x200.webp 300w, https:\/\/vitralesdametto.com\/wp-content\/uploads\/2025\/03\/Natt-serie13-11-1024x683.webp 1024w, https:\/\/vitralesdametto.com\/wp-content\/uploads\/2025\/03\/Natt-serie13-11-768x512.webp 768w, https:\/\/vitralesdametto.com\/wp-content\/uploads\/2025\/03\/Natt-serie13-11-1536x1024.webp 1536w\" sizes=\"(max-width: 1920px) 100vw, 1920px\" \/>\t\t\t\t\t\t\t\t\t\t\t\t\t\t\t<\/div>\n\t\t\t\t<\/div>\n\t\t\t\t<\/div>\n\t\t\t\t<\/div>\n\t\t\t\t<\/div>","protected":false},"excerpt":{"rendered":"<p>Inicio Talleres de vidrieras Barcelona: aprende el arte del vidrio hecho a mano Curso continuo Realiza tu propio proyecto a lo largo de varios encuentros recurrentes. Ofrezco encuentros continuos donde podr\u00e1s aprender y perfeccionar las t\u00e9cnicas de vitral. En este curso, tienes la opci\u00f3n de crear uno de los proyectos que propongo o dise\u00f1ar tu [&hellip;]<\/p>","protected":false},"author":1,"featured_media":0,"parent":0,"menu_order":0,"comment_status":"closed","ping_status":"closed","template":"","meta":{"site-sidebar-layout":"no-sidebar","site-content-layout":"page-builder","ast-site-content-layout":"full-width-container","site-content-style":"unboxed","site-sidebar-style":"unboxed","ast-global-header-display":"","ast-banner-title-visibility":"","ast-main-header-display":"","ast-hfb-above-header-display":"","ast-hfb-below-header-display":"","ast-hfb-mobile-header-display":"","site-post-title":"disabled","ast-breadcrumbs-content":"","ast-featured-img":"disabled","footer-sml-layout":"","ast-disable-related-posts":"","theme-transparent-header-meta":"","adv-header-id-meta":"","stick-header-meta":"","header-above-stick-meta":"","header-main-stick-meta":"","header-below-stick-meta":"","astra-migrate-meta-layouts":"set","ast-page-background-enabled":"default","ast-page-background-meta":{"desktop":{"background-color":"","background-image":"","background-repeat":"repeat","background-position":"center center","background-size":"auto","background-attachment":"scroll","background-type":"","background-media":"","overlay-type":"","overlay-color":"","overlay-opacity":"","overlay-gradient":""},"tablet":{"background-color":"","background-image":"","background-repeat":"repeat","background-position":"center center","background-size":"auto","background-attachment":"scroll","background-type":"","background-media":"","overlay-type":"","overlay-color":"","overlay-opacity":"","overlay-gradient":""},"mobile":{"background-color":"","background-image":"","background-repeat":"repeat","background-position":"center center","background-size":"auto","background-attachment":"scroll","background-type":"","background-media":"","overlay-type":"","overlay-color":"","overlay-opacity":"","overlay-gradient":""}},"ast-content-background-meta":{"desktop":{"background-color":"var(--ast-global-color-5)","background-image":"","background-repeat":"repeat","background-position":"center center","background-size":"auto","background-attachment":"scroll","background-type":"","background-media":"","overlay-type":"","overlay-color":"","overlay-opacity":"","overlay-gradient":""},"tablet":{"background-color":"var(--ast-global-color-5)","background-image":"","background-repeat":"repeat","background-position":"center center","background-size":"auto","background-attachment":"scroll","background-type":"","background-media":"","overlay-type":"","overlay-color":"","overlay-opacity":"","overlay-gradient":""},"mobile":{"background-color":"var(--ast-global-color-5)","background-image":"","background-repeat":"repeat","background-position":"center center","background-size":"auto","background-attachment":"scroll","background-type":"","background-media":"","overlay-type":"","overlay-color":"","overlay-opacity":"","overlay-gradient":""}},"footnotes":""},"class_list":["post-27","page","type-page","status-publish","hentry"],"_links":{"self":[{"href":"https:\/\/vitralesdametto.com\/pt\/wp-json\/wp\/v2\/pages\/27","targetHints":{"allow":["GET"]}}],"collection":[{"href":"https:\/\/vitralesdametto.com\/pt\/wp-json\/wp\/v2\/pages"}],"about":[{"href":"https:\/\/vitralesdametto.com\/pt\/wp-json\/wp\/v2\/types\/page"}],"author":[{"embeddable":true,"href":"https:\/\/vitralesdametto.com\/pt\/wp-json\/wp\/v2\/users\/1"}],"replies":[{"embeddable":true,"href":"https:\/\/vitralesdametto.com\/pt\/wp-json\/wp\/v2\/comments?post=27"}],"version-history":[{"count":65,"href":"https:\/\/vitralesdametto.com\/pt\/wp-json\/wp\/v2\/pages\/27\/revisions"}],"predecessor-version":[{"id":1737,"href":"https:\/\/vitralesdametto.com\/pt\/wp-json\/wp\/v2\/pages\/27\/revisions\/1737"}],"wp:attachment":[{"href":"https:\/\/vitralesdametto.com\/pt\/wp-json\/wp\/v2\/media?parent=27"}],"curies":[{"name":"wp","href":"https:\/\/api.w.org\/{rel}","templated":true}]}}