{"id":26,"date":"2025-03-03T11:17:58","date_gmt":"2025-03-03T11:17:58","guid":{"rendered":"https:\/\/vitralesdametto.com\/about\/"},"modified":"2025-06-18T05:59:58","modified_gmt":"2025-06-18T05:59:58","slug":"artista-de-vitrales-artesanales","status":"publish","type":"page","link":"https:\/\/vitralesdametto.com\/pt\/artista-de-vitrales-artesanales\/","title":{"rendered":"Sobre mim"},"content":{"rendered":"<div data-elementor-type=\"wp-post\" data-elementor-id=\"26\" class=\"elementor elementor-26\" data-elementor-post-type=\"page\">\n\t\t\t\t<div class=\"elementor-element elementor-element-6dd818b e-con-full e-flex e-con e-parent\" data-id=\"6dd818b\" data-element_type=\"container\">\n\t\t<div class=\"elementor-element elementor-element-a4da1f4 e-con-full e-flex e-con e-child\" data-id=\"a4da1f4\" data-element_type=\"container\" data-settings=\"{&quot;background_background&quot;:&quot;classic&quot;}\">\n\t\t\t\t<div class=\"elementor-element elementor-element-908babb elementor-widget elementor-widget-heading\" data-id=\"908babb\" data-element_type=\"widget\" data-widget_type=\"heading.default\">\n\t\t\t\t<div class=\"elementor-widget-container\">\n\t\t\t\t\t<h1 class=\"elementor-heading-title elementor-size-default\">O meu nome \u00e9 Nat\u00e1lia e sou uma artista especializada na cria\u00e7\u00e3o de vitrais artesanais.<\/h1>\t\t\t\t<\/div>\n\t\t\t\t<\/div>\n\t\t\t\t<\/div>\n\t\t\t\t<\/div>\n\t\t<div class=\"elementor-element elementor-element-a7dd446 e-con-full e-flex e-con e-parent\" data-id=\"a7dd446\" data-element_type=\"container\" data-settings=\"{&quot;background_background&quot;:&quot;classic&quot;}\">\n\t\t<div class=\"elementor-element elementor-element-f796ff3 e-con-full e-flex e-con e-child\" data-id=\"f796ff3\" data-element_type=\"container\" data-settings=\"{&quot;background_background&quot;:&quot;classic&quot;}\">\n\t\t\t\t<\/div>\n\t\t\t\t<\/div>\n\t\t<div class=\"elementor-element elementor-element-80e0b5a e-con-full e-flex e-con e-parent\" data-id=\"80e0b5a\" data-element_type=\"container\">\n\t\t<div class=\"elementor-element elementor-element-85b50c2 e-con-full e-flex e-con e-child\" data-id=\"85b50c2\" data-element_type=\"container\" data-settings=\"{&quot;background_background&quot;:&quot;classic&quot;}\">\n\t\t\t\t<\/div>\n\t\t<div class=\"elementor-element elementor-element-ad73dae e-con-full e-flex e-con e-child\" data-id=\"ad73dae\" data-element_type=\"container\" data-settings=\"{&quot;background_background&quot;:&quot;classic&quot;}\">\n\t\t\t\t<div class=\"elementor-element elementor-element-169e9cc elementor-widget elementor-widget-heading\" data-id=\"169e9cc\" data-element_type=\"widget\" data-widget_type=\"heading.default\">\n\t\t\t\t<div class=\"elementor-widget-container\">\n\t\t\t\t\t<p class=\"elementor-heading-title elementor-size-default\">Vitrais artesanais<\/p>\t\t\t\t<\/div>\n\t\t\t\t<\/div>\n\t\t\t\t<div class=\"elementor-element elementor-element-9918284 elementor-widget elementor-widget-heading\" data-id=\"9918284\" data-element_type=\"widget\" data-widget_type=\"heading.default\">\n\t\t\t\t<div class=\"elementor-widget-container\">\n\t\t\t\t\t<h2 class=\"elementor-heading-title elementor-size-default\">A minha paix\u00e3o pelo vidro nasceu da procura de uma linguagem art\u00edstica \u00fanica. Atrav\u00e9s de uma combina\u00e7\u00e3o de t\u00e9cnicas tradicionais e de uma abordagem contempor\u00e2nea, crio pe\u00e7as que captam a luz e transformam os espa\u00e7os com cor e express\u00e3o.<\/h2>\t\t\t\t<\/div>\n\t\t\t\t<\/div>\n\t\t\t\t<div class=\"elementor-element elementor-element-f0acd6f elementor-widget elementor-widget-text-editor\" data-id=\"f0acd6f\" data-element_type=\"widget\" data-widget_type=\"text-editor.default\">\n\t\t\t\t<div class=\"elementor-widget-container\">\n\t\t\t\t\t\t\t\t\t<p>Origin\u00e1ria de Porto Alegre (Brasil) e formada em design de produto, explorei diferentes meios art\u00edsticos at\u00e9 encontrar no vidro a minha verdadeira paix\u00e3o. Atrav\u00e9s do vitral, combino t\u00e9cnicas tradicionais com uma abordagem contempor\u00e2nea, criando pe\u00e7as cheias de cor e formas inspiradas na natureza.<\/p>\t\t\t\t\t\t\t\t<\/div>\n\t\t\t\t<\/div>\n\t\t\t\t<div class=\"elementor-element elementor-element-1685c72 elementor-widget elementor-widget-text-editor\" data-id=\"1685c72\" data-element_type=\"widget\" data-widget_type=\"text-editor.default\">\n\t\t\t\t<div class=\"elementor-widget-container\">\n\t\t\t\t\t\t\t\t\t<p data-start=\"583\" data-end=\"782\">Desde 2022 vivo em Barcelona, onde desenho e fa\u00e7o pain\u00e9is de vidro artesanais, retratos e janelas, e dou workshops para partilhar esta arte fascinante com aqueles que a querem aprender.<\/p>\t\t\t\t\t\t\t\t<\/div>\n\t\t\t\t<\/div>\n\t\t\t\t<\/div>\n\t\t<div class=\"elementor-element elementor-element-02033ec e-con-full e-flex e-con e-child\" data-id=\"02033ec\" data-element_type=\"container\" data-settings=\"{&quot;background_background&quot;:&quot;classic&quot;}\">\n\t\t\t\t<div class=\"elementor-element elementor-element-9312760 elementor-view-default elementor-widget elementor-widget-icon\" data-id=\"9312760\" data-element_type=\"widget\" data-widget_type=\"icon.default\">\n\t\t\t\t<div class=\"elementor-widget-container\">\n\t\t\t\t\t\t\t<div class=\"elementor-icon-wrapper\">\n\t\t\t<div class=\"elementor-icon\">\n\t\t\t<svg aria-hidden=\"true\" class=\"e-font-icon-svg e-fas-quote-right\" viewbox=\"0 0 512 512\" xmlns=\"http:\/\/www.w3.org\/2000\/svg\"><path d=\"M464 32H336c-26.5 0-48 21.5-48 48v128c0 26.5 21.5 48 48 48h80v64c0 35.3-28.7 64-64 64h-8c-13.3 0-24 10.7-24 24v48c0 13.3 10.7 24 24 24h8c88.4 0 160-71.6 160-160V80c0-26.5-21.5-48-48-48zm-288 0H48C21.5 32 0 53.5 0 80v128c0 26.5 21.5 48 48 48h80v64c0 35.3-28.7 64-64 64h-8c-13.3 0-24 10.7-24 24v48c0 13.3 10.7 24 24 24h8c88.4 0 160-71.6 160-160V80c0-26.5-21.5-48-48-48z\"><\/path><\/svg>\t\t\t<\/div>\n\t\t<\/div>\n\t\t\t\t\t\t<\/div>\n\t\t\t\t<\/div>\n\t\t\t\t<div class=\"elementor-element elementor-element-6b10961 elementor-widget elementor-widget-heading\" data-id=\"6b10961\" data-element_type=\"widget\" data-widget_type=\"heading.default\">\n\t\t\t\t<div class=\"elementor-widget-container\">\n\t\t\t\t\t<p class=\"elementor-heading-title elementor-size-default\">Embeleze o seu ambiente com vitrais personalizados que transformam os espa\u00e7os com luz, formas e cores, criando pontos focais memor\u00e1veis.<\/p>\t\t\t\t<\/div>\n\t\t\t\t<\/div>\n\t\t\t\t<\/div>\n\t\t\t\t<\/div>\n\t\t<div class=\"elementor-element elementor-element-ae4a863 e-con-full e-flex e-con e-parent\" data-id=\"ae4a863\" data-element_type=\"container\">\n\t\t<div class=\"elementor-element elementor-element-413fc36 e-con-full e-flex e-con e-child\" data-id=\"413fc36\" data-element_type=\"container\">\n\t\t\t\t<div class=\"elementor-element elementor-element-2bfa942 elementor--h-position-center elementor--v-position-middle elementor-arrows-position-inside elementor-pagination-position-inside elementor-widget elementor-widget-slides\" data-id=\"2bfa942\" data-element_type=\"widget\" data-settings=\"{&quot;navigation&quot;:&quot;both&quot;,&quot;autoplay&quot;:&quot;yes&quot;,&quot;pause_on_hover&quot;:&quot;yes&quot;,&quot;pause_on_interaction&quot;:&quot;yes&quot;,&quot;autoplay_speed&quot;:5000,&quot;infinite&quot;:&quot;yes&quot;,&quot;transition&quot;:&quot;slide&quot;,&quot;transition_speed&quot;:500}\" data-widget_type=\"slides.default\">\n\t\t\t\t<div class=\"elementor-widget-container\">\n\t\t\t\t\t\t\t\t\t<div class=\"elementor-swiper\">\n\t\t\t\t\t<div class=\"elementor-slides-wrapper elementor-main-swiper swiper\" role=\"region\" aria-roledescription=\"carousel\" aria-label=\"Deslizamentos\" dir=\"ltr\" data-animation=\"fadeInUp\">\n\t\t\t\t<div class=\"swiper-wrapper elementor-slides\">\n\t\t\t\t\t\t\t\t\t\t<div class=\"elementor-repeater-item-4e90515 swiper-slide\" role=\"group\" aria-roledescription=\"slide\"><div class=\"swiper-slide-bg\" role=\"img\"><\/div><div class=\"swiper-slide-inner\" ><div class=\"swiper-slide-contents\"><\/div><\/div><\/div>\t\t\t\t<\/div>\n\t\t\t\t\t\t\t<\/div>\n\t\t\t\t<\/div>\n\t\t\t\t\t\t\t\t<\/div>\n\t\t\t\t<\/div>\n\t\t\t\t<\/div>\n\t\t\t\t<\/div>\n\t\t\t\t<\/div>","protected":false},"excerpt":{"rendered":"<p>In\u00edcio Meu nome \u00e9 Nat\u00e1lia e sou artista pl\u00e1stica especializada na cria\u00e7\u00e3o de vitrais artesanais. Vitrais Artesanais Minha paix\u00e3o pelo vidro nasceu da busca por uma linguagem art\u00edstica \u00fanica. Atrav\u00e9s da combina\u00e7\u00e3o de t\u00e9cnicas tradicionais e uma abordagem contempor\u00e2nea, crio pe\u00e7as que capturam a luz e transformam espa\u00e7os com cor [\u2026]<\/p>","protected":false},"author":1,"featured_media":0,"parent":0,"menu_order":0,"comment_status":"closed","ping_status":"closed","template":"","meta":{"site-sidebar-layout":"no-sidebar","site-content-layout":"page-builder","ast-site-content-layout":"full-width-container","site-content-style":"unboxed","site-sidebar-style":"unboxed","ast-global-header-display":"","ast-banner-title-visibility":"","ast-main-header-display":"","ast-hfb-above-header-display":"","ast-hfb-below-header-display":"","ast-hfb-mobile-header-display":"","site-post-title":"disabled","ast-breadcrumbs-content":"","ast-featured-img":"disabled","footer-sml-layout":"","ast-disable-related-posts":"","theme-transparent-header-meta":"","adv-header-id-meta":"","stick-header-meta":"","header-above-stick-meta":"","header-main-stick-meta":"","header-below-stick-meta":"","astra-migrate-meta-layouts":"set","ast-page-background-enabled":"default","ast-page-background-meta":{"desktop":{"background-color":"","background-image":"","background-repeat":"repeat","background-position":"center center","background-size":"auto","background-attachment":"scroll","background-type":"","background-media":"","overlay-type":"","overlay-color":"","overlay-opacity":"","overlay-gradient":""},"tablet":{"background-color":"","background-image":"","background-repeat":"repeat","background-position":"center center","background-size":"auto","background-attachment":"scroll","background-type":"","background-media":"","overlay-type":"","overlay-color":"","overlay-opacity":"","overlay-gradient":""},"mobile":{"background-color":"","background-image":"","background-repeat":"repeat","background-position":"center center","background-size":"auto","background-attachment":"scroll","background-type":"","background-media":"","overlay-type":"","overlay-color":"","overlay-opacity":"","overlay-gradient":""}},"ast-content-background-meta":{"desktop":{"background-color":"var(--ast-global-color-5)","background-image":"","background-repeat":"repeat","background-position":"center center","background-size":"auto","background-attachment":"scroll","background-type":"","background-media":"","overlay-type":"","overlay-color":"","overlay-opacity":"","overlay-gradient":""},"tablet":{"background-color":"var(--ast-global-color-5)","background-image":"","background-repeat":"repeat","background-position":"center center","background-size":"auto","background-attachment":"scroll","background-type":"","background-media":"","overlay-type":"","overlay-color":"","overlay-opacity":"","overlay-gradient":""},"mobile":{"background-color":"var(--ast-global-color-5)","background-image":"","background-repeat":"repeat","background-position":"center center","background-size":"auto","background-attachment":"scroll","background-type":"","background-media":"","overlay-type":"","overlay-color":"","overlay-opacity":"","overlay-gradient":""}},"footnotes":""},"class_list":["post-26","page","type-page","status-publish","hentry"],"_links":{"self":[{"href":"https:\/\/vitralesdametto.com\/pt\/wp-json\/wp\/v2\/pages\/26","targetHints":{"allow":["GET"]}}],"collection":[{"href":"https:\/\/vitralesdametto.com\/pt\/wp-json\/wp\/v2\/pages"}],"about":[{"href":"https:\/\/vitralesdametto.com\/pt\/wp-json\/wp\/v2\/types\/page"}],"author":[{"embeddable":true,"href":"https:\/\/vitralesdametto.com\/pt\/wp-json\/wp\/v2\/users\/1"}],"replies":[{"embeddable":true,"href":"https:\/\/vitralesdametto.com\/pt\/wp-json\/wp\/v2\/comments?post=26"}],"version-history":[{"count":49,"href":"https:\/\/vitralesdametto.com\/pt\/wp-json\/wp\/v2\/pages\/26\/revisions"}],"predecessor-version":[{"id":1514,"href":"https:\/\/vitralesdametto.com\/pt\/wp-json\/wp\/v2\/pages\/26\/revisions\/1514"}],"wp:attachment":[{"href":"https:\/\/vitralesdametto.com\/pt\/wp-json\/wp\/v2\/media?parent=26"}],"curies":[{"name":"wp","href":"https:\/\/api.w.org\/{rel}","templated":true}]}}