{"id":1224,"date":"2025-03-04T11:59:39","date_gmt":"2025-03-04T11:59:39","guid":{"rendered":"https:\/\/vitralesdametto.com\/?page_id=1224"},"modified":"2025-04-09T09:29:33","modified_gmt":"2025-04-09T09:29:33","slug":"politica-de-privacidad","status":"publish","type":"page","link":"https:\/\/vitralesdametto.com\/pt\/politica-de-privacidad\/","title":{"rendered":"Pol\u00edtica de privacidade"},"content":{"rendered":"<div data-elementor-type=\"wp-page\" data-elementor-id=\"1224\" class=\"elementor elementor-1224\" data-elementor-post-type=\"page\">\n\t\t\t\t<div class=\"elementor-element elementor-element-6e4f2cc e-flex e-con-boxed e-con e-parent\" data-id=\"6e4f2cc\" data-element_type=\"container\">\n\t\t\t\t\t<div class=\"e-con-inner\">\n\t\t\t\t<div class=\"elementor-element elementor-element-bff0d4d elementor-widget elementor-widget-heading\" data-id=\"bff0d4d\" data-element_type=\"widget\" data-widget_type=\"heading.default\">\n\t\t\t\t<div class=\"elementor-widget-container\">\n\t\t\t\t\t<h2 class=\"elementor-heading-title elementor-size-default\">Pol\u00edtica de privacidade<\/h2>\t\t\t\t<\/div>\n\t\t\t\t<\/div>\n\t\t\t\t<div class=\"elementor-element elementor-element-3c7cb95 elementor-widget elementor-widget-text-editor\" data-id=\"3c7cb95\" data-element_type=\"widget\" data-widget_type=\"text-editor.default\">\n\t\t\t\t<div class=\"elementor-widget-container\">\n\t\t\t\t\t\t\t\t\t<p><span style=\"font-weight: 400;\">A presente pol\u00edtica de privacidade, juntamente com as regras de participa\u00e7\u00e3o e o aviso legal, constituem o quadro jur\u00eddico que rege a utiliza\u00e7\u00e3o do s\u00edtio Web. <a href=\"https:\/\/vitralesdametto.com\/pt\/\"><strong>https:\/\/vitralesdametto.com<\/strong><\/a><\/span><span style=\"font-weight: 400;\">.<\/span><span style=\"font-weight: 400;\"> A presente Pol\u00edtica de Privacidade regula especificamente a utiliza\u00e7\u00e3o e o tratamento que A EMPRESA d\u00e1 aos seus dados pessoais enquanto utilizador do Site, uma vez que, ao aceder a este site, se torna utilizador do mesmo (doravante, o \"Utilizador\").<\/span><\/p><p><b>Este s\u00edtio Web \u00e9 propriedade de:<\/b><\/p><p><span style=\"text-align: var(--text-align); background-color: var(--ast-global-color-5); color: var(--ast-global-color-3); font-size: 1rem;\">Nat\u00e1lia Mosmann Dametto<\/span><span style=\"font-weight: 400;\">com sede social em\u00a0<\/span><span style=\"font-weight: bold;\">\u00a0<\/span>Carrer de la Ciutat de Granada 28, Barcelona<span style=\"font-weight: 400;\">\u00a0e n\u00famero de IVA:\u00a0<\/span>Z0265390K<span style=\"font-weight: 400;\">,<\/span><span style=\"font-weight: 400;\"> a seguir designada por \"EMPRESA\".<\/span><\/p><p><span style=\"font-weight: 400;\">\u00a0Esta Pol\u00edtica de Privacidade est\u00e1 dispon\u00edvel no S\u00edtio Web em catal\u00e3o para que a possa consultar, arquivar ou imprimir em qualquer altura. \u00c9 poss\u00edvel que se modifique com o tempo em consequ\u00eancia de altera\u00e7\u00f5es no S\u00edtio Web, de novos desenvolvimentos legislativos ou jurisprudenciais ou de novos crit\u00e9rios da Ag\u00eancia Espanhola de Prote\u00e7\u00e3o de Dados ou de novos regulamentos europeus que nos obriguem a fazer futuras modifica\u00e7\u00f5es. Por conseguinte, a EMPRESA reserva-se o direito de modificar a presente Pol\u00edtica de Privacidade e recomenda que o utilizador leia atentamente a Pol\u00edtica de Privacidade sempre que aceder ao S\u00edtio Web.<\/span><\/p><p><b>Confidencialidade<\/b><b><br \/><\/b><span style=\"font-weight: 400;\">A EMPRESA compromete-se a cumprir a sua obriga\u00e7\u00e3o de sigilo dos dados pessoais e o dever de os manter confidenciais e adopta as medidas necess\u00e1rias para evitar a sua altera\u00e7\u00e3o, perda, tratamento ou acesso n\u00e3o autorizado, tendo sempre em conta o estado da tecnologia.<\/span><\/p><p><b>Seguran\u00e7a dos dados<\/b><b><br \/><\/b><span style=\"font-weight: 400;\">A EMPRESA garante a ado\u00e7\u00e3o das medidas adequadas para assegurar o tratamento confidencial destes dados. Por conseguinte, implementou todas as medidas de seguran\u00e7a t\u00e9cnicas e organizativas necess\u00e1rias para garantir a integridade, confidencialidade e disponibilidade dos dados pessoais fornecidos pelo utilizador, em particular as estipuladas no RGDP (Regulamento Geral de Prote\u00e7\u00e3o de Dados - UE 2016) \/679, de 27 de abril), que alargou o \u00e2mbito de aplica\u00e7\u00e3o da Lei Org\u00e2nica 15\/1999, de 13 de dezembro, de Prote\u00e7\u00e3o de Dados de Car\u00e1cter Pessoal (LOPD) e do seu Regulamento de Desenvolvimento RD 1720\/2007.<\/span><\/p><p><b>Prote\u00e7\u00e3o dos dados pessoais<\/b><b><br \/><\/b><span style=\"font-weight: 400;\">Os dados pessoais fornecidos voluntariamente ser\u00e3o tratados de forma confidencial, sob a prote\u00e7\u00e3o e as especifica\u00e7\u00f5es contidas na regulamenta\u00e7\u00e3o em vigor, e ser\u00e3o recolhidos num ficheiro devidamente registado na Ag\u00eancia de Prote\u00e7\u00e3o de Dados, da responsabilidade da EMPRESA, e cuja finalidade \u00e9 a gest\u00e3o de utilizadores e assinantes, bem como a venda online de produtos e a resolu\u00e7\u00e3o de consultas.<\/span><\/p><p><span style=\"font-weight: 400;\">A base legal para o processamento de dados \u00e9 o consentimento do assinante. Tratamos os dados pessoais dos subscritores da newsletter com a \u00fanica finalidade de lhes enviar a nossa newsletter. Tratamos os dados pessoais dos utilizadores registados e dos assinantes pagantes com a \u00fanica finalidade de gerir a sua rela\u00e7\u00e3o com A EMPRESA, a cobran\u00e7a de taxas (quando aplic\u00e1vel), a organiza\u00e7\u00e3o de actividades e campanhas e o envio de informa\u00e7\u00f5es e comunica\u00e7\u00f5es comerciais (incluindo por meios electr\u00f3nicos).<\/span><\/p><p><span style=\"font-weight: 400;\">Os dados pessoais n\u00e3o ser\u00e3o comunicados a terceiros (exceto quando exigido por lei) e ser\u00e3o conservados durante um per\u00edodo de seis (6) anos, em conformidade com a regulamenta\u00e7\u00e3o contabil\u00edstica em vigor e, se for caso disso, durante dez (10) anos, em conformidade com a regulamenta\u00e7\u00e3o relativa \u00e0 preven\u00e7\u00e3o do branqueamento de capitais.<\/span><\/p><p><span style=\"font-weight: 400;\">O utilizador pode aceder aos dados pessoais, bem como solicitar a retifica\u00e7\u00e3o dos dados inexactos ou, se for caso disso, solicitar o seu cancelamento ou supress\u00e3o quando os dados j\u00e1 n\u00e3o forem necess\u00e1rios para os fins recolhidos. O utilizador pode ainda solicitar a limita\u00e7\u00e3o, a portabilidade e a oposi\u00e7\u00e3o ao tratamento dos seus dados, em determinadas circunst\u00e2ncias e por motivos relacionados com a sua situa\u00e7\u00e3o particular.<\/span><\/p><p><span style=\"font-weight: 400;\">O utilizador pode revogar o seu consentimento para receber comunica\u00e7\u00f5es comerciais e exercer os direitos acima referidos enviando uma mensagem de correio eletr\u00f3nico para o seguinte endere\u00e7o\u00a0<\/span><a href=\"mailto:oi.natdametto@gmail.com\" target=\"_blank\" rel=\"noopener\">para oi.natdametto@gmail.com<\/a>\u00a0<span style=\"font-weight: 400;\">ou por correio normal para a pessoa respons\u00e1vel pelo ficheiro situada na sede da EMPRESA, em ambos os casos com a refer\u00eancia: \"Prote\u00e7\u00e3o de Dados\", atrav\u00e9s de uma carta assinada para o efeito e anexando uma c\u00f3pia do seu bilhete de identidade ou passaporte.<\/span><\/p><p><b>Informa\u00e7\u00f5es sobre cookies<\/b><b><br \/><\/b><span style=\"font-weight: 400;\">O s\u00edtio Web utiliza cookies quando os utilizadores navegam nos seus s\u00edtios Web, a fim de facilitar a personaliza\u00e7\u00e3o e a comodidade da navega\u00e7\u00e3o.<\/span><\/p><p><span style=\"font-weight: 400;\">Um cookie \u00e9 uma informa\u00e7\u00e3o enviada de um servidor de p\u00e1ginas Web para um navegador que pode ser devolvida pelo navegador em acessos subsequentes a esse servidor. Os cookies est\u00e3o associados ao utilizador an\u00f3nimo e ao seu computador e n\u00e3o fornecem, por si s\u00f3, o nome ou apelido do utilizador.<\/span><\/p><p><span style=\"font-weight: 400;\">Os cookies do Google s\u00e3o utilizados neste s\u00edtio Web para apresentar an\u00fancios com base em visitas anteriores ao s\u00edtio Web ou a outros s\u00edtios Web que tamb\u00e9m apresentam an\u00fancios do Google. Os utilizadores podem optar por n\u00e3o serem seguidos por cookies de publicidade indo a:<\/span><a href=\"https:\/\/www.google.com\/settings\/ads\" target=\"_blank\" rel=\"noopener\"> <span style=\"font-weight: 400;\">https:\/\/www.google.com\/settings\/ads<\/span><\/a><\/p><p><b>Tipo de cookies<\/b><b><br \/><\/b><span style=\"font-weight: 400;\">Cookies de registo: Para identificar o utilizador que iniciou sess\u00e3o.<\/span><span style=\"font-weight: 400;\"><br \/><\/span><span style=\"font-weight: 400;\">Cookies de publicidade: Para oferecer conte\u00fados publicit\u00e1rios relacionados com os interesses do utilizador, diretamente ou atrav\u00e9s de terceiros denominados Adservers.<\/span><span style=\"font-weight: 400;\"><br \/><\/span><span style=\"font-weight: 400;\">Cookies anal\u00edticos: Para obter informa\u00e7\u00f5es relacionadas com a medi\u00e7\u00e3o de audi\u00eancias.<\/span><span style=\"font-weight: 400;\"><br \/><\/span><span style=\"font-weight: 400;\">Cookies de geo-localiza\u00e7\u00e3o: fornecem informa\u00e7\u00f5es sobre a localiza\u00e7\u00e3o geogr\u00e1fica do utilizador.<\/span><span style=\"font-weight: 400;\"><br \/><\/span><span style=\"font-weight: 400;\">O utilizador tem a possibilidade de configurar o seu navegador de modo a ser informado da rece\u00e7\u00e3o de cookies, com a possibilidade, se o desejar, de impedir a sua instala\u00e7\u00e3o no seu disco r\u00edgido. No entanto, a instala\u00e7\u00e3o de cookies n\u00e3o \u00e9 necess\u00e1ria para aceder ao s\u00edtio Web.<\/span><\/p><p><span style=\"font-weight: 400;\">Dependendo do tipo de browser que utiliza, pode desativar a utiliza\u00e7\u00e3o de cookies em:<\/span><\/p><p><span style=\"font-weight: 400;\">Chrome: Defini\u00e7\u00f5es &gt; Defini\u00e7\u00f5es avan\u00e7adas &gt; Privacidade e seguran\u00e7a &gt; Defini\u00e7\u00f5es de conte\u00fado<\/span><span style=\"font-weight: 400;\"><br \/><\/span><span style=\"font-weight: 400;\">Firefox: Op\u00e7\u00f5es &gt; Privacidade e seguran\u00e7a<\/span><span style=\"font-weight: 400;\"><br \/><\/span><span style=\"font-weight: 400;\">Edge: Defini\u00e7\u00f5es &gt; Defini\u00e7\u00f5es avan\u00e7adas &gt; Privacidade e servi\u00e7os<\/span><span style=\"font-weight: 400;\"><br \/><\/span><span style=\"font-weight: 400;\">Safari: Prefer\u00eancias &gt; Privacidade<\/span><\/p><p><b>LSSICE<\/b><b><br \/><\/b><span style=\"font-weight: 400;\">Informamos tamb\u00e9m que n\u00e3o utilizamos estes dados para enviar comunica\u00e7\u00f5es comerciais n\u00e3o solicitadas por correio eletr\u00f3nico ou que n\u00e3o tenham sido expressa e previamente autorizadas pelo interessado, tal como estipulado na LSSICE.<\/span><\/p><p><b>Comunica\u00e7\u00f5es<\/b><b><br \/><\/b><span style=\"font-weight: 400;\">Para efetuar qualquer notifica\u00e7\u00e3o relacionada com o presente contrato, a EMPRESA designa expressamente como endere\u00e7o aquele que aparece no presente texto e o utilizador designa expressamente como endere\u00e7o aquele que aparece no formul\u00e1rio de candidatura. Para levar a cabo a contrata\u00e7\u00e3o, o utilizador \u00e9 obrigado a manter operativo, ativo e atualizado o endere\u00e7o de correio eletr\u00f3nico (e-mail) fornecido para as comunica\u00e7\u00f5es com a EMPRESA, uma vez que constitui o meio preferencial de comunica\u00e7\u00e3o (embora n\u00e3o o \u00fanico). Em geral, o utilizador compromete-se e compromete-se a manter os seus dados pessoais e de contacto permanentemente actualizados; e deve comunicar, de forma fi\u00e1vel, qualquer altera\u00e7\u00e3o. Caso contr\u00e1rio, as notifica\u00e7\u00f5es enviadas para o endere\u00e7o indicado no formul\u00e1rio ser\u00e3o consideradas v\u00e1lidas.<\/span><\/p><p><b>Invalidade e inefic\u00e1cia das cl\u00e1usulas<\/b><b><br \/><\/b><span style=\"font-weight: 400;\">Se qualquer cl\u00e1usula da presente Pol\u00edtica de Privacidade, juntamente com a Pol\u00edtica de Privacidade e a Pol\u00edtica de Cookies, for declarada total ou parcialmente nula ou ineficaz, tal afectar\u00e1 apenas a disposi\u00e7\u00e3o ou parte da mesma que \u00e9 nula ou ineficaz, subsistindo o resto das condi\u00e7\u00f5es gerais em todos os outros aspectos e considerando-se n\u00e3o inclu\u00edda a disposi\u00e7\u00e3o ou parte da mesma que \u00e9 afetada, a menos que, se for essencial para estas condi\u00e7\u00f5es gerais, as afecte de forma integral.<\/span><\/p><p><b>Direito aplic\u00e1vel e jurisdi\u00e7\u00e3o<\/b><b><br \/><\/b><span style=\"font-weight: 400;\">Para a resolu\u00e7\u00e3o de todos os lit\u00edgios ou quest\u00f5es relacionadas com este s\u00edtio Web ou com as actividades que nele se desenvolvem, aplicar-se-\u00e1 em todos os casos a legisla\u00e7\u00e3o espanhola, \u00e0 qual as partes se submetem expressamente. O simples facto de utilizar os servi\u00e7os deste s\u00edtio Web pressup\u00f5e a aceita\u00e7\u00e3o expressa da referida aceita\u00e7\u00e3o da jurisdi\u00e7\u00e3o espanhola.<\/span><\/p><p><span style=\"font-weight: 400;\">Do mesmo modo, e com exce\u00e7\u00e3o do expresso no par\u00e1grafo seguinte, as partes intervenientes acordam que qualquer lit\u00edgio, discrep\u00e2ncia, quest\u00e3o ou reclama\u00e7\u00e3o resultante da execu\u00e7\u00e3o ou interpreta\u00e7\u00e3o das presentes condi\u00e7\u00f5es ou conexas, ou de outros textos que possam existir no s\u00edtio Web, ser\u00e1 resolvido definitivamente mediante a submiss\u00e3o aos Ju\u00edzos e Tribunais de Barcelona, com ren\u00fancia expressa a qualquer outro foro ou jurisdi\u00e7\u00e3o que possa ser competente.<\/span><\/p><p><span style=\"font-weight: 400;\">O par\u00e1grafo anterior n\u00e3o se aplica no caso de uma das partes ser um consumidor ou utilizador de acordo com a defini\u00e7\u00e3o do regulamento para a prote\u00e7\u00e3o dos Consumidores e Utilizadores (Real Decreto Legislativo 1\/2007, de 16 de novembro, que aprova o texto revisto da Lei Geral para a Defesa dos Consumidores e Utilizadores e outras leis complementares), caso em que (e para um conflito relacionado abrangido pela Lei) a posi\u00e7\u00e3o designada na referida legisla\u00e7\u00e3o seria aplicada preferencialmente.<\/span><\/p>\t\t\t\t\t\t\t\t<\/div>\n\t\t\t\t<\/div>\n\t\t\t\t\t<\/div>\n\t\t\t\t<\/div>\n\t\t\t\t<\/div>","protected":false},"excerpt":{"rendered":"<p>La presente Pol\u00edtica de Privacidad constituye junto con las Normas de participaci\u00f3n y el aviso legal el marco jur\u00eddico que regula el uso del sitio web https:\/\/vitralesdametto.com. La presente Pol\u00edtica de Privacidad en concreto regula el uso y tratamiento que LA EMPRESA da a sus datos de car\u00e1cter personal como usuario del Sitio web, ya [&hellip;]<\/p>","protected":false},"author":1,"featured_media":0,"parent":0,"menu_order":0,"comment_status":"closed","ping_status":"closed","template":"","meta":{"site-sidebar-layout":"no-sidebar","site-content-layout":"page-builder","ast-site-content-layout":"full-width-container","site-content-style":"default","site-sidebar-style":"default","ast-global-header-display":"","ast-banner-title-visibility":"","ast-main-header-display":"","ast-hfb-above-header-display":"","ast-hfb-below-header-display":"","ast-hfb-mobile-header-display":"","site-post-title":"disabled","ast-breadcrumbs-content":"","ast-featured-img":"disabled","footer-sml-layout":"","ast-disable-related-posts":"","theme-transparent-header-meta":"","adv-header-id-meta":"","stick-header-meta":"","header-above-stick-meta":"","header-main-stick-meta":"","header-below-stick-meta":"","astra-migrate-meta-layouts":"set","ast-page-background-enabled":"default","ast-page-background-meta":{"desktop":{"background-color":"","background-image":"","background-repeat":"repeat","background-position":"center center","background-size":"auto","background-attachment":"scroll","background-type":"","background-media":"","overlay-type":"","overlay-color":"","overlay-opacity":"","overlay-gradient":""},"tablet":{"background-color":"","background-image":"","background-repeat":"repeat","background-position":"center center","background-size":"auto","background-attachment":"scroll","background-type":"","background-media":"","overlay-type":"","overlay-color":"","overlay-opacity":"","overlay-gradient":""},"mobile":{"background-color":"","background-image":"","background-repeat":"repeat","background-position":"center center","background-size":"auto","background-attachment":"scroll","background-type":"","background-media":"","overlay-type":"","overlay-color":"","overlay-opacity":"","overlay-gradient":""}},"ast-content-background-meta":{"desktop":{"background-color":"var(--ast-global-color-5)","background-image":"","background-repeat":"repeat","background-position":"center center","background-size":"auto","background-attachment":"scroll","background-type":"","background-media":"","overlay-type":"","overlay-color":"","overlay-opacity":"","overlay-gradient":""},"tablet":{"background-color":"var(--ast-global-color-5)","background-image":"","background-repeat":"repeat","background-position":"center center","background-size":"auto","background-attachment":"scroll","background-type":"","background-media":"","overlay-type":"","overlay-color":"","overlay-opacity":"","overlay-gradient":""},"mobile":{"background-color":"var(--ast-global-color-5)","background-image":"","background-repeat":"repeat","background-position":"center center","background-size":"auto","background-attachment":"scroll","background-type":"","background-media":"","overlay-type":"","overlay-color":"","overlay-opacity":"","overlay-gradient":""}},"footnotes":""},"class_list":["post-1224","page","type-page","status-publish","hentry"],"_links":{"self":[{"href":"https:\/\/vitralesdametto.com\/pt\/wp-json\/wp\/v2\/pages\/1224","targetHints":{"allow":["GET"]}}],"collection":[{"href":"https:\/\/vitralesdametto.com\/pt\/wp-json\/wp\/v2\/pages"}],"about":[{"href":"https:\/\/vitralesdametto.com\/pt\/wp-json\/wp\/v2\/types\/page"}],"author":[{"embeddable":true,"href":"https:\/\/vitralesdametto.com\/pt\/wp-json\/wp\/v2\/users\/1"}],"replies":[{"embeddable":true,"href":"https:\/\/vitralesdametto.com\/pt\/wp-json\/wp\/v2\/comments?post=1224"}],"version-history":[{"count":4,"href":"https:\/\/vitralesdametto.com\/pt\/wp-json\/wp\/v2\/pages\/1224\/revisions"}],"predecessor-version":[{"id":1228,"href":"https:\/\/vitralesdametto.com\/pt\/wp-json\/wp\/v2\/pages\/1224\/revisions\/1228"}],"wp:attachment":[{"href":"https:\/\/vitralesdametto.com\/pt\/wp-json\/wp\/v2\/media?parent=1224"}],"curies":[{"name":"wp","href":"https:\/\/api.w.org\/{rel}","templated":true}]}}