{"id":1216,"date":"2025-03-04T11:57:14","date_gmt":"2025-03-04T11:57:14","guid":{"rendered":"https:\/\/vitralesdametto.com\/?page_id=1216"},"modified":"2025-04-09T09:29:20","modified_gmt":"2025-04-09T09:29:20","slug":"declaracion-de-accesibilidad","status":"publish","type":"page","link":"https:\/\/vitralesdametto.com\/pt\/declaracion-de-accesibilidad\/","title":{"rendered":"Declara\u00e7\u00e3o de acessibilidade"},"content":{"rendered":"<div data-elementor-type=\"wp-page\" data-elementor-id=\"1216\" class=\"elementor elementor-1216\" data-elementor-post-type=\"page\">\n\t\t\t\t<div class=\"elementor-element elementor-element-7afcabe e-flex e-con-boxed e-con e-parent\" data-id=\"7afcabe\" data-element_type=\"container\">\n\t\t\t\t\t<div class=\"e-con-inner\">\n\t\t\t\t<div class=\"elementor-element elementor-element-0d9cda0 elementor-widget elementor-widget-heading\" data-id=\"0d9cda0\" data-element_type=\"widget\" data-widget_type=\"heading.default\">\n\t\t\t\t<div class=\"elementor-widget-container\">\n\t\t\t\t\t<h2 class=\"elementor-heading-title elementor-size-default\">Declara\u00e7\u00e3o de acessibilidade<\/h2>\t\t\t\t<\/div>\n\t\t\t\t<\/div>\n\t\t\t\t<div class=\"elementor-element elementor-element-f22404b elementor-widget elementor-widget-text-editor\" data-id=\"f22404b\" data-element_type=\"widget\" data-widget_type=\"text-editor.default\">\n\t\t\t\t<div class=\"elementor-widget-container\">\n\t\t\t\t\t\t\t\t\t<p><span style=\"font-weight: 400;\">Comprometemo-nos a tornar o nosso s\u00edtio Web acess\u00edvel em conformidade com a <\/span><a href=\"https:\/\/www.boe.es\/buscar\/act.php?id=BOE-A-2018-12699\" target=\"_blank\" rel=\"noopener\"><span style=\"font-weight: 400;\">Decreto Real 1112\/2018 de 7 de setembro de 2018<\/span><\/a><span style=\"font-weight: 400;\">sobre a acessibilidade dos s\u00edtios Web e das aplica\u00e7\u00f5es m\u00f3veis do sector p\u00fablico (a seguir, Real Decreto 1112\/2018, de 7 de setembro).<\/span><\/p>\n<p><b>Estado de conformidade<\/b><\/p>\n<p><span style=\"font-weight: 400;\">Este s\u00edtio Web \u00e9 <\/span><b>parcialmente conforme<\/b><span style=\"font-weight: 400;\"> com o Real Decreto 1112\/2018, de 7 de setembro, devido ao incumprimento dos seguintes aspectos.<\/span><\/p>\n<p><b>Conte\u00fado n\u00e3o acess\u00edvel<\/b><\/p>\n<p><span style=\"font-weight: 400;\">O conte\u00fado abaixo n\u00e3o \u00e9 acess\u00edvel pelas seguintes raz\u00f5es:<\/span><\/p>\n<ol>\n<li style=\"font-weight: 400;\" aria-level=\"1\"><b>Encargos desproporcionados<\/b><span style=\"font-weight: 400;\">n\u00e3o aplic\u00e1vel.<\/span><\/li>\n<\/ol>\n<p><b>Prepara\u00e7\u00e3o da presente declara\u00e7\u00e3o de acessibilidade<\/b><\/p>\n<p><span style=\"font-weight: 400;\">Esta declara\u00e7\u00e3o foi elaborada por <\/span><span style=\"font-weight: 400;\">04 de mar\u00e7o de 2025<\/span><span style=\"font-weight: 400;\">.<\/span><\/p>\n<p><span style=\"font-weight: 400;\">O m\u00e9todo utilizado para preparar a declara\u00e7\u00e3o foi uma autoavalia\u00e7\u00e3o efectuada pela pr\u00f3pria ag\u00eancia.<\/span><\/p>\n<p><b>Observa\u00e7\u00f5es e contactos<\/b><\/p>\n<p><span style=\"font-weight: 400;\">Pode fazer comunica\u00e7\u00f5es sobre requisitos de acessibilidade (artigo 10.2.a) do Real Decreto 1112\/2018 de 7 de setembro) como, por exemplo:<\/span><\/p>\n<ul>\n<li style=\"font-weight: 400;\" aria-level=\"1\"><span style=\"font-weight: 400;\">Para comunicar qualquer eventual incumprimento por parte deste s\u00edtio Web.<\/span><\/li>\n<li style=\"font-weight: 400;\" aria-level=\"1\"><span style=\"font-weight: 400;\">Transmitir outras dificuldades de acesso aos conte\u00fados.<\/span><\/li>\n<li style=\"font-weight: 400;\" aria-level=\"1\"><span style=\"font-weight: 400;\">Para fazer qualquer outra consulta ou sugest\u00e3o de melhoria relativamente \u00e0 acessibilidade do s\u00edtio Web.<\/span><\/li>\n<\/ul>\n<p><span style=\"font-weight: 400;\">Atrav\u00e9s dos seguintes canais:<\/span><\/p>\n<ul>\n<li style=\"font-weight: 400;\" aria-level=\"1\"><span style=\"font-weight: 400;\">Correio eletr\u00f3nico:&nbsp;<\/span>oi.natdametto@gmail.com<\/li>\n<li style=\"font-weight: 400;\" aria-level=\"1\"><span style=\"font-weight: 400;\">Telefone:&nbsp;<\/span>+34 607 164 418<\/li>\n<\/ul>\n<p><span style=\"font-weight: 400;\">As comunica\u00e7\u00f5es ser\u00e3o recebidas e tratadas pela dire\u00e7\u00e3o da empresa, enquanto unidade respons\u00e1vel pelo conte\u00fado deste s\u00edtio Web.<\/span><\/p>\n<p><b>Conte\u00fado opcional<\/b><\/p>\n<p><span style=\"font-weight: 400;\">A vers\u00e3o atualmente vis\u00edvel deste s\u00edtio Web <\/span><span style=\"font-weight: 400;\">\u00e9 mar\u00e7o de 2025<\/span><span style=\"font-weight: 400;\">&nbsp;e, nessa data, o atual n\u00edvel de acessibilidade foi revisto.<\/span><\/p>\n<p><span style=\"font-weight: 400;\">A partir dessa data, s\u00e3o realizadas revis\u00f5es di\u00e1rias parciais de conte\u00fados web novos ou modificados, tanto dos modelos como das p\u00e1ginas e documentos finais publicados, a fim de garantir o cumprimento dos requisitos de acessibilidade da Norma UNE-EN 301549:2019, considerando as excep\u00e7\u00f5es do Real Decreto 1112\/2018, de 7 de setembro.<\/span><\/p>\n<p><span style=\"font-weight: 400;\">Entre outras, s\u00e3o tomadas as seguintes medidas para facilitar a acessibilidade:<\/span><\/p>\n<ul>\n<li style=\"font-weight: 400;\" aria-level=\"1\"><span style=\"font-weight: 400;\">Utiliza\u00e7\u00e3o de texto alternativo nas imagens<\/span><\/li>\n<li style=\"font-weight: 400;\" aria-level=\"1\"><span style=\"font-weight: 400;\">As liga\u00e7\u00f5es fornecem pormenores sobre a fun\u00e7\u00e3o ou o destino da hiperliga\u00e7\u00e3o.<\/span><\/li>\n<li style=\"font-weight: 400;\" aria-level=\"1\"><span style=\"font-weight: 400;\">Utiliza\u00e7\u00e3o das normas W3C: XHTML 1.0, CSS 3.0, WAI AA.<\/span><\/li>\n<\/ul>\t\t\t\t\t\t\t\t<\/div>\n\t\t\t\t<\/div>\n\t\t\t\t\t<\/div>\n\t\t\t\t<\/div>\n\t\t\t\t<\/div>","protected":false},"excerpt":{"rendered":"<p>Estamos comprometidos a hacer accesible nuestro sitio web de conformidad con el Real Decreto 1112\/2018, de 7 de septiembre, sobre accesibilidad de los sitios web y aplicaciones para dispositivos m\u00f3viles del sector p\u00fablico (en adelante, Real Decreto 1112\/2018, de 7 de septiembre). Situaci\u00f3n de cumplimiento Este sitio web es parcialmente conforme con el Real Decreto [&hellip;]<\/p>","protected":false},"author":1,"featured_media":0,"parent":0,"menu_order":0,"comment_status":"closed","ping_status":"closed","template":"","meta":{"site-sidebar-layout":"no-sidebar","site-content-layout":"page-builder","ast-site-content-layout":"full-width-container","site-content-style":"default","site-sidebar-style":"default","ast-global-header-display":"","ast-banner-title-visibility":"","ast-main-header-display":"","ast-hfb-above-header-display":"","ast-hfb-below-header-display":"","ast-hfb-mobile-header-display":"","site-post-title":"disabled","ast-breadcrumbs-content":"","ast-featured-img":"disabled","footer-sml-layout":"","ast-disable-related-posts":"","theme-transparent-header-meta":"","adv-header-id-meta":"","stick-header-meta":"","header-above-stick-meta":"","header-main-stick-meta":"","header-below-stick-meta":"","astra-migrate-meta-layouts":"set","ast-page-background-enabled":"default","ast-page-background-meta":{"desktop":{"background-color":"","background-image":"","background-repeat":"repeat","background-position":"center center","background-size":"auto","background-attachment":"scroll","background-type":"","background-media":"","overlay-type":"","overlay-color":"","overlay-opacity":"","overlay-gradient":""},"tablet":{"background-color":"","background-image":"","background-repeat":"repeat","background-position":"center center","background-size":"auto","background-attachment":"scroll","background-type":"","background-media":"","overlay-type":"","overlay-color":"","overlay-opacity":"","overlay-gradient":""},"mobile":{"background-color":"","background-image":"","background-repeat":"repeat","background-position":"center center","background-size":"auto","background-attachment":"scroll","background-type":"","background-media":"","overlay-type":"","overlay-color":"","overlay-opacity":"","overlay-gradient":""}},"ast-content-background-meta":{"desktop":{"background-color":"var(--ast-global-color-5)","background-image":"","background-repeat":"repeat","background-position":"center center","background-size":"auto","background-attachment":"scroll","background-type":"","background-media":"","overlay-type":"","overlay-color":"","overlay-opacity":"","overlay-gradient":""},"tablet":{"background-color":"var(--ast-global-color-5)","background-image":"","background-repeat":"repeat","background-position":"center center","background-size":"auto","background-attachment":"scroll","background-type":"","background-media":"","overlay-type":"","overlay-color":"","overlay-opacity":"","overlay-gradient":""},"mobile":{"background-color":"var(--ast-global-color-5)","background-image":"","background-repeat":"repeat","background-position":"center center","background-size":"auto","background-attachment":"scroll","background-type":"","background-media":"","overlay-type":"","overlay-color":"","overlay-opacity":"","overlay-gradient":""}},"footnotes":""},"class_list":["post-1216","page","type-page","status-publish","hentry"],"_links":{"self":[{"href":"https:\/\/vitralesdametto.com\/pt\/wp-json\/wp\/v2\/pages\/1216","targetHints":{"allow":["GET"]}}],"collection":[{"href":"https:\/\/vitralesdametto.com\/pt\/wp-json\/wp\/v2\/pages"}],"about":[{"href":"https:\/\/vitralesdametto.com\/pt\/wp-json\/wp\/v2\/types\/page"}],"author":[{"embeddable":true,"href":"https:\/\/vitralesdametto.com\/pt\/wp-json\/wp\/v2\/users\/1"}],"replies":[{"embeddable":true,"href":"https:\/\/vitralesdametto.com\/pt\/wp-json\/wp\/v2\/comments?post=1216"}],"version-history":[{"count":7,"href":"https:\/\/vitralesdametto.com\/pt\/wp-json\/wp\/v2\/pages\/1216\/revisions"}],"predecessor-version":[{"id":1223,"href":"https:\/\/vitralesdametto.com\/pt\/wp-json\/wp\/v2\/pages\/1216\/revisions\/1223"}],"wp:attachment":[{"href":"https:\/\/vitralesdametto.com\/pt\/wp-json\/wp\/v2\/media?parent=1216"}],"curies":[{"name":"wp","href":"https:\/\/api.w.org\/{rel}","templated":true}]}}