{"id":1211,"date":"2025-03-04T11:55:28","date_gmt":"2025-03-04T11:55:28","guid":{"rendered":"https:\/\/vitralesdametto.com\/?page_id=1211"},"modified":"2025-04-09T09:29:27","modified_gmt":"2025-04-09T09:29:27","slug":"politica-de-cookies","status":"publish","type":"page","link":"https:\/\/vitralesdametto.com\/pt\/politica-de-cookies\/","title":{"rendered":"Pol\u00edtica de cookies"},"content":{"rendered":"<div data-elementor-type=\"wp-page\" data-elementor-id=\"1211\" class=\"elementor elementor-1211\" data-elementor-post-type=\"page\">\n\t\t\t\t<div class=\"elementor-element elementor-element-ae5b997 e-flex e-con-boxed e-con e-parent\" data-id=\"ae5b997\" data-element_type=\"container\">\n\t\t\t\t\t<div class=\"e-con-inner\">\n\t\t\t\t<div class=\"elementor-element elementor-element-7f7af10 elementor-widget elementor-widget-heading\" data-id=\"7f7af10\" data-element_type=\"widget\" data-widget_type=\"heading.default\">\n\t\t\t\t<div class=\"elementor-widget-container\">\n\t\t\t\t\t<h2 class=\"elementor-heading-title elementor-size-default\">Pol\u00edtica de cookies<\/h2>\t\t\t\t<\/div>\n\t\t\t\t<\/div>\n\t\t\t\t<div class=\"elementor-element elementor-element-9bfe31c elementor-widget elementor-widget-text-editor\" data-id=\"9bfe31c\" data-element_type=\"widget\" data-widget_type=\"text-editor.default\">\n\t\t\t\t<div class=\"elementor-widget-container\">\n\t\t\t\t\t\t\t\t\t<p><b>O que s\u00e3o bolachas?<\/b><\/p><p><span style=\"font-weight: 400;\">Os cookies s\u00e3o pequenos ficheiros de dados que s\u00e3o recebidos no terminal a partir do s\u00edtio Web visitado e que s\u00e3o utilizados para registar determinadas intera\u00e7\u00f5es de navega\u00e7\u00e3o num s\u00edtio Web, armazenando dados que podem ser actualizados e recuperados. Estes ficheiros s\u00e3o armazenados no computador do utilizador e cont\u00eam dados an\u00f3nimos que n\u00e3o s\u00e3o prejudiciais para o computador do utilizador. S\u00e3o utilizados para recordar as prefer\u00eancias do utilizador, como a l\u00edngua selecionada, os dados de acesso ou a personaliza\u00e7\u00e3o da p\u00e1gina.<\/span><\/p><p><span style=\"font-weight: 400;\">\u00a0<\/span><\/p><p><span style=\"font-weight: 400;\">Os cookies tamb\u00e9m podem ser utilizados para registar informa\u00e7\u00f5es an\u00f3nimas sobre a forma como o visitante utiliza o s\u00edtio. Por exemplo, a partir de que p\u00e1gina Web o utilizador acedeu ao s\u00edtio ou se utilizou um banner publicit\u00e1rio para aceder ao mesmo.<\/span><\/p><p><span style=\"font-weight: 400;\">\u00a0<\/span><\/p><p><b>Porque \u00e9 que este s\u00edtio Web utiliza cookies?<\/b><\/p><p><span style=\"font-weight: 400;\">ESTE WEBSITE utiliza cookies estritamente necess\u00e1rios e indispens\u00e1veis para que o utilizador possa utilizar os nossos websites e circular livremente, utilizar \u00e1reas seguras, configurar op\u00e7\u00f5es personalizadas, etc. Tamb\u00e9m utiliza cookies que recolhem dados relativos \u00e0 an\u00e1lise da utiliza\u00e7\u00e3o do s\u00edtio Web. Estes s\u00e3o utilizados para ajudar a melhorar o servi\u00e7o para o utilizador, medindo a utiliza\u00e7\u00e3o e o desempenho da p\u00e1gina para a otimizar e personalizar.<\/span><\/p><p><span style=\"font-weight: 400;\">\u00a0<\/span><\/p><p><span style=\"font-weight: 400;\">Os nossos s\u00edtios tamb\u00e9m podem ter liga\u00e7\u00f5es a redes sociais (como o Facebook ou o Twitter). ESTE WEBSITE n\u00e3o controla os cookies utilizados por estes websites externos. Para mais informa\u00e7\u00f5es sobre os cookies das redes sociais ou de outros s\u00edtios Web externos, aconselhamos que consulte as suas pr\u00f3prias pol\u00edticas de cookies.<\/span><\/p><p><span style=\"font-weight: 400;\">\u00a0<\/span><\/p><p><b>Como \u00e9 que utilizamos os diferentes tipos de cookies?<\/b><\/p><p><b>De acordo com o seu objetivo:<\/b><\/p><p><span style=\"font-weight: 400;\">Cookies t\u00e9cnicos<\/span><\/p><p><span style=\"font-weight: 400;\">Os cookies s\u00e3o t\u00e9cnicas essenciais e estritamente necess\u00e1rias para o correto funcionamento de um portal web e para a utiliza\u00e7\u00e3o das diferentes op\u00e7\u00f5es e servi\u00e7os que oferece.<\/span><\/p><p><span style=\"font-weight: 400;\"><br \/><\/span><span style=\"font-weight: 400;\">Por exemplo, as que servem para manuten\u00e7\u00e3o de sess\u00f5es, gest\u00e3o de tempos de resposta, op\u00e7\u00f5es de desempenho ou valida\u00e7\u00e3o, utiliza\u00e7\u00e3o de elementos de seguran\u00e7a, partilha de conte\u00fados com redes sociais, etc.<\/span><\/p><p><span style=\"font-weight: 400;\">\u00a0<\/span><\/p><p><span style=\"font-weight: 400;\">Cookies de personaliza\u00e7\u00e3o<\/span><\/p><p><span style=\"font-weight: 400;\">Estes cookies permitem ao utilizador especificar ou personalizar algumas carater\u00edsticas das op\u00e7\u00f5es gerais do s\u00edtio Web. Por exemplo, para definir a l\u00edngua, a configura\u00e7\u00e3o regional ou o tipo de navegador.<\/span><\/p><p><span style=\"font-weight: 400;\">\u00a0<\/span><\/p><p><span style=\"font-weight: 400;\">Cookies anal\u00edticos<\/span><\/p><p><span style=\"font-weight: 400;\">Os cookies anal\u00edticos s\u00e3o os utilizados pelos nossos portais Web para criar perfis de navega\u00e7\u00e3o e conhecer as prefer\u00eancias dos utilizadores, a fim de melhorar a oferta de produtos e servi\u00e7os.<\/span><\/p><p><span style=\"font-weight: 400;\">\u00a0<\/span><\/p><p><span style=\"font-weight: 400;\">Por exemplo, um cookie anal\u00edtico pode ser utilizado para monitorizar as \u00e1reas geogr\u00e1ficas de maior interesse para um utilizador, qual o produto mais popular, etc.<\/span><\/p><p><span style=\"font-weight: 400;\">\u00a0<\/span><\/p><p><span style=\"font-weight: 400;\">Cookies de publicidade\/propaganda<\/span><\/p><p><span style=\"font-weight: 400;\">Os cookies publicit\u00e1rios permitem a gest\u00e3o dos espa\u00e7os publicit\u00e1rios em fun\u00e7\u00e3o de crit\u00e9rios espec\u00edficos. Por exemplo, frequ\u00eancia de acesso, conte\u00fado editado, etc.<\/span><\/p><p><span style=\"font-weight: 400;\">\u00a0<\/span><\/p><p><span style=\"font-weight: 400;\">Os cookies publicit\u00e1rios permitem, atrav\u00e9s da gest\u00e3o da publicidade, armazenar informa\u00e7\u00f5es comportamentais atrav\u00e9s da observa\u00e7\u00e3o de h\u00e1bitos, estudando os acessos e formando um perfil das prefer\u00eancias do utilizador, de modo a oferecer publicidade relacionada com os interesses do perfil do utilizador.<\/span><\/p><p><span style=\"font-weight: 400;\">\u00a0<\/span><\/p><p><b>De acordo com o prazo:<\/b><\/p><p><span style=\"font-weight: 400;\">Cookies de sess\u00e3o<\/span><\/p><p><span style=\"font-weight: 400;\">Os cookies de sess\u00e3o s\u00e3o aqueles que duram enquanto o utilizador navega no s\u00edtio Web e s\u00e3o eliminados quando o utilizador termina a navega\u00e7\u00e3o.<\/span><\/p><p><span style=\"font-weight: 400;\">\u00a0<\/span><\/p><p><span style=\"font-weight: 400;\">Cookies persistentes<\/span><\/p><p><span style=\"font-weight: 400;\">Estes cookies s\u00e3o armazenados no terminal do utilizador durante um per\u00edodo de tempo mais longo, facilitando o controlo das prefer\u00eancias escolhidas sem ter de repetir determinados par\u00e2metros cada vez que se visita o s\u00edtio Web.<\/span><\/p><p><span style=\"font-weight: 400;\">\u00a0<\/span><\/p><p><b>E se eu n\u00e3o quiser comer estas bolachas ou n\u00e3o fizer nada?<\/b><\/p><p><span style=\"font-weight: 400;\">Para cumprir a legisla\u00e7\u00e3o em vigor, temos de pedir a sua autoriza\u00e7\u00e3o para gerir os cookies. Se decidir n\u00e3o autorizar o tratamento, dizendo-nos que n\u00e3o concorda, utilizaremos apenas cookies t\u00e9cnicos, uma vez que s\u00e3o essenciais para a navega\u00e7\u00e3o no nosso s\u00edtio Web. Neste caso, n\u00e3o armazenaremos quaisquer cookies. Se continuar a navegar no nosso s\u00edtio Web sem recusar a autoriza\u00e7\u00e3o, isso implica que aceita a sua utiliza\u00e7\u00e3o.<\/span><\/p><p><span style=\"font-weight: 400;\">\u00a0<\/span><\/p><p><span style=\"font-weight: 400;\">Tenha em aten\u00e7\u00e3o que, se rejeitar ou apagar os cookies de navega\u00e7\u00e3o na Web, n\u00e3o poderemos manter as suas prefer\u00eancias, algumas funcionalidades das p\u00e1ginas n\u00e3o estar\u00e3o operacionais, n\u00e3o poderemos oferecer-lhe servi\u00e7os personalizados e, sempre que navegar no nosso s\u00edtio Web, teremos de lhe pedir novamente autoriza\u00e7\u00e3o para utilizar cookies.<\/span><\/p><p><span style=\"font-weight: 400;\">\u00a0<\/span><\/p><p><span style=\"font-weight: 400;\">No entanto, se decidir modificar a configura\u00e7\u00e3o do seu acesso ao s\u00edtio Web, deve saber que pode apagar os cookies ou impedir que estas informa\u00e7\u00f5es sejam registadas no seu computador em qualquer momento, modificando os par\u00e2metros de configura\u00e7\u00e3o do seu navegador:<\/span><\/p><p><span style=\"font-weight: 400;\">\u00a0<\/span><\/p><ul><li style=\"font-weight: 400;\" aria-level=\"1\"><a href=\"https:\/\/windows.microsoft.com\/es-es\/windows-vista\/block-or-allow-cookies\" target=\"_blank\" rel=\"noopener\"><span style=\"font-weight: 400;\">Configura\u00e7\u00e3o de <\/span><i><span style=\"font-weight: 400;\">biscoitos<\/span><\/i><span style=\"font-weight: 400;\"> do Internet Explorer<\/span><\/a><\/li><li style=\"font-weight: 400;\" aria-level=\"1\"><a href=\"https:\/\/support.mozilla.org\/ca\/kb\/enable-and-disable-cookies-website-preferences\" target=\"_blank\" rel=\"noopener\"><span style=\"font-weight: 400;\">Configura\u00e7\u00e3o de <\/span><i><span style=\"font-weight: 400;\">biscoitos<\/span><\/i><span style=\"font-weight: 400;\"> do Firefox<\/span><\/a><\/li><li style=\"font-weight: 400;\" aria-level=\"1\"><a href=\"https:\/\/support.google.com\/chrome\/answer\/95647?hl=ca\" target=\"_blank\" rel=\"noopener\"><span style=\"font-weight: 400;\">Configura\u00e7\u00e3o de <\/span><i><span style=\"font-weight: 400;\">biscoitos<\/span><\/i><span style=\"font-weight: 400;\"> do Google Chrome<\/span><\/a><\/li><li style=\"font-weight: 400;\" aria-level=\"1\"><a href=\"https:\/\/support.apple.com\/kb\/HT1677?viewlocale=es_ES&amp;locale=es_ES\" target=\"_blank\" rel=\"noopener\"><span style=\"font-weight: 400;\">Configura\u00e7\u00e3o de <\/span><i><span style=\"font-weight: 400;\">biscoitos<\/span><\/i><span style=\"font-weight: 400;\"> do Safari<\/span><\/a><\/li><\/ul><p><span style=\"font-weight: 400;\">\u00a0<\/span><\/p><p><span style=\"font-weight: 400;\">Estes navegadores est\u00e3o sujeitos a actualiza\u00e7\u00f5es ou modifica\u00e7\u00f5es, pelo que n\u00e3o podemos garantir que sejam totalmente compat\u00edveis com a vers\u00e3o do seu navegador. Tamb\u00e9m pode estar a utilizar outro navegador n\u00e3o abrangido por estas liga\u00e7\u00f5es, como o Konqueror, Arora, Flock, etc.<\/span><\/p><p><span style=\"font-weight: 400;\">\u00a0<\/span><\/p><p><span style=\"font-weight: 400;\">Para evitar estas incompatibilidades, pode aceder-lhes diretamente a partir das op\u00e7\u00f5es do seu browser, que se encontram normalmente no menu Op\u00e7\u00f5es, na sec\u00e7\u00e3o \"Privacidade\". (Para mais informa\u00e7\u00f5es, consulte a ajuda do seu navegador).<\/span><\/p><p><span style=\"font-weight: 400;\">\u00a0<\/span><\/p><p><b>Os dados recolhidos nos cookies s\u00e3o utilizados noutros s\u00edtios Web que n\u00e3o ESTE WEBSITE?<\/b><\/p><p><span style=\"font-weight: 400;\">Alguns dos nossos cookies s\u00e3o utilizados para gerar publicidade em redes de terceiros ou para efetuar an\u00e1lises para as quais utilizamos ferramentas externas a ESTE WEBSITE. Os cookies utilizados s\u00e3o para uso exclusivo do banco e do seu grupo de empresas, que em caso algum os comercializa.<\/span><\/p><p><span style=\"font-weight: 400;\">Nesta WEB, trabalhamos com fornecedores fi\u00e1veis que nos ajudam na gest\u00e3o e personaliza\u00e7\u00e3o das nossas p\u00e1ginas Web.<\/span><\/p><p><span style=\"font-weight: 400;\">\u00a0<\/span><\/p><p><b>O que significam as informa\u00e7\u00f5es acima?<\/b><\/p><p><span style=\"font-weight: 400;\">Se aceitar os nossos cookies, permite-nos melhorar os s\u00edtios WEB da ESTA para lhe oferecer um acesso optimizado e para lhe prestar um servi\u00e7o mais eficaz e personalizado.<\/span><\/p><p><span style=\"font-weight: 400;\">\u00a0<\/span><\/p><p><span style=\"font-weight: 400;\">Al\u00e9m disso, pode configurar o seu browser para que apenas os s\u00edtios ou p\u00e1ginas de confian\u00e7a em que est\u00e1 a navegar possam gerir cookies, permitindo-lhe selecionar as suas prefer\u00eancias.<\/span><\/p><p><span style=\"font-weight: 400;\">\u00a0<\/span><\/p><p><span style=\"font-weight: 400;\">Com esta pol\u00edtica, ESTE S\u00cdTIO WEB demonstra o seu compromisso com a legisla\u00e7\u00e3o vigente sobre a utiliza\u00e7\u00e3o de cookies, proporcionando-lhe informa\u00e7\u00e3o para que possa compreender que tipo de cookies utilizamos e porque o fazemos. Desta forma, pretendemos proporcionar-lhe transpar\u00eancia em rela\u00e7\u00e3o aos dados tratados durante a navega\u00e7\u00e3o efectuada a partir do seu computador no nosso s\u00edtio Web.<\/span><\/p><p><span style=\"font-weight: 400;\">Esta pol\u00edtica \u00e9 revista periodicamente para garantir a sua atualidade e pode sofrer altera\u00e7\u00f5es. Recomendamos que visite o s\u00edtio regularmente, onde o informaremos de quaisquer actualiza\u00e7\u00f5es.<\/span><\/p><p><span style=\"font-weight: 400;\">\u00a0<\/span><\/p><p><b>Onde posso obter mais informa\u00e7\u00f5es?<\/b><\/p><p><span style=\"font-weight: 400;\">Se precisar de mais informa\u00e7\u00f5es sobre a diretiva relativa aos cookies, consulte o Boletim Oficial do Estado publicado em 31 de mar\u00e7o de 2012 (para Espanha), que transp\u00f5e as diretivas relativas \u00e0s comunica\u00e7\u00f5es electr\u00f3nicas. Tamb\u00e9m pode consultar a diretiva em<\/span><a href=\"https:\/\/ico.org.uk\/\" target=\"_blank\" rel=\"noopener\"> <span style=\"font-weight: 400;\">Gabinete do Comiss\u00e1rio da Informa\u00e7\u00e3o<\/span><\/a><span style=\"font-weight: 400;\"> (em ingl\u00eas).<\/span><\/p><p><span style=\"font-weight: 400;\">\u00a0<\/span><\/p><p><span style=\"font-weight: 400;\">Al\u00e9m disso, pode aceder a alguns v\u00eddeos educativos publicados pela Ag\u00eancia Espanhola de Prote\u00e7\u00e3o de Dados que explicam, passo a passo, como configurar as op\u00e7\u00f5es de privacidade dos navegadores mais comuns, das redes sociais e dos sistemas operativos m\u00f3veis, em<\/span><a href=\"https:\/\/www.youtube.com\/user\/desdelaAEPD\" target=\"_blank\" rel=\"noopener\"> <span style=\"font-weight: 400;\">V\u00eddeos da AEPD<\/span><\/a><span style=\"font-weight: 400;\">.<\/span><\/p>\t\t\t\t\t\t\t\t<\/div>\n\t\t\t\t<\/div>\n\t\t\t\t\t<\/div>\n\t\t\t\t<\/div>\n\t\t\t\t<\/div>","protected":false},"excerpt":{"rendered":"<p>\u00bfQu\u00e9 son las cookies? Las cookies son peque\u00f1os archivos de datos que se reciben en el terminal desde el sitio web visitado y se usan para registrar ciertas interacciones de la navegaci\u00f3n en un sitio web almacenando datos que podr\u00e1n ser actualizados y recuperados. Estos archivos se almacenan en el ordenador del usuario y contienen [&hellip;]<\/p>","protected":false},"author":1,"featured_media":0,"parent":0,"menu_order":0,"comment_status":"closed","ping_status":"closed","template":"","meta":{"site-sidebar-layout":"no-sidebar","site-content-layout":"page-builder","ast-site-content-layout":"full-width-container","site-content-style":"default","site-sidebar-style":"default","ast-global-header-display":"","ast-banner-title-visibility":"","ast-main-header-display":"","ast-hfb-above-header-display":"","ast-hfb-below-header-display":"","ast-hfb-mobile-header-display":"","site-post-title":"disabled","ast-breadcrumbs-content":"","ast-featured-img":"disabled","footer-sml-layout":"","ast-disable-related-posts":"","theme-transparent-header-meta":"","adv-header-id-meta":"","stick-header-meta":"","header-above-stick-meta":"","header-main-stick-meta":"","header-below-stick-meta":"","astra-migrate-meta-layouts":"set","ast-page-background-enabled":"default","ast-page-background-meta":{"desktop":{"background-color":"","background-image":"","background-repeat":"repeat","background-position":"center center","background-size":"auto","background-attachment":"scroll","background-type":"","background-media":"","overlay-type":"","overlay-color":"","overlay-opacity":"","overlay-gradient":""},"tablet":{"background-color":"","background-image":"","background-repeat":"repeat","background-position":"center center","background-size":"auto","background-attachment":"scroll","background-type":"","background-media":"","overlay-type":"","overlay-color":"","overlay-opacity":"","overlay-gradient":""},"mobile":{"background-color":"","background-image":"","background-repeat":"repeat","background-position":"center center","background-size":"auto","background-attachment":"scroll","background-type":"","background-media":"","overlay-type":"","overlay-color":"","overlay-opacity":"","overlay-gradient":""}},"ast-content-background-meta":{"desktop":{"background-color":"var(--ast-global-color-5)","background-image":"","background-repeat":"repeat","background-position":"center center","background-size":"auto","background-attachment":"scroll","background-type":"","background-media":"","overlay-type":"","overlay-color":"","overlay-opacity":"","overlay-gradient":""},"tablet":{"background-color":"var(--ast-global-color-5)","background-image":"","background-repeat":"repeat","background-position":"center center","background-size":"auto","background-attachment":"scroll","background-type":"","background-media":"","overlay-type":"","overlay-color":"","overlay-opacity":"","overlay-gradient":""},"mobile":{"background-color":"var(--ast-global-color-5)","background-image":"","background-repeat":"repeat","background-position":"center center","background-size":"auto","background-attachment":"scroll","background-type":"","background-media":"","overlay-type":"","overlay-color":"","overlay-opacity":"","overlay-gradient":""}},"footnotes":""},"class_list":["post-1211","page","type-page","status-publish","hentry"],"_links":{"self":[{"href":"https:\/\/vitralesdametto.com\/pt\/wp-json\/wp\/v2\/pages\/1211","targetHints":{"allow":["GET"]}}],"collection":[{"href":"https:\/\/vitralesdametto.com\/pt\/wp-json\/wp\/v2\/pages"}],"about":[{"href":"https:\/\/vitralesdametto.com\/pt\/wp-json\/wp\/v2\/types\/page"}],"author":[{"embeddable":true,"href":"https:\/\/vitralesdametto.com\/pt\/wp-json\/wp\/v2\/users\/1"}],"replies":[{"embeddable":true,"href":"https:\/\/vitralesdametto.com\/pt\/wp-json\/wp\/v2\/comments?post=1211"}],"version-history":[{"count":4,"href":"https:\/\/vitralesdametto.com\/pt\/wp-json\/wp\/v2\/pages\/1211\/revisions"}],"predecessor-version":[{"id":1215,"href":"https:\/\/vitralesdametto.com\/pt\/wp-json\/wp\/v2\/pages\/1211\/revisions\/1215"}],"wp:attachment":[{"href":"https:\/\/vitralesdametto.com\/pt\/wp-json\/wp\/v2\/media?parent=1211"}],"curies":[{"name":"wp","href":"https:\/\/api.w.org\/{rel}","templated":true}]}}