{"id":1224,"date":"2025-03-04T11:59:39","date_gmt":"2025-03-04T11:59:39","guid":{"rendered":"https:\/\/vitralesdametto.com\/?page_id=1224"},"modified":"2025-04-09T09:29:33","modified_gmt":"2025-04-09T09:29:33","slug":"politica-de-privacidad","status":"publish","type":"page","link":"https:\/\/vitralesdametto.com\/it\/politica-de-privacidad\/","title":{"rendered":"Informativa sulla privacy"},"content":{"rendered":"<div data-elementor-type=\"wp-page\" data-elementor-id=\"1224\" class=\"elementor elementor-1224\" data-elementor-post-type=\"page\">\n\t\t\t\t<div class=\"elementor-element elementor-element-6e4f2cc e-flex e-con-boxed e-con e-parent\" data-id=\"6e4f2cc\" data-element_type=\"container\">\n\t\t\t\t\t<div class=\"e-con-inner\">\n\t\t\t\t<div class=\"elementor-element elementor-element-bff0d4d elementor-widget elementor-widget-heading\" data-id=\"bff0d4d\" data-element_type=\"widget\" data-widget_type=\"heading.default\">\n\t\t\t\t<div class=\"elementor-widget-container\">\n\t\t\t\t\t<h2 class=\"elementor-heading-title elementor-size-default\">Informativa sulla privacy<\/h2>\t\t\t\t<\/div>\n\t\t\t\t<\/div>\n\t\t\t\t<div class=\"elementor-element elementor-element-3c7cb95 elementor-widget elementor-widget-text-editor\" data-id=\"3c7cb95\" data-element_type=\"widget\" data-widget_type=\"text-editor.default\">\n\t\t\t\t<div class=\"elementor-widget-container\">\n\t\t\t\t\t\t\t\t\t<p><span style=\"font-weight: 400;\">La presente Informativa sulla privacy, insieme al Regolamento di partecipazione e all'Avviso legale, costituisce il quadro giuridico che regola l'utilizzo del sito web. <a href=\"https:\/\/vitralesdametto.com\/it\/\"><strong>https:\/\/vitralesdametto.com<\/strong><\/a><\/span><span style=\"font-weight: 400;\">.<\/span><span style=\"font-weight: 400;\"> La presente Informativa sulla privacy regola specificamente l'uso e il trattamento che LA SOCIET\u00c0 fa dei dati personali dell'utente in qualit\u00e0 di utente del sito web, poich\u00e9 accedendo a questo sito web l'utente diventa un utente di questo sito web (di seguito, l'\"Utente\").<\/span><\/p><p><b>Questo sito web \u00e8 di propriet\u00e0 di:<\/b><\/p><p><span style=\"text-align: var(--text-align); background-color: var(--ast-global-color-5); color: var(--ast-global-color-3); font-size: 1rem;\">Nat\u00e1lia Mosmann Dametto<\/span><span style=\"font-weight: 400;\">con sede legale in\u00a0<\/span><span style=\"font-weight: bold;\">\u00a0<\/span>Carrer de la Ciutat de Granada 28, Barcellona<span style=\"font-weight: 400;\">\u00a0e numero di partita IVA:\u00a0<\/span>Z0265390K<span style=\"font-weight: 400;\">,<\/span><span style=\"font-weight: 400;\"> di seguito denominata SOCIET\u00c0.<\/span><\/p><p><span style=\"font-weight: 400;\">\u00a0La presente Informativa sulla privacy \u00e8 disponibile sul Sito web in lingua catalana, in modo che l'utente possa consultarla, archiviarla o stamparla in qualsiasi momento. \u00c8 possibile che essa cambi nel tempo a seguito di modifiche al Sito Web, di nuovi sviluppi legislativi o giurisprudenziali o di nuovi criteri dell'Agenzia spagnola per la protezione dei dati o di nuove normative europee che ci impongano di apportare modifiche future. Pertanto, la SOCIET\u00c0 si riserva il diritto di modificare la presente Informativa sulla privacy e raccomanda all'utente di leggere attentamente l'Informativa sulla privacy ogni volta che accede al Sito web.<\/span><\/p><p><b>Riservatezza<\/b><b><br \/><\/b><span style=\"font-weight: 400;\">L'AZIENDA si impegna a rispettare l'obbligo di segretezza dei dati personali e il dovere di mantenerli riservati e adotta le misure necessarie per evitarne l'alterazione, la perdita, l'elaborazione o l'accesso non autorizzato, tenendo conto in ogni momento dello stato della tecnologia.<\/span><\/p><p><b>Sicurezza dei dati<\/b><b><br \/><\/b><span style=\"font-weight: 400;\">LA SOCIET\u00c0 garantisce l'adozione delle misure appropriate per assicurare il trattamento riservato di questi dati. Pertanto, ha implementato tutte le misure di sicurezza tecniche e organizzative necessarie per garantire l'integrit\u00e0, la riservatezza e la disponibilit\u00e0 dei dati personali forniti dall'utente, in particolare quelle previste dal RGDP (Regolamento Generale sulla Protezione dei Dati - UE 2016) \/679, del 27 aprile), che ha esteso il campo di applicazione della Legge Organica 15\/1999, del 13 dicembre, sulla Protezione dei Dati Personali (LOPD) e del suo Regolamento di Sviluppo RD 1720\/2007.<\/span><\/p><p><b>Protezione dei dati personali<\/b><b><br \/><\/b><span style=\"font-weight: 400;\">I dati personali forniti volontariamente saranno trattati con riservatezza, sotto la tutela e le specifiche contenute nella normativa vigente, e saranno raccolti in un archivio debitamente registrato presso l'Agenzia per la protezione dei dati, di cui LA SOCIET\u00c0 \u00e8 responsabile, e il cui scopo \u00e8 la gestione degli utenti e degli abbonati, nonch\u00e9 la vendita online di prodotti e la risoluzione di quesiti.<\/span><\/p><p><span style=\"font-weight: 400;\">La base giuridica del trattamento dei dati \u00e8 il consenso dell'abbonato. Trattiamo i dati personali degli iscritti alla newsletter al solo scopo di inviare loro la nostra newsletter. Trattiamo i dati personali degli utenti registrati e degli abbonati paganti al solo scopo di gestire il loro rapporto con LA SOCIET\u00c0, la riscossione delle quote (ove applicabile), l'organizzazione di attivit\u00e0 e campagne e l'invio di informazioni e comunicazioni commerciali (anche per via elettronica).<\/span><\/p><p><span style=\"font-weight: 400;\">I dati personali non saranno comunicati a terzi (salvo i casi previsti dalla legge) e saranno conservati per un periodo di sei (6) anni in conformit\u00e0 alle norme contabili vigenti e, ove applicabile, per dieci (10) anni in conformit\u00e0 alle norme sulla prevenzione del riciclaggio di denaro.<\/span><\/p><p><span style=\"font-weight: 400;\">L'utente pu\u00f2 accedere ai dati personali, nonch\u00e9 richiedere la rettifica dei dati inesatti o, se del caso, richiedere la cancellazione o l'eliminazione quando i dati non sono pi\u00f9 necessari per le finalit\u00e0 raccolte. L'utente pu\u00f2 inoltre richiedere la limitazione, la portabilit\u00e0 e l'opposizione al trattamento dei propri dati, in determinate circostanze e per motivi legati alla propria situazione particolare.<\/span><\/p><p><span style=\"font-weight: 400;\">L'utente pu\u00f2 revocare il proprio consenso a ricevere comunicazioni commerciali ed esercitare i diritti di cui sopra inviando un'e-mail al seguente indirizzo\u00a0<\/span><a href=\"mailto:oi.natdametto@gmail.com\" target=\"_blank\" rel=\"noopener\">a oi.natdametto@gmail.com<\/a>\u00a0<span style=\"font-weight: 400;\">o per posta ordinaria al responsabile del fascicolo situato presso la sede legale della SOCIET\u00c0, in entrambi i casi con il riferimento: \"Protezione dei dati\", mediante una lettera firmata a tal fine e allegando una copia della carta d'identit\u00e0 o del passaporto.<\/span><\/p><p><b>Informazioni sui cookie<\/b><b><br \/><\/b><span style=\"font-weight: 400;\">Il sito web utilizza i cookie quando gli utenti navigano sui suoi siti web per facilitare la personalizzazione e la comodit\u00e0 della navigazione.<\/span><\/p><p><span style=\"font-weight: 400;\">Un cookie \u00e8 un'informazione inviata dal server di una pagina web a un browser che pu\u00f2 essere restituita dal browser in occasione di successivi accessi al server stesso. I cookie sono associati all'utente anonimo e al suo computer e non forniscono di per s\u00e9 il nome o il cognome dell'utente.<\/span><\/p><p><span style=\"font-weight: 400;\">Su questo sito web vengono utilizzati i cookie di Google per pubblicare annunci in base alle visite precedenti al sito web o ad altri siti web che pubblicano anche annunci di Google. Gli utenti possono scegliere di non essere tracciati dai cookie pubblicitari andando su:<\/span><a href=\"https:\/\/www.google.com\/settings\/ads\" target=\"_blank\" rel=\"noopener\"> <span style=\"font-weight: 400;\">https:\/\/www.google.com\/settings\/ads<\/span><\/a><\/p><p><b>Tipo di cookie<\/b><b><br \/><\/b><span style=\"font-weight: 400;\">Cookie di registrazione: per identificare l'utente che ha effettuato l'accesso.<\/span><span style=\"font-weight: 400;\"><br \/><\/span><span style=\"font-weight: 400;\">Cookie pubblicitari: per offrire contenuti pubblicitari legati agli interessi dell'utente, direttamente o tramite terze parti chiamate Adserver.<\/span><span style=\"font-weight: 400;\"><br \/><\/span><span style=\"font-weight: 400;\">Cookie analitici: per ottenere informazioni relative alla misurazione dell'audience.<\/span><span style=\"font-weight: 400;\"><br \/><\/span><span style=\"font-weight: 400;\">Cookie di geo-localizzazione: forniscono informazioni sulla posizione geografica dell'utente.<\/span><span style=\"font-weight: 400;\"><br \/><\/span><span style=\"font-weight: 400;\">L'utente ha la possibilit\u00e0 di configurare il proprio browser in modo da essere informato della ricezione dei cookie, con la possibilit\u00e0, se lo desidera, di impedirne l'installazione sul proprio disco rigido. Tuttavia, l'installazione dei cookie non \u00e8 necessaria per accedere al sito web.<\/span><\/p><p><span style=\"font-weight: 400;\">A seconda del tipo di browser utilizzato, \u00e8 possibile disattivare l'uso dei cookie in:<\/span><\/p><p><span style=\"font-weight: 400;\">Chrome: Impostazioni &gt; Impostazioni avanzate &gt; Privacy e sicurezza &gt; Impostazioni contenuti<\/span><span style=\"font-weight: 400;\"><br \/><\/span><span style=\"font-weight: 400;\">Firefox: Opzioni &gt; Privacy e sicurezza<\/span><span style=\"font-weight: 400;\"><br \/><\/span><span style=\"font-weight: 400;\">Edge: Impostazioni &gt; Impostazioni avanzate &gt; Privacy e servizi<\/span><span style=\"font-weight: 400;\"><br \/><\/span><span style=\"font-weight: 400;\">Safari: Preferenze &gt; Privacy<\/span><\/p><p><b>LSSICE<\/b><b><br \/><\/b><span style=\"font-weight: 400;\">Vi informiamo inoltre che non utilizziamo questi dati per inviare comunicazioni commerciali non richieste via e-mail o non espressamente e preventivamente autorizzate dall'interessato, come previsto dalla LSSICE.<\/span><\/p><p><b>Comunicazioni<\/b><b><br \/><\/b><span style=\"font-weight: 400;\">Per effettuare qualsiasi comunicazione in relazione al presente contratto, la SOCIET\u00c0 designa espressamente come indirizzo quello che compare nel presente testo e l'utente designa espressamente come indirizzo quello che compare nel modulo di iscrizione. Per l'esecuzione del contratto, l'utente \u00e8 tenuto a mantenere operativo, attivo e aggiornato l'indirizzo di posta elettronica (e-mail) fornito per le comunicazioni con la SOCIET\u00c0, in quanto costituisce il mezzo di comunicazione preferenziale (anche se non l'unico). In generale, l'utente si impegna e si impegna a mantenere costantemente aggiornati i propri dati anagrafici e di contatto; e deve comunicare, in modo affidabile, ogni variazione. In caso contrario, le notifiche inviate all'indirizzo indicato nel modulo saranno considerate valide.<\/span><\/p><p><b>Invalidit\u00e0 e inefficacia delle clausole<\/b><b><br \/><\/b><span style=\"font-weight: 400;\">Qualora una clausola della presente Informativa sulla privacy, unitamente all'Informativa sulla privacy e all'Informativa sui cookie, venga dichiarata totalmente o parzialmente nulla o inefficace, ci\u00f2 avr\u00e0 effetto solo su quella disposizione o parte di essa che \u00e8 nulla o inefficace, mentre il resto delle condizioni generali sussiste in tutti gli altri aspetti e la disposizione o parte di essa che \u00e8 stata colpita si considera non inclusa, a meno che, se \u00e8 essenziale per le presenti condizioni generali, non le riguardi in modo integrale.<\/span><\/p><p><b>Legge applicabile e giurisdizione<\/b><b><br \/><\/b><span style=\"font-weight: 400;\">Per la risoluzione di tutte le controversie o questioni relative a questo sito web o alle attivit\u00e0 che vengono svolte, si applica in tutti i casi la legislazione spagnola, alla quale le parti si sottopongono espressamente. Il semplice fatto di utilizzare i servizi di questo sito web presuppone l'accettazione esplicita di tale accettazione della giurisdizione spagnola.<\/span><\/p><p><span style=\"font-weight: 400;\">Allo stesso modo, e con l'eccezione di quanto espresso nel paragrafo seguente, le parti intervenute concordano che qualsiasi controversia, discrepanza, domanda o reclamo derivante dall'esecuzione o dall'interpretazione delle presenti condizioni o dei testi correlati, o di altri testi che possono esistere sul sito web, sar\u00e0 definitivamente risolto con la sottoposizione alle Corti e ai Tribunali di Barcellona, rinunciando espressamente a qualsiasi altra giurisdizione o competenza che possa essere competente.<\/span><\/p><p><span style=\"font-weight: 400;\">Il paragrafo precedente non si applica nel caso in cui una delle parti sia un consumatore o un utente secondo la definizione della normativa per la protezione dei consumatori e degli utenti (Regio Decreto Legislativo 1\/2007, del 16 novembre, che approva il testo rivisto della Legge Generale per la Difesa dei Consumatori e degli Utenti e altre leggi complementari), nel qual caso (e per un conflitto correlato coperto dalla Legge) si applicher\u00e0 di preferenza la posizione designata in tale normativa.<\/span><\/p>\t\t\t\t\t\t\t\t<\/div>\n\t\t\t\t<\/div>\n\t\t\t\t\t<\/div>\n\t\t\t\t<\/div>\n\t\t\t\t<\/div>","protected":false},"excerpt":{"rendered":"<p>La presente Pol\u00edtica de Privacidad constituye junto con las Normas de participaci\u00f3n y el aviso legal el marco jur\u00eddico que regula el uso del sitio web https:\/\/vitralesdametto.com. La presente Pol\u00edtica de Privacidad en concreto regula el uso y tratamiento que LA EMPRESA da a sus datos de car\u00e1cter personal como usuario del Sitio web, ya [&hellip;]<\/p>","protected":false},"author":1,"featured_media":0,"parent":0,"menu_order":0,"comment_status":"closed","ping_status":"closed","template":"","meta":{"site-sidebar-layout":"no-sidebar","site-content-layout":"page-builder","ast-site-content-layout":"full-width-container","site-content-style":"default","site-sidebar-style":"default","ast-global-header-display":"","ast-banner-title-visibility":"","ast-main-header-display":"","ast-hfb-above-header-display":"","ast-hfb-below-header-display":"","ast-hfb-mobile-header-display":"","site-post-title":"disabled","ast-breadcrumbs-content":"","ast-featured-img":"disabled","footer-sml-layout":"","ast-disable-related-posts":"","theme-transparent-header-meta":"","adv-header-id-meta":"","stick-header-meta":"","header-above-stick-meta":"","header-main-stick-meta":"","header-below-stick-meta":"","astra-migrate-meta-layouts":"set","ast-page-background-enabled":"default","ast-page-background-meta":{"desktop":{"background-color":"","background-image":"","background-repeat":"repeat","background-position":"center center","background-size":"auto","background-attachment":"scroll","background-type":"","background-media":"","overlay-type":"","overlay-color":"","overlay-opacity":"","overlay-gradient":""},"tablet":{"background-color":"","background-image":"","background-repeat":"repeat","background-position":"center center","background-size":"auto","background-attachment":"scroll","background-type":"","background-media":"","overlay-type":"","overlay-color":"","overlay-opacity":"","overlay-gradient":""},"mobile":{"background-color":"","background-image":"","background-repeat":"repeat","background-position":"center center","background-size":"auto","background-attachment":"scroll","background-type":"","background-media":"","overlay-type":"","overlay-color":"","overlay-opacity":"","overlay-gradient":""}},"ast-content-background-meta":{"desktop":{"background-color":"var(--ast-global-color-5)","background-image":"","background-repeat":"repeat","background-position":"center center","background-size":"auto","background-attachment":"scroll","background-type":"","background-media":"","overlay-type":"","overlay-color":"","overlay-opacity":"","overlay-gradient":""},"tablet":{"background-color":"var(--ast-global-color-5)","background-image":"","background-repeat":"repeat","background-position":"center center","background-size":"auto","background-attachment":"scroll","background-type":"","background-media":"","overlay-type":"","overlay-color":"","overlay-opacity":"","overlay-gradient":""},"mobile":{"background-color":"var(--ast-global-color-5)","background-image":"","background-repeat":"repeat","background-position":"center center","background-size":"auto","background-attachment":"scroll","background-type":"","background-media":"","overlay-type":"","overlay-color":"","overlay-opacity":"","overlay-gradient":""}},"footnotes":""},"class_list":["post-1224","page","type-page","status-publish","hentry"],"_links":{"self":[{"href":"https:\/\/vitralesdametto.com\/it\/wp-json\/wp\/v2\/pages\/1224","targetHints":{"allow":["GET"]}}],"collection":[{"href":"https:\/\/vitralesdametto.com\/it\/wp-json\/wp\/v2\/pages"}],"about":[{"href":"https:\/\/vitralesdametto.com\/it\/wp-json\/wp\/v2\/types\/page"}],"author":[{"embeddable":true,"href":"https:\/\/vitralesdametto.com\/it\/wp-json\/wp\/v2\/users\/1"}],"replies":[{"embeddable":true,"href":"https:\/\/vitralesdametto.com\/it\/wp-json\/wp\/v2\/comments?post=1224"}],"version-history":[{"count":4,"href":"https:\/\/vitralesdametto.com\/it\/wp-json\/wp\/v2\/pages\/1224\/revisions"}],"predecessor-version":[{"id":1228,"href":"https:\/\/vitralesdametto.com\/it\/wp-json\/wp\/v2\/pages\/1224\/revisions\/1228"}],"wp:attachment":[{"href":"https:\/\/vitralesdametto.com\/it\/wp-json\/wp\/v2\/media?parent=1224"}],"curies":[{"name":"parola chiave","href":"https:\/\/api.w.org\/{rel}","templated":true}]}}