{"id":1197,"date":"2025-03-04T11:51:02","date_gmt":"2025-03-04T11:51:02","guid":{"rendered":"https:\/\/vitralesdametto.com\/?page_id=1197"},"modified":"2025-04-09T09:29:10","modified_gmt":"2025-04-09T09:29:10","slug":"aviso-legal","status":"publish","type":"page","link":"https:\/\/vitralesdametto.com\/it\/aviso-legal\/","title":{"rendered":"Avviso legale"},"content":{"rendered":"<div data-elementor-type=\"wp-page\" data-elementor-id=\"1197\" class=\"elementor elementor-1197\" data-elementor-post-type=\"page\">\n\t\t\t\t<div class=\"elementor-element elementor-element-f354cfd e-flex e-con-boxed e-con e-parent\" data-id=\"f354cfd\" data-element_type=\"container\">\n\t\t\t\t\t<div class=\"e-con-inner\">\n\t\t\t\t<div class=\"elementor-element elementor-element-cb9e8b8 elementor-widget elementor-widget-heading\" data-id=\"cb9e8b8\" data-element_type=\"widget\" data-widget_type=\"heading.default\">\n\t\t\t\t<div class=\"elementor-widget-container\">\n\t\t\t\t\t<h2 class=\"elementor-heading-title elementor-size-default\">Avviso legale<\/h2>\t\t\t\t<\/div>\n\t\t\t\t<\/div>\n\t\t\t\t<div class=\"elementor-element elementor-element-de3c980 elementor-widget elementor-widget-text-editor\" data-id=\"de3c980\" data-element_type=\"widget\" data-widget_type=\"text-editor.default\">\n\t\t\t\t<div class=\"elementor-widget-container\">\n\t\t\t\t\t\t\t\t\t<p><b>DENTIT\u00c0 DEL PROPRIETARIO DEL SITO WEB<\/b><\/p><p><b>Nome commerciale: <\/b>Vetrate Dametto<\/p><p><b>Nome della societ\u00e0: <\/b>Nat\u00e1lia Mosmann Dametto <span style=\"font-weight: 400;\">(d'ora in poi IL TITOLARE DEL WEB)<\/span><\/p><p><b>NIF: <\/b>Z0265390K<\/p><p><b>Indirizzo: <\/b>Carrer de la Ciutat de Granada 28, Barcellona<\/p><p><b>Telefono: <\/b>+34607164418<\/p><p><b>e-mail: <\/b>oi.natdametto@gmail.com<\/p><p><span style=\"font-weight: 400;\">\u00a0<\/span><\/p><p><b>TERMINI E CONDIZIONI LEGALI<\/b><\/p><p><span style=\"font-weight: 400;\">L'utilizzo di questo sito web conferisce all'utente lo status di utente del sito, che implica l'adesione ai presenti termini e condizioni nella versione pubblicata al momento in cui \u00e8 consentito l'accesso. Pertanto, IL TITOLARE DEL SITO raccomanda all'utente di leggerle attentamente ogni volta che accede al sito. L'accesso a determinati contenuti offerti attraverso questo sito web pu\u00f2 essere soggetto a determinate condizioni specifiche che, a seconda dei casi, sostituiscono, completano e\/o modificano le presenti condizioni generali. Pertanto, prima di accedere e\/o utilizzare tali contenuti, l'utente deve leggere attentamente anche le condizioni specifiche corrispondenti. Il TITOLARE DEL SITO WEB pu\u00f2 modificare in qualsiasi momento e senza preavviso il design, la presentazione e\/o la configurazione del sito web, nonch\u00e9 alcuni o tutti i Contenuti, e modificare le condizioni generali e\/o le condizioni specifiche richieste per il loro utilizzo.<\/span><\/p><p><span style=\"font-weight: 400;\">\u00a0<\/span><\/p><p><b>RESPONSABILIT\u00c0 E GARANZIA DEL PROPRIETARIO DEL SITO WEB<\/b><\/p><p><b>ACCESSO<\/b><\/p><p><span style=\"font-weight: 400;\">In generale, l'accesso al sito web \u00e8 libero e gratuito. Tuttavia, IL PROPRIETARIO DEL SITO si riserva il diritto, in conformit\u00e0 alla normativa vigente, di limitare l'accesso ad alcune aree del sito. In questi casi, come prerequisito per accedere al servizio, l'Utente deve registrarsi fornendo tutte le informazioni richieste, in forma aggiornata e reale (vedi informativa sulla privacy). L'utilizzo della password \u00e8 personale e non trasferibile, e non pu\u00f2 essere ceduta, neppure temporaneamente, a terzi. In tal senso, l'Utente si impegna a fare la propria diligenza e a mantenerla segreta, assumendosi ogni responsabilit\u00e0 per le conseguenze della sua divulgazione a terzi.<\/span><\/p><p><span style=\"font-weight: 400;\">\u00a0<\/span><\/p><p><b>CONTENUTI<\/b><\/p><p><span style=\"font-weight: 400;\">Il TITOLARE DEL SITO si riserva il diritto di interrompere l'accesso al proprio sito web, cos\u00ec come la fornitura di uno o tutti i Contenuti forniti attraverso di esso, in qualsiasi momento e senza preavviso, per motivi tecnici, di sicurezza, di controllo, di manutenzione, di mancanza di corrente o per qualsiasi altra causa. Tale interruzione potr\u00e0 essere temporanea o permanente, nel qual caso gli Utenti saranno informati di tale circostanza e potranno subire la perdita, se del caso, delle informazioni memorizzate nei diversi servizi. Di conseguenza, IL TITOLARE DEL SITO WEB non garantisce l'affidabilit\u00e0, la disponibilit\u00e0 o la continuit\u00e0 del proprio sito web o dei Contenuti, sia propri che di altri siti web a cui si pu\u00f2 accedere tramite link, in modo che l'uso degli stessi da parte dell'Utente avvenga a proprio rischio e pericolo, senza che il TITOLARE DEL SITO WEB possa in alcun momento essere ritenuto responsabile al riguardo. Il TITOLARE DEL SITO WEB non sar\u00e0 responsabile di eventuali danni, perdite, reclami o spese di qualsiasi tipo, delle informazioni acquisite o accessibili da o attraverso il sito web, di virus informatici, di guasti operativi o interruzioni del servizio o della trasmissione, o di guasti di linea. \u00c8 vietato trasmettere o inviare attraverso il sito web contenuti illegali o illeciti, virus informatici o messaggi che, in generale, ledano o violino i diritti del TITOLARE DEL SITO WEB o di terzi.<\/span><\/p><p><span style=\"font-weight: 400;\">\u00a0<\/span><\/p><p><b>PROPRIET\u00c0 INDUSTRIALE E INTELLETTUALE<\/b><\/p><p><span style=\"font-weight: 400;\">Questo sito web \u00e8 di propriet\u00e0 del TITOLARE DEL SITO. I diritti di propriet\u00e0 intellettuale e di sfruttamento e riproduzione di questo sito web, delle sue pagine, delle schermate, delle informazioni in esse contenute, del loro aspetto e del loro design, nonch\u00e9 dei collegamenti stabiliti da esso ad altre pagine, sono di propriet\u00e0 esclusiva dello stesso, se non diversamente specificato. Tutti i nomi, i disegni e\/o i loghi che compongono questa pagina sono marchi registrati. Qualsiasi uso improprio di questi da parte di chiunque non sia il legittimo proprietario pu\u00f2 essere perseguito secondo la normativa vigente. I diritti di propriet\u00e0 intellettuale e i marchi di terzi sono opportunamente evidenziati e devono essere rispettati da chiunque acceda al sito. Solo per uso personale e privato \u00e8 consentito scaricare i contenuti, copiare o stampare qualsiasi pagina di questo sito. \u00c8 vietato riprodurre, trasmettere, modificare o cancellare le informazioni, i contenuti o gli avvisi presenti in questo sito web senza la preventiva autorizzazione scritta del TITOLARE DEL SITO.<\/span><\/p><p><span style=\"font-weight: 400;\">\u00a0<\/span><\/p><p><b>LEGGE APPLICABILE<\/b><\/p><p><span style=\"font-weight: 400;\">Le presenti condizioni generali sono regolate dalla legge spagnola.<\/span><\/p><p><span style=\"font-weight: 400;\">\u00a0<\/span><\/p><p><b>INFORMATIVA SULLA PRIVACY<\/b><\/p><p><span style=\"font-weight: 400;\">Ai fini di quanto previsto dalla normativa vigente in materia di protezione dei dati personali, IL TITOLARE DEL SITO informa che i dati personali che l'utente potr\u00e0 fornire durante la navigazione sul nostro sito web confluiranno in un trattamento di dati sotto la responsabilit\u00e0 del TITOLARE DEL SITO, al solo fine di poter gestire la richiesta dell'utente. Solo se l'utente ha dato il suo consenso esplicito, IL TITOLARE DEL SITO WEB invier\u00e0 informazioni; tecniche, operative e commerciali, con qualsiasi mezzo, compresa la posta elettronica e\/o mezzi equivalenti, su prodotti, servizi, offerte e novit\u00e0 che riteniamo di interesse per l'utente. Il TITOLARE DEL SITO WEB si impegna a rispettare l'obbligo di segretezza dei dati personali e il suo dovere di conservazione e ad adottare le misure necessarie per impedirne l'alterazione, la perdita, il trattamento o l'accesso non autorizzato, tenendo conto in ogni momento dello stato della tecnologia, rispettando le misure di sicurezza tecniche e organizzative. Infine, vi informiamo della possibilit\u00e0 di esercitare i vostri diritti di accesso, rettifica, cancellazione e opposizione tramite un modulo indirizzato all'amministratore del sistema.<\/span><\/p>\t\t\t\t\t\t\t\t<\/div>\n\t\t\t\t<\/div>\n\t\t\t\t\t<\/div>\n\t\t\t\t<\/div>\n\t\t\t\t<\/div>","protected":false},"excerpt":{"rendered":"<p>DENTIDAD DEL TITULAR DEL SITIO WEB Nombre comercial: Vitrales Dametto Denominaci\u00f3n social: Nat\u00e1lia Mosmann Dametto (desde ahora EL TITULAR DEL WEB) NIF: Z0265390K Direcci\u00f3n: Carrer de la Ciutat de Granada 28, Barcelona Tel\u00e9fono: +34607164418 eMail: oi.natdametto@gmail.com \u00a0 T\u00c9RMINOS LEGALES Y CONDICIONES La utilizaci\u00f3n de este sitio web atribuye al navegante la condici\u00f3n de usuario del [&hellip;]<\/p>","protected":false},"author":1,"featured_media":0,"parent":0,"menu_order":0,"comment_status":"closed","ping_status":"closed","template":"","meta":{"site-sidebar-layout":"no-sidebar","site-content-layout":"page-builder","ast-site-content-layout":"full-width-container","site-content-style":"default","site-sidebar-style":"default","ast-global-header-display":"","ast-banner-title-visibility":"","ast-main-header-display":"","ast-hfb-above-header-display":"","ast-hfb-below-header-display":"","ast-hfb-mobile-header-display":"","site-post-title":"disabled","ast-breadcrumbs-content":"","ast-featured-img":"disabled","footer-sml-layout":"","ast-disable-related-posts":"","theme-transparent-header-meta":"","adv-header-id-meta":"","stick-header-meta":"","header-above-stick-meta":"","header-main-stick-meta":"","header-below-stick-meta":"","astra-migrate-meta-layouts":"set","ast-page-background-enabled":"default","ast-page-background-meta":{"desktop":{"background-color":"","background-image":"","background-repeat":"repeat","background-position":"center center","background-size":"auto","background-attachment":"scroll","background-type":"","background-media":"","overlay-type":"","overlay-color":"","overlay-opacity":"","overlay-gradient":""},"tablet":{"background-color":"","background-image":"","background-repeat":"repeat","background-position":"center center","background-size":"auto","background-attachment":"scroll","background-type":"","background-media":"","overlay-type":"","overlay-color":"","overlay-opacity":"","overlay-gradient":""},"mobile":{"background-color":"","background-image":"","background-repeat":"repeat","background-position":"center center","background-size":"auto","background-attachment":"scroll","background-type":"","background-media":"","overlay-type":"","overlay-color":"","overlay-opacity":"","overlay-gradient":""}},"ast-content-background-meta":{"desktop":{"background-color":"var(--ast-global-color-5)","background-image":"","background-repeat":"repeat","background-position":"center center","background-size":"auto","background-attachment":"scroll","background-type":"","background-media":"","overlay-type":"","overlay-color":"","overlay-opacity":"","overlay-gradient":""},"tablet":{"background-color":"var(--ast-global-color-5)","background-image":"","background-repeat":"repeat","background-position":"center center","background-size":"auto","background-attachment":"scroll","background-type":"","background-media":"","overlay-type":"","overlay-color":"","overlay-opacity":"","overlay-gradient":""},"mobile":{"background-color":"var(--ast-global-color-5)","background-image":"","background-repeat":"repeat","background-position":"center center","background-size":"auto","background-attachment":"scroll","background-type":"","background-media":"","overlay-type":"","overlay-color":"","overlay-opacity":"","overlay-gradient":""}},"footnotes":""},"class_list":["post-1197","page","type-page","status-publish","hentry"],"_links":{"self":[{"href":"https:\/\/vitralesdametto.com\/it\/wp-json\/wp\/v2\/pages\/1197","targetHints":{"allow":["GET"]}}],"collection":[{"href":"https:\/\/vitralesdametto.com\/it\/wp-json\/wp\/v2\/pages"}],"about":[{"href":"https:\/\/vitralesdametto.com\/it\/wp-json\/wp\/v2\/types\/page"}],"author":[{"embeddable":true,"href":"https:\/\/vitralesdametto.com\/it\/wp-json\/wp\/v2\/users\/1"}],"replies":[{"embeddable":true,"href":"https:\/\/vitralesdametto.com\/it\/wp-json\/wp\/v2\/comments?post=1197"}],"version-history":[{"count":13,"href":"https:\/\/vitralesdametto.com\/it\/wp-json\/wp\/v2\/pages\/1197\/revisions"}],"predecessor-version":[{"id":1210,"href":"https:\/\/vitralesdametto.com\/it\/wp-json\/wp\/v2\/pages\/1197\/revisions\/1210"}],"wp:attachment":[{"href":"https:\/\/vitralesdametto.com\/it\/wp-json\/wp\/v2\/media?parent=1197"}],"curies":[{"name":"parola chiave","href":"https:\/\/api.w.org\/{rel}","templated":true}]}}