{"id":1684,"date":"2025-06-27T11:47:18","date_gmt":"2025-06-27T11:47:18","guid":{"rendered":"https:\/\/vitralesdametto.com\/?post_type=product&#038;p=1684"},"modified":"2025-06-27T11:47:18","modified_gmt":"2025-06-27T11:47:18","slug":"retrato-pequeno","status":"publish","type":"product","link":"https:\/\/vitralesdametto.com\/fr\/produit\/retrato-pequeno\/","title":{"rendered":"Petit portrait"},"content":{"rendered":"","protected":false},"excerpt":{"rendered":"<p>Ce portrait circulaire de 12 cm de diam\u00e8tre est une pi\u00e8ce unique et \u00e9mouvante, id\u00e9ale pour repr\u00e9senter une personne sp\u00e9ciale ou un animal de compagnie. Fabriqu\u00e9 \u00e0 la main selon la technique Tiffany, c&#039;est un cadeau id\u00e9al et un magnifique souvenir.<\/p>\n<p>Comment commander :<\/p>\n<p><strong>1 \u2013<\/strong> Passez votre commande via le site internet.<\/p>\n<p><strong>2 \u2013<\/strong>Je vous contacterai pour demander des photos de r\u00e9f\u00e9rence pour la conception.<\/p>\n<p><strong>3 \u2013<\/strong>Avant de commencer la production, je vous enverrai le dessin pour validation, tant au niveau de la forme que des couleurs. La pi\u00e8ce ne sera fabriqu\u00e9e qu&#039;une fois le projet final enti\u00e8rement satisfaisant.<\/p>\n<p>De cette fa\u00e7on, nous garantissons un r\u00e9sultat unique et sur mesure.<\/p>\n<p><strong>Taille:<\/strong> 12 cm de diam\u00e8tre<\/p>","protected":false},"featured_media":1685,"template":"","meta":{"site-sidebar-layout":"default","site-content-layout":"","ast-site-content-layout":"default","site-content-style":"default","site-sidebar-style":"default","ast-global-header-display":"","ast-banner-title-visibility":"","ast-main-header-display":"","ast-hfb-above-header-display":"","ast-hfb-below-header-display":"","ast-hfb-mobile-header-display":"","site-post-title":"","ast-breadcrumbs-content":"","ast-featured-img":"","footer-sml-layout":"","ast-disable-related-posts":"","theme-transparent-header-meta":"default","adv-header-id-meta":"","stick-header-meta":"","header-above-stick-meta":"","header-main-stick-meta":"","header-below-stick-meta":"","astra-migrate-meta-layouts":"set","ast-page-background-enabled":"default","ast-page-background-meta":{"desktop":{"background-color":"","background-image":"","background-repeat":"repeat","background-position":"center center","background-size":"auto","background-attachment":"scroll","background-type":"","background-media":"","overlay-type":"","overlay-color":"","overlay-opacity":"","overlay-gradient":""},"tablet":{"background-color":"","background-image":"","background-repeat":"repeat","background-position":"center center","background-size":"auto","background-attachment":"scroll","background-type":"","background-media":"","overlay-type":"","overlay-color":"","overlay-opacity":"","overlay-gradient":""},"mobile":{"background-color":"","background-image":"","background-repeat":"repeat","background-position":"center center","background-size":"auto","background-attachment":"scroll","background-type":"","background-media":"","overlay-type":"","overlay-color":"","overlay-opacity":"","overlay-gradient":""}},"ast-content-background-meta":{"desktop":{"background-color":"var(--ast-global-color-5)","background-image":"","background-repeat":"repeat","background-position":"center center","background-size":"auto","background-attachment":"scroll","background-type":"","background-media":"","overlay-type":"","overlay-color":"","overlay-opacity":"","overlay-gradient":""},"tablet":{"background-color":"var(--ast-global-color-5)","background-image":"","background-repeat":"repeat","background-position":"center center","background-size":"auto","background-attachment":"scroll","background-type":"","background-media":"","overlay-type":"","overlay-color":"","overlay-opacity":"","overlay-gradient":""},"mobile":{"background-color":"var(--ast-global-color-5)","background-image":"","background-repeat":"repeat","background-position":"center center","background-size":"auto","background-attachment":"scroll","background-type":"","background-media":"","overlay-type":"","overlay-color":"","overlay-opacity":"","overlay-gradient":""}}},"product_brand":[],"product_cat":[23],"product_tag":[],"class_list":{"0":"post-1684","1":"product","2":"type-product","3":"status-publish","4":"has-post-thumbnail","6":"product_cat-uncategorized","7":"desktop-align-left","8":"tablet-align-left","9":"mobile-align-left","11":"first","12":"instock","13":"shipping-taxable","14":"purchasable","15":"product-type-simple"},"_links":{"self":[{"href":"https:\/\/vitralesdametto.com\/fr\/wp-json\/wp\/v2\/product\/1684","targetHints":{"allow":["GET"]}}],"collection":[{"href":"https:\/\/vitralesdametto.com\/fr\/wp-json\/wp\/v2\/product"}],"about":[{"href":"https:\/\/vitralesdametto.com\/fr\/wp-json\/wp\/v2\/types\/product"}],"wp:featuredmedia":[{"embeddable":true,"href":"https:\/\/vitralesdametto.com\/fr\/wp-json\/wp\/v2\/media\/1685"}],"wp:attachment":[{"href":"https:\/\/vitralesdametto.com\/fr\/wp-json\/wp\/v2\/media?parent=1684"}],"wp:term":[{"taxonomy":"product_brand","embeddable":true,"href":"https:\/\/vitralesdametto.com\/fr\/wp-json\/wp\/v2\/product_brand?post=1684"},{"taxonomy":"product_cat","embeddable":true,"href":"https:\/\/vitralesdametto.com\/fr\/wp-json\/wp\/v2\/product_cat?post=1684"},{"taxonomy":"product_tag","embeddable":true,"href":"https:\/\/vitralesdametto.com\/fr\/wp-json\/wp\/v2\/product_tag?post=1684"}],"curies":[{"name":"wp","href":"https:\/\/api.w.org\/{rel}","templated":true}]}}