{"id":1636,"date":"2025-06-27T11:15:10","date_gmt":"2025-06-27T11:15:10","guid":{"rendered":"https:\/\/vitralesdametto.com\/?post_type=product&#038;p=1636"},"modified":"2025-06-27T11:15:11","modified_gmt":"2025-06-27T11:15:11","slug":"dreamy-heart","status":"publish","type":"product","link":"https:\/\/vitralesdametto.com\/fr\/produit\/dreamy-heart\/","title":{"rendered":"C\u0153ur r\u00eaveur"},"content":{"rendered":"","protected":false},"excerpt":{"rendered":"<p>Ce c\u0153ur artisanal, aux formes douces et aux couleurs poudr\u00e9es, semble tout droit sorti d&#039;un r\u00eave paisible. Chaque morceau de verre opaque s&#039;int\u00e8gre d\u00e9licatement au suivant, cr\u00e9ant une composition sereine et \u00e9quilibr\u00e9e.<br \/>\nFabriqu\u00e9 \u00e0 la main selon la technique Tiffany, il est id\u00e9al pour ceux qui recherchent une pi\u00e8ce douce et originale, exprimant calme et tendresse. Parfait pour accrocher sur un mur ou comme cadeau en signe d&#039;affection.<\/p>\n<p><strong>Taille:<\/strong> 22 x 28 cm<\/p>","protected":false},"featured_media":1641,"template":"","meta":{"site-sidebar-layout":"default","site-content-layout":"","ast-site-content-layout":"default","site-content-style":"default","site-sidebar-style":"default","ast-global-header-display":"","ast-banner-title-visibility":"","ast-main-header-display":"","ast-hfb-above-header-display":"","ast-hfb-below-header-display":"","ast-hfb-mobile-header-display":"","site-post-title":"","ast-breadcrumbs-content":"","ast-featured-img":"","footer-sml-layout":"","ast-disable-related-posts":"","theme-transparent-header-meta":"default","adv-header-id-meta":"","stick-header-meta":"","header-above-stick-meta":"","header-main-stick-meta":"","header-below-stick-meta":"","astra-migrate-meta-layouts":"set","ast-page-background-enabled":"default","ast-page-background-meta":{"desktop":{"background-color":"","background-image":"","background-repeat":"repeat","background-position":"center center","background-size":"auto","background-attachment":"scroll","background-type":"","background-media":"","overlay-type":"","overlay-color":"","overlay-opacity":"","overlay-gradient":""},"tablet":{"background-color":"","background-image":"","background-repeat":"repeat","background-position":"center center","background-size":"auto","background-attachment":"scroll","background-type":"","background-media":"","overlay-type":"","overlay-color":"","overlay-opacity":"","overlay-gradient":""},"mobile":{"background-color":"","background-image":"","background-repeat":"repeat","background-position":"center center","background-size":"auto","background-attachment":"scroll","background-type":"","background-media":"","overlay-type":"","overlay-color":"","overlay-opacity":"","overlay-gradient":""}},"ast-content-background-meta":{"desktop":{"background-color":"var(--ast-global-color-5)","background-image":"","background-repeat":"repeat","background-position":"center center","background-size":"auto","background-attachment":"scroll","background-type":"","background-media":"","overlay-type":"","overlay-color":"","overlay-opacity":"","overlay-gradient":""},"tablet":{"background-color":"var(--ast-global-color-5)","background-image":"","background-repeat":"repeat","background-position":"center center","background-size":"auto","background-attachment":"scroll","background-type":"","background-media":"","overlay-type":"","overlay-color":"","overlay-opacity":"","overlay-gradient":""},"mobile":{"background-color":"var(--ast-global-color-5)","background-image":"","background-repeat":"repeat","background-position":"center center","background-size":"auto","background-attachment":"scroll","background-type":"","background-media":"","overlay-type":"","overlay-color":"","overlay-opacity":"","overlay-gradient":""}}},"product_brand":[],"product_cat":[23],"product_tag":[],"class_list":{"0":"post-1636","1":"product","2":"type-product","3":"status-publish","4":"has-post-thumbnail","6":"product_cat-uncategorized","7":"desktop-align-left","8":"tablet-align-left","9":"mobile-align-left","11":"first","12":"instock","13":"shipping-taxable","14":"purchasable","15":"product-type-variable"},"_links":{"self":[{"href":"https:\/\/vitralesdametto.com\/fr\/wp-json\/wp\/v2\/product\/1636","targetHints":{"allow":["GET"]}}],"collection":[{"href":"https:\/\/vitralesdametto.com\/fr\/wp-json\/wp\/v2\/product"}],"about":[{"href":"https:\/\/vitralesdametto.com\/fr\/wp-json\/wp\/v2\/types\/product"}],"wp:featuredmedia":[{"embeddable":true,"href":"https:\/\/vitralesdametto.com\/fr\/wp-json\/wp\/v2\/media\/1641"}],"wp:attachment":[{"href":"https:\/\/vitralesdametto.com\/fr\/wp-json\/wp\/v2\/media?parent=1636"}],"wp:term":[{"taxonomy":"product_brand","embeddable":true,"href":"https:\/\/vitralesdametto.com\/fr\/wp-json\/wp\/v2\/product_brand?post=1636"},{"taxonomy":"product_cat","embeddable":true,"href":"https:\/\/vitralesdametto.com\/fr\/wp-json\/wp\/v2\/product_cat?post=1636"},{"taxonomy":"product_tag","embeddable":true,"href":"https:\/\/vitralesdametto.com\/fr\/wp-json\/wp\/v2\/product_tag?post=1636"}],"curies":[{"name":"wp","href":"https:\/\/api.w.org\/{rel}","templated":true}]}}