{"id":1608,"date":"2025-06-26T15:52:14","date_gmt":"2025-06-26T15:52:14","guid":{"rendered":"https:\/\/vitralesdametto.com\/?post_type=product&#038;p=1608"},"modified":"2025-06-27T11:04:08","modified_gmt":"2025-06-27T11:04:08","slug":"golden-monstera-mirror","status":"publish","type":"product","link":"https:\/\/vitralesdametto.com\/fr\/produit\/golden-monstera-mirror\/","title":{"rendered":"Miroir Monstera dor\u00e9"},"content":{"rendered":"<div id=\"docs-editor-container\" dir=\"ltr\">\n<div id=\"docs-editor\" class=\"\">\n<div id=\"waffle-grid-container\" dir=\"ltr\">\n<div id=\"0-grid-container\" class=\"grid-container\" dir=\"ltr\">\n<div id=\"0-grid-table-container\">\n<div class=\"grid-table-container\">\n<div id=\"0-scrollable\" class=\"grid-scrollable-wrapper\">\n<div class=\"goog-inline-block grid4-inner-container\">\n<div class=\"waffle-background-container\"><\/div>\n<\/div>\n<\/div>\n<\/div>\n<\/div>\n<div class=\"native-scrollbar native-scrollbar-ltr native-scrollbar-x\"><\/div>\n<\/div>\n<\/div>\n<\/div>\n<\/div>\n<div dir=\"ltr\">\n<div class=\"input-box\" spellcheck=\"false\"><\/div>\n<\/div>","protected":false},"excerpt":{"rendered":"<div class=\"waffle-background-container\">\n<p>Cette pi\u00e8ce circulaire capture l&#039;\u00e9l\u00e9gance tropicale du monstera avec une touche contemporaine\u00a0: sa silhouette en miroir dor\u00e9 refl\u00e8te subtilement la lumi\u00e8re et r\u00e9chauffe l&#039;espace. Le fond en verre opaque aux tons verts vari\u00e9s \u00e9voque la fra\u00eecheur de la jungle et contraste avec l&#039;\u00e9clat m\u00e9tallique de la feuille.<br \/>\nFabriqu\u00e9e \u00e0 la main selon la technique Tiffany, cette \u0153uvre unique peut \u00eatre accroch\u00e9e au mur ou pos\u00e9e sur une table avec un socle en m\u00e9tal. Id\u00e9ale pour les espaces recherchant un art botanique plein de personnalit\u00e9.<\/p>\n<p><strong>Taille:<\/strong> 30 cm de diam\u00e8tre<\/p>\n<\/div>","protected":false},"featured_media":1611,"template":"","meta":{"site-sidebar-layout":"default","site-content-layout":"","ast-site-content-layout":"default","site-content-style":"default","site-sidebar-style":"default","ast-global-header-display":"","ast-banner-title-visibility":"","ast-main-header-display":"","ast-hfb-above-header-display":"","ast-hfb-below-header-display":"","ast-hfb-mobile-header-display":"","site-post-title":"","ast-breadcrumbs-content":"","ast-featured-img":"","footer-sml-layout":"","ast-disable-related-posts":"","theme-transparent-header-meta":"default","adv-header-id-meta":"","stick-header-meta":"","header-above-stick-meta":"","header-main-stick-meta":"","header-below-stick-meta":"","astra-migrate-meta-layouts":"set","ast-page-background-enabled":"default","ast-page-background-meta":{"desktop":{"background-color":"","background-image":"","background-repeat":"repeat","background-position":"center center","background-size":"auto","background-attachment":"scroll","background-type":"","background-media":"","overlay-type":"","overlay-color":"","overlay-opacity":"","overlay-gradient":""},"tablet":{"background-color":"","background-image":"","background-repeat":"repeat","background-position":"center center","background-size":"auto","background-attachment":"scroll","background-type":"","background-media":"","overlay-type":"","overlay-color":"","overlay-opacity":"","overlay-gradient":""},"mobile":{"background-color":"","background-image":"","background-repeat":"repeat","background-position":"center center","background-size":"auto","background-attachment":"scroll","background-type":"","background-media":"","overlay-type":"","overlay-color":"","overlay-opacity":"","overlay-gradient":""}},"ast-content-background-meta":{"desktop":{"background-color":"var(--ast-global-color-5)","background-image":"","background-repeat":"repeat","background-position":"center center","background-size":"auto","background-attachment":"scroll","background-type":"","background-media":"","overlay-type":"","overlay-color":"","overlay-opacity":"","overlay-gradient":""},"tablet":{"background-color":"var(--ast-global-color-5)","background-image":"","background-repeat":"repeat","background-position":"center center","background-size":"auto","background-attachment":"scroll","background-type":"","background-media":"","overlay-type":"","overlay-color":"","overlay-opacity":"","overlay-gradient":""},"mobile":{"background-color":"var(--ast-global-color-5)","background-image":"","background-repeat":"repeat","background-position":"center center","background-size":"auto","background-attachment":"scroll","background-type":"","background-media":"","overlay-type":"","overlay-color":"","overlay-opacity":"","overlay-gradient":""}}},"product_brand":[],"product_cat":[23],"product_tag":[],"class_list":{"0":"post-1608","1":"product","2":"type-product","3":"status-publish","4":"has-post-thumbnail","6":"product_cat-uncategorized","7":"desktop-align-left","8":"tablet-align-left","9":"mobile-align-left","11":"first","12":"instock","13":"shipping-taxable","14":"purchasable","15":"product-type-variable"},"_links":{"self":[{"href":"https:\/\/vitralesdametto.com\/fr\/wp-json\/wp\/v2\/product\/1608","targetHints":{"allow":["GET"]}}],"collection":[{"href":"https:\/\/vitralesdametto.com\/fr\/wp-json\/wp\/v2\/product"}],"about":[{"href":"https:\/\/vitralesdametto.com\/fr\/wp-json\/wp\/v2\/types\/product"}],"wp:featuredmedia":[{"embeddable":true,"href":"https:\/\/vitralesdametto.com\/fr\/wp-json\/wp\/v2\/media\/1611"}],"wp:attachment":[{"href":"https:\/\/vitralesdametto.com\/fr\/wp-json\/wp\/v2\/media?parent=1608"}],"wp:term":[{"taxonomy":"product_brand","embeddable":true,"href":"https:\/\/vitralesdametto.com\/fr\/wp-json\/wp\/v2\/product_brand?post=1608"},{"taxonomy":"product_cat","embeddable":true,"href":"https:\/\/vitralesdametto.com\/fr\/wp-json\/wp\/v2\/product_cat?post=1608"},{"taxonomy":"product_tag","embeddable":true,"href":"https:\/\/vitralesdametto.com\/fr\/wp-json\/wp\/v2\/product_tag?post=1608"}],"curies":[{"name":"wp","href":"https:\/\/api.w.org\/{rel}","templated":true}]}}