{"id":1224,"date":"2025-03-04T11:59:39","date_gmt":"2025-03-04T11:59:39","guid":{"rendered":"https:\/\/vitralesdametto.com\/?page_id=1224"},"modified":"2025-04-09T09:29:33","modified_gmt":"2025-04-09T09:29:33","slug":"politica-de-privacidad","status":"publish","type":"page","link":"https:\/\/vitralesdametto.com\/fr\/politica-de-privacidad\/","title":{"rendered":"Politique de confidentialit\u00e9"},"content":{"rendered":"<div data-elementor-type=\"wp-page\" data-elementor-id=\"1224\" class=\"elementor elementor-1224\" data-elementor-post-type=\"page\">\n\t\t\t\t<div class=\"elementor-element elementor-element-6e4f2cc e-flex e-con-boxed e-con e-parent\" data-id=\"6e4f2cc\" data-element_type=\"container\">\n\t\t\t\t\t<div class=\"e-con-inner\">\n\t\t\t\t<div class=\"elementor-element elementor-element-bff0d4d elementor-widget elementor-widget-heading\" data-id=\"bff0d4d\" data-element_type=\"widget\" data-widget_type=\"heading.default\">\n\t\t\t\t<div class=\"elementor-widget-container\">\n\t\t\t\t\t<h2 class=\"elementor-heading-title elementor-size-default\">Politique de confidentialit\u00e9<\/h2>\t\t\t\t<\/div>\n\t\t\t\t<\/div>\n\t\t\t\t<div class=\"elementor-element elementor-element-3c7cb95 elementor-widget elementor-widget-text-editor\" data-id=\"3c7cb95\" data-element_type=\"widget\" data-widget_type=\"text-editor.default\">\n\t\t\t\t<div class=\"elementor-widget-container\">\n\t\t\t\t\t\t\t\t\t<p><span style=\"font-weight: 400;\">La pr\u00e9sente politique de confidentialit\u00e9, les r\u00e8gles de participation et les mentions l\u00e9gales constituent le cadre juridique r\u00e9gissant l'utilisation du site web. <a href=\"https:\/\/vitralesdametto.com\/fr\/\"><strong>https:\/\/vitralesdametto.com<\/strong><\/a><\/span><span style=\"font-weight: 400;\">.<\/span><span style=\"font-weight: 400;\"> Cette politique de confidentialit\u00e9 r\u00e9git sp\u00e9cifiquement l'utilisation et le traitement que la COMPAGNIE fait de vos donn\u00e9es personnelles en tant qu'utilisateur du site web, puisqu'en acc\u00e9dant \u00e0 ce site web, vous devenez un utilisateur de ce site web (ci-apr\u00e8s, l'\"Utilisateur\").<\/span><\/p><p><b>Ce site web est la propri\u00e9t\u00e9 de :<\/b><\/p><p><span style=\"text-align: var(--text-align); background-color: var(--ast-global-color-5); color: var(--ast-global-color-3); font-size: 1rem;\">Nat\u00e1lia Mosmann Dametto<\/span><span style=\"font-weight: 400;\">dont le si\u00e8ge social est situ\u00e9 \u00e0\u00a0<\/span><span style=\"font-weight: bold;\">\u00a0<\/span>Carrer de la Ciutat de Granada 28, Barcelona<span style=\"font-weight: 400;\">\u00a0et le num\u00e9ro de TVA :\u00a0<\/span>Z0265390K<span style=\"font-weight: 400;\">,<\/span><span style=\"font-weight: 400;\"> ci-apr\u00e8s d\u00e9nomm\u00e9e \"l'ENTREPRISE\".<\/span><\/p><p><span style=\"font-weight: 400;\">\u00a0La pr\u00e9sente politique de confidentialit\u00e9 est disponible sur le site Web en catalan afin que vous puissiez la consulter, la classer ou l'imprimer \u00e0 tout moment. Il est possible qu'elle soit modifi\u00e9e au fil du temps en raison de changements apport\u00e9s au Site Internet, de nouveaux d\u00e9veloppements l\u00e9gislatifs ou jurisprudentiels ou de nouveaux crit\u00e8res de l'Agence espagnole de protection des donn\u00e9es ou de nouvelles r\u00e9glementations europ\u00e9ennes qui nous obligent \u00e0 proc\u00e9der \u00e0 des modifications futures. Par cons\u00e9quent, la COMPAGNIE se r\u00e9serve le droit de modifier cette politique de confidentialit\u00e9 et vous recommande de lire attentivement la politique de confidentialit\u00e9 chaque fois que vous acc\u00e9dez au site Web.<\/span><\/p><p><b>Confidentialit\u00e9<\/b><b><br \/><\/b><span style=\"font-weight: 400;\">L'ENTREPRISE s'engage \u00e0 respecter son obligation de secret des donn\u00e9es personnelles et le devoir de les garder confidentielles et adopte les mesures n\u00e9cessaires pour \u00e9viter leur alt\u00e9ration, perte, traitement ou acc\u00e8s non autoris\u00e9, en tenant compte \u00e0 tout moment de l'\u00e9tat de la technologie.<\/span><\/p><p><b>S\u00e9curit\u00e9 des donn\u00e9es<\/b><b><br \/><\/b><span style=\"font-weight: 400;\">LA SOCI\u00c9T\u00c9 garantit l'adoption des mesures appropri\u00e9es pour assurer le traitement confidentiel de ces donn\u00e9es. Par cons\u00e9quent, elle a mis en \u0153uvre toutes les mesures de s\u00e9curit\u00e9 techniques et organisationnelles n\u00e9cessaires pour garantir l'int\u00e9grit\u00e9, la confidentialit\u00e9 et la disponibilit\u00e9 des donn\u00e9es personnelles fournies par l'utilisateur, en particulier celles stipul\u00e9es dans le RGDP (R\u00e8glement g\u00e9n\u00e9ral sur la protection des donn\u00e9es - UE 2016) \/679, du 27 avril), qui a \u00e9tendu le champ d'application de la loi organique 15\/1999, du 13 d\u00e9cembre, sur la protection des donn\u00e9es personnelles (LOPD) et son r\u00e8glement de d\u00e9veloppement RD 1720\/2007.<\/span><\/p><p><b>Protection des donn\u00e9es personnelles<\/b><b><br \/><\/b><span style=\"font-weight: 400;\">Les donn\u00e9es personnelles fournies volontairement seront trait\u00e9es de mani\u00e8re confidentielle, sous la protection et les sp\u00e9cifications contenues dans les r\u00e9glementations en vigueur, et seront collect\u00e9es dans un fichier d\u00fbment enregistr\u00e9 aupr\u00e8s de l'Agence de protection des donn\u00e9es, dont LA COMPAGNIE est responsable, et dont le but est la gestion des utilisateurs et des abonn\u00e9s, ainsi que la vente en ligne de produits et la r\u00e9solution des questions.<\/span><\/p><p><span style=\"font-weight: 400;\">La base juridique du traitement des donn\u00e9es est le consentement de l'abonn\u00e9. Nous traitons les donn\u00e9es \u00e0 caract\u00e8re personnel des abonn\u00e9s \u00e0 la lettre d'information dans le seul but de leur envoyer notre lettre d'information. Nous traitons les donn\u00e9es personnelles des utilisateurs enregistr\u00e9s et des abonn\u00e9s payants dans le seul but de g\u00e9rer leur relation avec LA SOCI\u00c9T\u00c9, la collecte des frais (le cas \u00e9ch\u00e9ant), l'organisation d'activit\u00e9s et de campagnes et l'envoi d'informations et de communications commerciales (y compris par des moyens \u00e9lectroniques).<\/span><\/p><p><span style=\"font-weight: 400;\">Les donn\u00e9es personnelles ne seront pas divulgu\u00e9es \u00e0 des tiers (sauf si la loi l'exige) et seront conserv\u00e9es pendant une p\u00e9riode de six (6) ans conform\u00e9ment \u00e0 la r\u00e9glementation comptable en vigueur et, le cas \u00e9ch\u00e9ant, pendant dix (10) ans conform\u00e9ment \u00e0 la r\u00e9glementation relative \u00e0 la pr\u00e9vention du blanchiment d'argent.<\/span><\/p><p><span style=\"font-weight: 400;\">L'utilisateur peut acc\u00e9der aux donn\u00e9es personnelles, ainsi que demander la rectification des donn\u00e9es inexactes ou, le cas \u00e9ch\u00e9ant, demander l'annulation ou la suppression lorsque les donn\u00e9es ne sont plus n\u00e9cessaires aux fins collect\u00e9es. Vous pouvez \u00e9galement demander la limitation, la portabilit\u00e9 et l'opposition au traitement de vos donn\u00e9es, dans certaines circonstances et pour des raisons li\u00e9es \u00e0 votre situation particuli\u00e8re.<\/span><\/p><p><span style=\"font-weight: 400;\">Vous pouvez r\u00e9voquer votre consentement \u00e0 recevoir des communications commerciales et exercer les droits susmentionn\u00e9s en envoyant un courrier \u00e9lectronique \u00e0 l'adresse suivante\u00a0<\/span><a href=\"mailto:oi.natdametto@gmail.com\" target=\"_blank\" rel=\"noopener\">\u00e0 l'adresse oi.natdametto@gmail.com<\/a>\u00a0<span style=\"font-weight: 400;\">soit par courrier ordinaire au responsable du fichier situ\u00e9 au si\u00e8ge social de LA SOCI\u00c9T\u00c9, dans les deux cas avec la r\u00e9f\u00e9rence : \"Protection des donn\u00e9es\", au moyen d'une lettre sign\u00e9e \u00e0 cet effet et en joignant une copie de votre carte d'identit\u00e9 nationale.<\/span><\/p><p><b>Informations sur les cookies<\/b><b><br \/><\/b><span style=\"font-weight: 400;\">Le site web utilise des cookies lorsque les utilisateurs naviguent sur ses sites web afin de faciliter la personnalisation et la commodit\u00e9 de la navigation.<\/span><\/p><p><span style=\"font-weight: 400;\">Un cookie est un \u00e9l\u00e9ment d'information envoy\u00e9 par un serveur de pages web \u00e0 un navigateur qui peut \u00eatre renvoy\u00e9 par le navigateur lors d'acc\u00e8s ult\u00e9rieurs \u00e0 ce serveur. Les cookies sont associ\u00e9s \u00e0 l'utilisateur anonyme et \u00e0 son ordinateur et ne fournissent pas en eux-m\u00eames le nom ou le pr\u00e9nom de l'utilisateur.<\/span><\/p><p><span style=\"font-weight: 400;\">Les cookies de Google sont utilis\u00e9s sur ce site pour diffuser des annonces en fonction des visites pr\u00e9c\u00e9dentes sur le site ou sur d'autres sites qui diffusent \u00e9galement des annonces de Google. Les utilisateurs peuvent refuser d'\u00eatre suivis par les cookies publicitaires en se rendant sur :<\/span><a href=\"https:\/\/www.google.com\/settings\/ads\" target=\"_blank\" rel=\"noopener\"> <span style=\"font-weight: 400;\">https:\/\/www.google.com\/settings\/ads<\/span><\/a><\/p><p><b>Type de cookies<\/b><b><br \/><\/b><span style=\"font-weight: 400;\">Cookies d'enregistrement : pour identifier l'utilisateur qui s'est connect\u00e9.<\/span><span style=\"font-weight: 400;\"><br \/><\/span><span style=\"font-weight: 400;\">Cookies publicitaires : afin de proposer un contenu publicitaire en rapport avec les int\u00e9r\u00eats de l'utilisateur, soit directement, soit par l'interm\u00e9diaire de tiers appel\u00e9s \"Adservers\".<\/span><span style=\"font-weight: 400;\"><br \/><\/span><span style=\"font-weight: 400;\">Cookies analytiques : pour obtenir des informations relatives \u00e0 la mesure de l'audience.<\/span><span style=\"font-weight: 400;\"><br \/><\/span><span style=\"font-weight: 400;\">Cookies de g\u00e9olocalisation : ils fournissent des informations sur la situation g\u00e9ographique de l'utilisateur.<\/span><span style=\"font-weight: 400;\"><br \/><\/span><span style=\"font-weight: 400;\">L'utilisateur a la possibilit\u00e9 de configurer son navigateur pour \u00eatre inform\u00e9 de la r\u00e9ception de cookies, avec la possibilit\u00e9, s'il le souhaite, d'emp\u00eacher leur installation sur son disque dur. L'installation de cookies n'est toutefois pas n\u00e9cessaire pour acc\u00e9der au site web.<\/span><\/p><p><span style=\"font-weight: 400;\">Selon le type de navigateur que vous utilisez, vous pouvez d\u00e9sactiver l'utilisation des cookies dans :<\/span><\/p><p><span style=\"font-weight: 400;\">Chrome : Param\u00e8tres &gt; Param\u00e8tres avanc\u00e9s &gt; Confidentialit\u00e9 et s\u00e9curit\u00e9 &gt; Param\u00e8tres de contenu<\/span><span style=\"font-weight: 400;\"><br \/><\/span><span style=\"font-weight: 400;\">Firefox : Options &gt; Confidentialit\u00e9 et s\u00e9curit\u00e9<\/span><span style=\"font-weight: 400;\"><br \/><\/span><span style=\"font-weight: 400;\">Edge : Param\u00e8tres &gt; Param\u00e8tres avanc\u00e9s &gt; Confidentialit\u00e9 et services<\/span><span style=\"font-weight: 400;\"><br \/><\/span><span style=\"font-weight: 400;\">Safari : Pr\u00e9f\u00e9rences &gt; Confidentialit\u00e9<\/span><\/p><p><b>LSSICE<\/b><b><br \/><\/b><span style=\"font-weight: 400;\">Nous vous informons \u00e9galement que nous n'utilisons pas ces donn\u00e9es pour envoyer des communications commerciales non sollicit\u00e9es par courrier \u00e9lectronique ou non express\u00e9ment et pr\u00e9alablement autoris\u00e9es par l'int\u00e9ress\u00e9, comme le stipule la LSSICE.<\/span><\/p><p><b>Communications<\/b><b><br \/><\/b><span style=\"font-weight: 400;\">Pour effectuer toute notification relative au pr\u00e9sent contrat, la SOCI\u00c9T\u00c9 d\u00e9signe express\u00e9ment comme adresse celle qui appara\u00eet dans le pr\u00e9sent texte et l'utilisateur d\u00e9signe express\u00e9ment comme adresse celle qui appara\u00eet dans le formulaire de demande. Afin d?ex\u00e9cuter le contrat, l?utilisateur est tenu de maintenir op\u00e9rationnelle, active et mise \u00e0 jour l?adresse de courrier \u00e9lectronique (e-mail) fournie pour les communications avec la SOCI\u00c9T\u00c9, \u00e9tant donn\u00e9 qu?elle constitue le moyen de communication pr\u00e9f\u00e9rentiel (bien qu?elle ne soit pas la seule). En g\u00e9n\u00e9ral, l'utilisateur s'engage \u00e0 maintenir ses coordonn\u00e9es personnelles et de contact \u00e0 jour en permanence ; et doit communiquer, de mani\u00e8re fiable, tout changement. \u00c0 d\u00e9faut, les notifications envoy\u00e9es \u00e0 l'adresse indiqu\u00e9e dans le formulaire seront consid\u00e9r\u00e9es comme valables.<\/span><\/p><p><b>Nullit\u00e9 et inefficacit\u00e9 des clauses<\/b><b><br \/><\/b><span style=\"font-weight: 400;\">Si une clause de la pr\u00e9sente politique de confidentialit\u00e9, de la politique de confidentialit\u00e9 et de la politique en mati\u00e8re de cookies est d\u00e9clar\u00e9e totalement ou partiellement nulle ou inefficace, cela n'affectera que la disposition ou la partie de celle-ci qui est nulle ou inefficace, le reste des conditions g\u00e9n\u00e9rales subsistant \u00e0 tous autres \u00e9gards et la disposition ou la partie de celle-ci qui est affect\u00e9e \u00e9tant consid\u00e9r\u00e9e comme non incluse, \u00e0 moins que, si elle est essentielle \u00e0 ces conditions g\u00e9n\u00e9rales, elle ne les affecte de mani\u00e8re int\u00e9grale.<\/span><\/p><p><b>Droit applicable et juridiction<\/b><b><br \/><\/b><span style=\"font-weight: 400;\">Pour la r\u00e9solution de tous les litiges ou questions li\u00e9s \u00e0 ce site web ou aux activit\u00e9s qui y sont men\u00e9es, la l\u00e9gislation espagnole s'appliquera dans tous les cas, ce \u00e0 quoi les parties se soumettent express\u00e9ment. Le simple fait d'utiliser les services de ce site suppose l'acceptation expresse de la juridiction espagnole.<\/span><\/p><p><span style=\"font-weight: 400;\">De m\u00eame, et \u00e0 l'exception de ce qui est exprim\u00e9 dans le paragraphe suivant, les parties intervenantes conviennent que tout litige, diff\u00e9rend, question ou r\u00e9clamation r\u00e9sultant de l'ex\u00e9cution ou de l'interpr\u00e9tation des pr\u00e9sentes conditions ou des textes connexes ou autres qui peuvent exister sur le site Web, sera d\u00e9finitivement r\u00e9solu par la soumission aux cours et tribunaux de Barcelone, en renon\u00e7ant express\u00e9ment \u00e0 toute autre juridiction ou comp\u00e9tence qui pourrait \u00eatre comp\u00e9tente.<\/span><\/p><p><span style=\"font-weight: 400;\">Le paragraphe pr\u00e9c\u00e9dent ne s'applique pas dans le cas o\u00f9 l'une des parties est un consommateur ou un utilisateur selon la d\u00e9finition de la r\u00e9glementation pour la protection des consommateurs et des utilisateurs (d\u00e9cret l\u00e9gislatif royal 1\/2007, du 16 novembre, approuvant le texte r\u00e9vis\u00e9 de la loi g\u00e9n\u00e9rale pour la d\u00e9fense des consommateurs et des utilisateurs et d'autres lois compl\u00e9mentaires), auquel cas (et pour un conflit connexe couvert par la loi) la position d\u00e9sign\u00e9e dans ladite l\u00e9gislation s'appliquera de mani\u00e8re pr\u00e9f\u00e9rentielle.<\/span><\/p>\t\t\t\t\t\t\t\t<\/div>\n\t\t\t\t<\/div>\n\t\t\t\t\t<\/div>\n\t\t\t\t<\/div>\n\t\t\t\t<\/div>","protected":false},"excerpt":{"rendered":"<p>La presente Pol\u00edtica de Privacidad constituye junto con las Normas de participaci\u00f3n y el aviso legal el marco jur\u00eddico que regula el uso del sitio web https:\/\/vitralesdametto.com. La presente Pol\u00edtica de Privacidad en concreto regula el uso y tratamiento que LA EMPRESA da a sus datos de car\u00e1cter personal como usuario del Sitio web, ya [&hellip;]<\/p>","protected":false},"author":1,"featured_media":0,"parent":0,"menu_order":0,"comment_status":"closed","ping_status":"closed","template":"","meta":{"site-sidebar-layout":"no-sidebar","site-content-layout":"page-builder","ast-site-content-layout":"full-width-container","site-content-style":"default","site-sidebar-style":"default","ast-global-header-display":"","ast-banner-title-visibility":"","ast-main-header-display":"","ast-hfb-above-header-display":"","ast-hfb-below-header-display":"","ast-hfb-mobile-header-display":"","site-post-title":"disabled","ast-breadcrumbs-content":"","ast-featured-img":"disabled","footer-sml-layout":"","ast-disable-related-posts":"","theme-transparent-header-meta":"","adv-header-id-meta":"","stick-header-meta":"","header-above-stick-meta":"","header-main-stick-meta":"","header-below-stick-meta":"","astra-migrate-meta-layouts":"set","ast-page-background-enabled":"default","ast-page-background-meta":{"desktop":{"background-color":"","background-image":"","background-repeat":"repeat","background-position":"center center","background-size":"auto","background-attachment":"scroll","background-type":"","background-media":"","overlay-type":"","overlay-color":"","overlay-opacity":"","overlay-gradient":""},"tablet":{"background-color":"","background-image":"","background-repeat":"repeat","background-position":"center center","background-size":"auto","background-attachment":"scroll","background-type":"","background-media":"","overlay-type":"","overlay-color":"","overlay-opacity":"","overlay-gradient":""},"mobile":{"background-color":"","background-image":"","background-repeat":"repeat","background-position":"center center","background-size":"auto","background-attachment":"scroll","background-type":"","background-media":"","overlay-type":"","overlay-color":"","overlay-opacity":"","overlay-gradient":""}},"ast-content-background-meta":{"desktop":{"background-color":"var(--ast-global-color-5)","background-image":"","background-repeat":"repeat","background-position":"center center","background-size":"auto","background-attachment":"scroll","background-type":"","background-media":"","overlay-type":"","overlay-color":"","overlay-opacity":"","overlay-gradient":""},"tablet":{"background-color":"var(--ast-global-color-5)","background-image":"","background-repeat":"repeat","background-position":"center center","background-size":"auto","background-attachment":"scroll","background-type":"","background-media":"","overlay-type":"","overlay-color":"","overlay-opacity":"","overlay-gradient":""},"mobile":{"background-color":"var(--ast-global-color-5)","background-image":"","background-repeat":"repeat","background-position":"center center","background-size":"auto","background-attachment":"scroll","background-type":"","background-media":"","overlay-type":"","overlay-color":"","overlay-opacity":"","overlay-gradient":""}},"footnotes":""},"class_list":["post-1224","page","type-page","status-publish","hentry"],"_links":{"self":[{"href":"https:\/\/vitralesdametto.com\/fr\/wp-json\/wp\/v2\/pages\/1224","targetHints":{"allow":["GET"]}}],"collection":[{"href":"https:\/\/vitralesdametto.com\/fr\/wp-json\/wp\/v2\/pages"}],"about":[{"href":"https:\/\/vitralesdametto.com\/fr\/wp-json\/wp\/v2\/types\/page"}],"author":[{"embeddable":true,"href":"https:\/\/vitralesdametto.com\/fr\/wp-json\/wp\/v2\/users\/1"}],"replies":[{"embeddable":true,"href":"https:\/\/vitralesdametto.com\/fr\/wp-json\/wp\/v2\/comments?post=1224"}],"version-history":[{"count":4,"href":"https:\/\/vitralesdametto.com\/fr\/wp-json\/wp\/v2\/pages\/1224\/revisions"}],"predecessor-version":[{"id":1228,"href":"https:\/\/vitralesdametto.com\/fr\/wp-json\/wp\/v2\/pages\/1224\/revisions\/1228"}],"wp:attachment":[{"href":"https:\/\/vitralesdametto.com\/fr\/wp-json\/wp\/v2\/media?parent=1224"}],"curies":[{"name":"wp","href":"https:\/\/api.w.org\/{rel}","templated":true}]}}