{"id":1216,"date":"2025-03-04T11:57:14","date_gmt":"2025-03-04T11:57:14","guid":{"rendered":"https:\/\/vitralesdametto.com\/?page_id=1216"},"modified":"2025-04-09T09:29:20","modified_gmt":"2025-04-09T09:29:20","slug":"declaracion-de-accesibilidad","status":"publish","type":"page","link":"https:\/\/vitralesdametto.com\/fr\/declaracion-de-accesibilidad\/","title":{"rendered":"D\u00e9claration d'accessibilit\u00e9"},"content":{"rendered":"<div data-elementor-type=\"wp-page\" data-elementor-id=\"1216\" class=\"elementor elementor-1216\" data-elementor-post-type=\"page\">\n\t\t\t\t<div class=\"elementor-element elementor-element-7afcabe e-flex e-con-boxed e-con e-parent\" data-id=\"7afcabe\" data-element_type=\"container\">\n\t\t\t\t\t<div class=\"e-con-inner\">\n\t\t\t\t<div class=\"elementor-element elementor-element-0d9cda0 elementor-widget elementor-widget-heading\" data-id=\"0d9cda0\" data-element_type=\"widget\" data-widget_type=\"heading.default\">\n\t\t\t\t<div class=\"elementor-widget-container\">\n\t\t\t\t\t<h2 class=\"elementor-heading-title elementor-size-default\">D\u00e9claration d'accessibilit\u00e9<\/h2>\t\t\t\t<\/div>\n\t\t\t\t<\/div>\n\t\t\t\t<div class=\"elementor-element elementor-element-f22404b elementor-widget elementor-widget-text-editor\" data-id=\"f22404b\" data-element_type=\"widget\" data-widget_type=\"text-editor.default\">\n\t\t\t\t<div class=\"elementor-widget-container\">\n\t\t\t\t\t\t\t\t\t<p><span style=\"font-weight: 400;\">Nous nous engageons \u00e0 rendre notre site web accessible conform\u00e9ment \u00e0 la <\/span><a href=\"https:\/\/www.boe.es\/buscar\/act.php?id=BOE-A-2018-12699\" target=\"_blank\" rel=\"noopener\"><span style=\"font-weight: 400;\">Arr\u00eat\u00e9 royal 1112\/2018 du 7 septembre 2018<\/span><\/a><span style=\"font-weight: 400;\">sur l'accessibilit\u00e9 des sites web et des applications mobiles du secteur public (ci-apr\u00e8s, l'arr\u00eat\u00e9 royal 1112\/2018 du 7 septembre).<\/span><\/p>\n<p><b>\u00c9tat de conformit\u00e9<\/b><\/p>\n<p><span style=\"font-weight: 400;\">Ce site web est <\/span><b>partiellement conforme<\/b><span style=\"font-weight: 400;\"> avec le d\u00e9cret royal 1112\/2018, du 7 septembre, en raison de la non-conformit\u00e9 des aspects suivants.<\/span><\/p>\n<p><b>Contenu non accessible<\/b><\/p>\n<p><span style=\"font-weight: 400;\">Le contenu ci-dessous n'est pas accessible pour les raisons suivantes :<\/span><\/p>\n<ol>\n<li style=\"font-weight: 400;\" aria-level=\"1\"><b>Charge disproportionn\u00e9e<\/b><span style=\"font-weight: 400;\">sans objet.<\/span><\/li>\n<\/ol>\n<p><b>Pr\u00e9paration de la pr\u00e9sente d\u00e9claration d'accessibilit\u00e9<\/b><\/p>\n<p><span style=\"font-weight: 400;\">Cette d\u00e9claration a \u00e9t\u00e9 pr\u00e9par\u00e9e par <\/span><span style=\"font-weight: 400;\">04 mars 2025<\/span><span style=\"font-weight: 400;\">.<\/span><\/p>\n<p><span style=\"font-weight: 400;\">La m\u00e9thode utilis\u00e9e pour pr\u00e9parer la d\u00e9claration est une auto-\u00e9valuation r\u00e9alis\u00e9e par l'agence elle-m\u00eame.<\/span><\/p>\n<p><b>Remarques et coordonn\u00e9es<\/b><\/p>\n<p><span style=\"font-weight: 400;\">Vous pouvez faire des communications sur les exigences d'accessibilit\u00e9 (article 10.2.a) du d\u00e9cret royal 1112\/2018, du 7 septembre) comme, par exemple :<\/span><\/p>\n<ul>\n<li style=\"font-weight: 400;\" aria-level=\"1\"><span style=\"font-weight: 400;\">Pour signaler tout manquement \u00e9ventuel \u00e0 la r\u00e9glementation de ce site web.<\/span><\/li>\n<li style=\"font-weight: 400;\" aria-level=\"1\"><span style=\"font-weight: 400;\">Transmettre d'autres difficult\u00e9s d'acc\u00e8s au contenu.<\/span><\/li>\n<li style=\"font-weight: 400;\" aria-level=\"1\"><span style=\"font-weight: 400;\">de formuler toute autre demande ou suggestion d'am\u00e9lioration concernant l'accessibilit\u00e9 du site web.<\/span><\/li>\n<\/ul>\n<p><span style=\"font-weight: 400;\">Par les canaux suivants :<\/span><\/p>\n<ul>\n<li style=\"font-weight: 400;\" aria-level=\"1\"><span style=\"font-weight: 400;\">E-mail :&nbsp;<\/span>oi.natdametto@gmail.com<\/li>\n<li style=\"font-weight: 400;\" aria-level=\"1\"><span style=\"font-weight: 400;\">T\u00e9l\u00e9phone :&nbsp;<\/span>+34 607 164 418<\/li>\n<\/ul>\n<p><span style=\"font-weight: 400;\">Les communications seront re\u00e7ues et trait\u00e9es par la direction de l'entreprise, en tant qu'unit\u00e9 responsable du contenu de ce site web.<\/span><\/p>\n<p><b>Contenu optionnel<\/b><\/p>\n<p><span style=\"font-weight: 400;\">La version actuellement visible de ce site web <\/span><span style=\"font-weight: 400;\">est mars 2025<\/span><span style=\"font-weight: 400;\">&nbsp;et \u00e0 cette date, le niveau d'accessibilit\u00e9 actuel a \u00e9t\u00e9 revu.<\/span><\/p>\n<p><span style=\"font-weight: 400;\">\u00c0 partir de cette date, des examens partiels quotidiens sont effectu\u00e9s sur les contenus web nouveaux ou modifi\u00e9s, tant sur les mod\u00e8les que sur les pages et documents finaux publi\u00e9s, afin de garantir le respect des exigences d'accessibilit\u00e9 de la norme UNE-EN 301549:2019, compte tenu des exceptions du d\u00e9cret royal 1112\/2018, du 7 septembre.<\/span><\/p>\n<p><span style=\"font-weight: 400;\">Les mesures suivantes sont notamment prises pour faciliter l'accessibilit\u00e9 :<\/span><\/p>\n<ul>\n<li style=\"font-weight: 400;\" aria-level=\"1\"><span style=\"font-weight: 400;\">Utilisation d'un texte alternatif sur les images<\/span><\/li>\n<li style=\"font-weight: 400;\" aria-level=\"1\"><span style=\"font-weight: 400;\">Les liens fournissent des d\u00e9tails sur la fonction ou la destination de l'hyperlien.<\/span><\/li>\n<li style=\"font-weight: 400;\" aria-level=\"1\"><span style=\"font-weight: 400;\">Utilisation des normes du W3C : XHTML 1.0, CSS 3.0, WAI AA.<\/span><\/li>\n<\/ul>\t\t\t\t\t\t\t\t<\/div>\n\t\t\t\t<\/div>\n\t\t\t\t\t<\/div>\n\t\t\t\t<\/div>\n\t\t\t\t<\/div>","protected":false},"excerpt":{"rendered":"<p>Estamos comprometidos a hacer accesible nuestro sitio web de conformidad con el Real Decreto 1112\/2018, de 7 de septiembre, sobre accesibilidad de los sitios web y aplicaciones para dispositivos m\u00f3viles del sector p\u00fablico (en adelante, Real Decreto 1112\/2018, de 7 de septiembre). Situaci\u00f3n de cumplimiento Este sitio web es parcialmente conforme con el Real Decreto [&hellip;]<\/p>","protected":false},"author":1,"featured_media":0,"parent":0,"menu_order":0,"comment_status":"closed","ping_status":"closed","template":"","meta":{"site-sidebar-layout":"no-sidebar","site-content-layout":"page-builder","ast-site-content-layout":"full-width-container","site-content-style":"default","site-sidebar-style":"default","ast-global-header-display":"","ast-banner-title-visibility":"","ast-main-header-display":"","ast-hfb-above-header-display":"","ast-hfb-below-header-display":"","ast-hfb-mobile-header-display":"","site-post-title":"disabled","ast-breadcrumbs-content":"","ast-featured-img":"disabled","footer-sml-layout":"","ast-disable-related-posts":"","theme-transparent-header-meta":"","adv-header-id-meta":"","stick-header-meta":"","header-above-stick-meta":"","header-main-stick-meta":"","header-below-stick-meta":"","astra-migrate-meta-layouts":"set","ast-page-background-enabled":"default","ast-page-background-meta":{"desktop":{"background-color":"","background-image":"","background-repeat":"repeat","background-position":"center center","background-size":"auto","background-attachment":"scroll","background-type":"","background-media":"","overlay-type":"","overlay-color":"","overlay-opacity":"","overlay-gradient":""},"tablet":{"background-color":"","background-image":"","background-repeat":"repeat","background-position":"center center","background-size":"auto","background-attachment":"scroll","background-type":"","background-media":"","overlay-type":"","overlay-color":"","overlay-opacity":"","overlay-gradient":""},"mobile":{"background-color":"","background-image":"","background-repeat":"repeat","background-position":"center center","background-size":"auto","background-attachment":"scroll","background-type":"","background-media":"","overlay-type":"","overlay-color":"","overlay-opacity":"","overlay-gradient":""}},"ast-content-background-meta":{"desktop":{"background-color":"var(--ast-global-color-5)","background-image":"","background-repeat":"repeat","background-position":"center center","background-size":"auto","background-attachment":"scroll","background-type":"","background-media":"","overlay-type":"","overlay-color":"","overlay-opacity":"","overlay-gradient":""},"tablet":{"background-color":"var(--ast-global-color-5)","background-image":"","background-repeat":"repeat","background-position":"center center","background-size":"auto","background-attachment":"scroll","background-type":"","background-media":"","overlay-type":"","overlay-color":"","overlay-opacity":"","overlay-gradient":""},"mobile":{"background-color":"var(--ast-global-color-5)","background-image":"","background-repeat":"repeat","background-position":"center center","background-size":"auto","background-attachment":"scroll","background-type":"","background-media":"","overlay-type":"","overlay-color":"","overlay-opacity":"","overlay-gradient":""}},"footnotes":""},"class_list":["post-1216","page","type-page","status-publish","hentry"],"_links":{"self":[{"href":"https:\/\/vitralesdametto.com\/fr\/wp-json\/wp\/v2\/pages\/1216","targetHints":{"allow":["GET"]}}],"collection":[{"href":"https:\/\/vitralesdametto.com\/fr\/wp-json\/wp\/v2\/pages"}],"about":[{"href":"https:\/\/vitralesdametto.com\/fr\/wp-json\/wp\/v2\/types\/page"}],"author":[{"embeddable":true,"href":"https:\/\/vitralesdametto.com\/fr\/wp-json\/wp\/v2\/users\/1"}],"replies":[{"embeddable":true,"href":"https:\/\/vitralesdametto.com\/fr\/wp-json\/wp\/v2\/comments?post=1216"}],"version-history":[{"count":7,"href":"https:\/\/vitralesdametto.com\/fr\/wp-json\/wp\/v2\/pages\/1216\/revisions"}],"predecessor-version":[{"id":1223,"href":"https:\/\/vitralesdametto.com\/fr\/wp-json\/wp\/v2\/pages\/1216\/revisions\/1223"}],"wp:attachment":[{"href":"https:\/\/vitralesdametto.com\/fr\/wp-json\/wp\/v2\/media?parent=1216"}],"curies":[{"name":"wp","href":"https:\/\/api.w.org\/{rel}","templated":true}]}}