{"id":1211,"date":"2025-03-04T11:55:28","date_gmt":"2025-03-04T11:55:28","guid":{"rendered":"https:\/\/vitralesdametto.com\/?page_id=1211"},"modified":"2025-04-09T09:29:27","modified_gmt":"2025-04-09T09:29:27","slug":"politica-de-cookies","status":"publish","type":"page","link":"https:\/\/vitralesdametto.com\/fr\/politica-de-cookies\/","title":{"rendered":"Politique en mati\u00e8re de cookies"},"content":{"rendered":"<div data-elementor-type=\"wp-page\" data-elementor-id=\"1211\" class=\"elementor elementor-1211\" data-elementor-post-type=\"page\">\n\t\t\t\t<div class=\"elementor-element elementor-element-ae5b997 e-flex e-con-boxed e-con e-parent\" data-id=\"ae5b997\" data-element_type=\"container\">\n\t\t\t\t\t<div class=\"e-con-inner\">\n\t\t\t\t<div class=\"elementor-element elementor-element-7f7af10 elementor-widget elementor-widget-heading\" data-id=\"7f7af10\" data-element_type=\"widget\" data-widget_type=\"heading.default\">\n\t\t\t\t<div class=\"elementor-widget-container\">\n\t\t\t\t\t<h2 class=\"elementor-heading-title elementor-size-default\">Politique en mati\u00e8re de cookies<\/h2>\t\t\t\t<\/div>\n\t\t\t\t<\/div>\n\t\t\t\t<div class=\"elementor-element elementor-element-9bfe31c elementor-widget elementor-widget-text-editor\" data-id=\"9bfe31c\" data-element_type=\"widget\" data-widget_type=\"text-editor.default\">\n\t\t\t\t<div class=\"elementor-widget-container\">\n\t\t\t\t\t\t\t\t\t<p><b>Qu'est-ce qu'un biscuit ?<\/b><\/p><p><span style=\"font-weight: 400;\">Les cookies sont de petits fichiers de donn\u00e9es qui sont re\u00e7us sur le terminal \u00e0 partir du site web visit\u00e9 et qui sont utilis\u00e9s pour enregistrer certaines interactions de navigation sur un site web en stockant des donn\u00e9es qui peuvent \u00eatre mises \u00e0 jour et r\u00e9cup\u00e9r\u00e9es. Ces fichiers sont stock\u00e9s sur l'ordinateur de l'utilisateur et contiennent des donn\u00e9es anonymes qui ne nuisent pas \u00e0 l'ordinateur de l'utilisateur. Ils sont utilis\u00e9s pour m\u00e9moriser les pr\u00e9f\u00e9rences de l'utilisateur, telles que la langue s\u00e9lectionn\u00e9e, les donn\u00e9es d'acc\u00e8s ou la personnalisation de la page.<\/span><\/p><p><span style=\"font-weight: 400;\">\u00a0<\/span><\/p><p><span style=\"font-weight: 400;\">Les cookies peuvent \u00e9galement \u00eatre utilis\u00e9s pour enregistrer des informations anonymes sur la mani\u00e8re dont le visiteur utilise le site. Par exemple, \u00e0 partir de quelle page web vous avez acc\u00e9d\u00e9 au site ou si vous avez utilis\u00e9 une banni\u00e8re publicitaire pour y acc\u00e9der.<\/span><\/p><p><span style=\"font-weight: 400;\">\u00a0<\/span><\/p><p><b>Pourquoi ce site web utilise-t-il des cookies ?<\/b><\/p><p><span style=\"font-weight: 400;\">CE SITE WEB utilise des cookies qui sont strictement n\u00e9cessaires et indispensables pour vous permettre d'utiliser nos sites web et de circuler librement, d'utiliser des zones s\u00e9curis\u00e9es, de configurer des options personnalis\u00e9es, etc. Il utilise \u00e9galement des cookies qui collectent des donn\u00e9es relatives \u00e0 l'analyse de l'utilisation du site web. Ils sont utilis\u00e9s pour am\u00e9liorer le service \u00e0 l'utilisateur, en mesurant l'utilisation et les performances de la page afin de l'optimiser et de la personnaliser.<\/span><\/p><p><span style=\"font-weight: 400;\">\u00a0<\/span><\/p><p><span style=\"font-weight: 400;\">Nos sites peuvent \u00e9galement contenir des liens vers des r\u00e9seaux sociaux (tels que Facebook ou Twitter). THIS WEBSITE ne contr\u00f4le pas les cookies utilis\u00e9s par ces sites externes. Pour plus d'informations sur les cookies des r\u00e9seaux sociaux ou d'autres sites web externes, nous vous conseillons de consulter leurs propres politiques en mati\u00e8re de cookies.<\/span><\/p><p><span style=\"font-weight: 400;\">\u00a0<\/span><\/p><p><b>Comment utilisons-nous les diff\u00e9rents types de cookies ?<\/b><\/p><p><b>En fonction de leur objectif :<\/b><\/p><p><span style=\"font-weight: 400;\">Cookies techniques<\/span><\/p><p><span style=\"font-weight: 400;\">Les cookies sont des techniques essentielles et strictement n\u00e9cessaires au bon fonctionnement d'un portail web et \u00e0 l'utilisation des diff\u00e9rentes options et services qu'il propose.<\/span><\/p><p><span style=\"font-weight: 400;\"><br \/><\/span><span style=\"font-weight: 400;\">Par exemple, ceux qui servent \u00e0 la maintenance de la session, \u00e0 la gestion du temps de r\u00e9ponse, aux options de performance ou de validation, \u00e0 l'utilisation des fonctions de s\u00e9curit\u00e9, au partage de contenu avec les r\u00e9seaux sociaux, etc.<\/span><\/p><p><span style=\"font-weight: 400;\">\u00a0<\/span><\/p><p><span style=\"font-weight: 400;\">Cookies de personnalisation<\/span><\/p><p><span style=\"font-weight: 400;\">Ces cookies permettent \u00e0 l'utilisateur de sp\u00e9cifier ou de personnaliser certaines caract\u00e9ristiques des options g\u00e9n\u00e9rales du site web. Par exemple, pour d\u00e9finir la langue, la configuration r\u00e9gionale ou le type de navigateur.<\/span><\/p><p><span style=\"font-weight: 400;\">\u00a0<\/span><\/p><p><span style=\"font-weight: 400;\">Cookies analytiques<\/span><\/p><p><span style=\"font-weight: 400;\">Les cookies analytiques sont ceux utilis\u00e9s par nos portails web pour cr\u00e9er des profils de navigation et conna\u00eetre les pr\u00e9f\u00e9rences des utilisateurs afin d'am\u00e9liorer l'offre de produits et de services.<\/span><\/p><p><span style=\"font-weight: 400;\">\u00a0<\/span><\/p><p><span style=\"font-weight: 400;\">Par exemple, un cookie analytique pourrait \u00eatre utilis\u00e9 pour surveiller les zones g\u00e9ographiques qui int\u00e9ressent le plus un utilisateur, le produit le plus populaire, etc.<\/span><\/p><p><span style=\"font-weight: 400;\">\u00a0<\/span><\/p><p><span style=\"font-weight: 400;\">Cookies publicitaires<\/span><\/p><p><span style=\"font-weight: 400;\">Les cookies publicitaires permettent de g\u00e9rer les espaces publicitaires en fonction de crit\u00e8res sp\u00e9cifiques. Par exemple, la fr\u00e9quence d'acc\u00e8s, le contenu \u00e9dit\u00e9, etc.<\/span><\/p><p><span style=\"font-weight: 400;\">\u00a0<\/span><\/p><p><span style=\"font-weight: 400;\">Les cookies publicitaires permettent, par le biais de la gestion de la publicit\u00e9, de stocker des informations comportementales en observant les habitudes, en \u00e9tudiant les acc\u00e8s et en formant un profil des pr\u00e9f\u00e9rences de l'utilisateur, afin d'offrir de la publicit\u00e9 li\u00e9e aux int\u00e9r\u00eats du profil de l'utilisateur.<\/span><\/p><p><span style=\"font-weight: 400;\">\u00a0<\/span><\/p><p><b>Selon la date limite :<\/b><\/p><p><span style=\"font-weight: 400;\">Cookies de session<\/span><\/p><p><span style=\"font-weight: 400;\">Les cookies de session sont ceux qui durent aussi longtemps que l'utilisateur navigue sur le site web et sont supprim\u00e9s lorsque l'utilisateur a termin\u00e9 sa navigation.<\/span><\/p><p><span style=\"font-weight: 400;\">\u00a0<\/span><\/p><p><span style=\"font-weight: 400;\">Cookies persistants<\/span><\/p><p><span style=\"font-weight: 400;\">Ces cookies sont stock\u00e9s dans le terminal de l'utilisateur pendant une p\u00e9riode plus longue, ce qui permet de contr\u00f4ler plus facilement les pr\u00e9f\u00e9rences choisies sans avoir \u00e0 r\u00e9p\u00e9ter certains param\u00e8tres \u00e0 chaque visite du site web.<\/span><\/p><p><span style=\"font-weight: 400;\">\u00a0<\/span><\/p><p><b>Que se passe-t-il si je ne veux pas de ces biscuits ou si je ne fais rien ?<\/b><\/p><p><span style=\"font-weight: 400;\">Afin de respecter la l\u00e9gislation en vigueur, nous devons vous demander l'autorisation de g\u00e9rer les cookies. Si vous d\u00e9cidez de ne pas autoriser le traitement en nous faisant part de votre d\u00e9saccord, nous n'utiliserons que des cookies techniques, car ils sont indispensables \u00e0 la navigation sur notre site web. Dans ce cas, nous ne stockerons aucun cookie. Si vous continuez \u00e0 naviguer sur notre site web sans refuser la permission, cela implique que vous acceptez leur utilisation.<\/span><\/p><p><span style=\"font-weight: 400;\">\u00a0<\/span><\/p><p><span style=\"font-weight: 400;\">Veuillez noter que si vous refusez ou supprimez les cookies de navigation, nous ne pourrons pas conserver vos pr\u00e9f\u00e9rences, certaines fonctions des pages ne seront pas op\u00e9rationnelles, nous ne pourrons pas vous offrir des services personnalis\u00e9s et, \u00e0 chaque fois que vous naviguerez sur notre site web, nous devrons vous demander \u00e0 nouveau l'autorisation d'utiliser des cookies.<\/span><\/p><p><span style=\"font-weight: 400;\">\u00a0<\/span><\/p><p><span style=\"font-weight: 400;\">Si toutefois vous d\u00e9cidez de modifier la configuration de votre acc\u00e8s au site, sachez que vous pouvez \u00e0 tout moment supprimer les cookies ou emp\u00eacher l'enregistrement de ces informations sur votre ordinateur en modifiant les param\u00e8tres de configuration de votre navigateur :<\/span><\/p><p><span style=\"font-weight: 400;\">\u00a0<\/span><\/p><ul><li style=\"font-weight: 400;\" aria-level=\"1\"><a href=\"https:\/\/windows.microsoft.com\/es-es\/windows-vista\/block-or-allow-cookies\" target=\"_blank\" rel=\"noopener\"><span style=\"font-weight: 400;\">Configuration de <\/span><i><span style=\"font-weight: 400;\">biscuits<\/span><\/i><span style=\"font-weight: 400;\"> d'Internet Explorer<\/span><\/a><\/li><li style=\"font-weight: 400;\" aria-level=\"1\"><a href=\"https:\/\/support.mozilla.org\/ca\/kb\/enable-and-disable-cookies-website-preferences\" target=\"_blank\" rel=\"noopener\"><span style=\"font-weight: 400;\">Configuration de <\/span><i><span style=\"font-weight: 400;\">biscuits<\/span><\/i><span style=\"font-weight: 400;\"> de Firefox<\/span><\/a><\/li><li style=\"font-weight: 400;\" aria-level=\"1\"><a href=\"https:\/\/support.google.com\/chrome\/answer\/95647?hl=ca\" target=\"_blank\" rel=\"noopener\"><span style=\"font-weight: 400;\">Configuration de <\/span><i><span style=\"font-weight: 400;\">biscuits<\/span><\/i><span style=\"font-weight: 400;\"> de Google Chrome<\/span><\/a><\/li><li style=\"font-weight: 400;\" aria-level=\"1\"><a href=\"https:\/\/support.apple.com\/kb\/HT1677?viewlocale=es_ES&amp;locale=es_ES\" target=\"_blank\" rel=\"noopener\"><span style=\"font-weight: 400;\">Configuration de <\/span><i><span style=\"font-weight: 400;\">biscuits<\/span><\/i><span style=\"font-weight: 400;\"> de Safari<\/span><\/a><\/li><\/ul><p><span style=\"font-weight: 400;\">\u00a0<\/span><\/p><p><span style=\"font-weight: 400;\">Ces navigateurs font l'objet de mises \u00e0 jour ou de modifications, et nous ne pouvons donc pas garantir qu'ils sont enti\u00e8rement compatibles avec la version de votre navigateur. Vous pouvez \u00e9galement utiliser un autre navigateur non couvert par ces liens, tel que Konqueror, Arora, Flock, etc.<\/span><\/p><p><span style=\"font-weight: 400;\">\u00a0<\/span><\/p><p><span style=\"font-weight: 400;\">Pour \u00e9viter ces incompatibilit\u00e9s, vous pouvez y acc\u00e9der directement \u00e0 partir des options de votre navigateur, qui se trouvent g\u00e9n\u00e9ralement dans le menu Options, sous la rubrique \"Vie priv\u00e9e\". (Veuillez consulter l'aide de votre navigateur pour plus d'informations).<\/span><\/p><p><span style=\"font-weight: 400;\">\u00a0<\/span><\/p><p><b>Les donn\u00e9es collect\u00e9es dans les cookies sont-elles utilis\u00e9es sur d'autres sites web que CE SITE WEB ?<\/b><\/p><p><span style=\"font-weight: 400;\">Certains de nos cookies sont utilis\u00e9s pour g\u00e9n\u00e9rer de la publicit\u00e9 sur des r\u00e9seaux tiers ou pour r\u00e9aliser des analyses pour lesquelles nous utilisons des outils externes \u00e0 CE SITE. Les cookies utilis\u00e9s sont \u00e0 l'usage exclusif de la banque et de son groupe de soci\u00e9t\u00e9s, qui ne les commercialise en aucun cas.<\/span><\/p><p><span style=\"font-weight: 400;\">Dans ce domaine, nous travaillons avec des fournisseurs fiables qui nous aident \u00e0 g\u00e9rer et \u00e0 personnaliser nos pages web.<\/span><\/p><p><span style=\"font-weight: 400;\">\u00a0<\/span><\/p><p><b>Que signifient donc les informations ci-dessus ?<\/b><\/p><p><span style=\"font-weight: 400;\">En acceptant nos cookies, vous nous permettez d'am\u00e9liorer les sites ESTA WEB afin de vous offrir un acc\u00e8s optimal et de vous fournir un service plus efficace et personnalis\u00e9.<\/span><\/p><p><span style=\"font-weight: 400;\">\u00a0<\/span><\/p><p><span style=\"font-weight: 400;\">En outre, vous pouvez configurer votre navigateur de mani\u00e8re \u00e0 ce que seuls les sites ou pages de confiance sur lesquels vous naviguez actuellement g\u00e8rent les cookies, ce qui vous permet de s\u00e9lectionner vos pr\u00e9f\u00e9rences.<\/span><\/p><p><span style=\"font-weight: 400;\">\u00a0<\/span><\/p><p><span style=\"font-weight: 400;\">Avec cette politique, CE SITE WEB d\u00e9montre son engagement envers la l\u00e9gislation en vigueur sur l'utilisation des cookies, en vous fournissant des informations afin que vous puissiez comprendre quel type de cookies nous utilisons et pourquoi nous le faisons. Ce faisant, nous souhaitons vous offrir la transparence en ce qui concerne les donn\u00e9es trait\u00e9es lors de la navigation effectu\u00e9e \u00e0 partir de votre ordinateur sur notre site web.<\/span><\/p><p><span style=\"font-weight: 400;\">Cette politique est revue p\u00e9riodiquement pour s'assurer qu'elle est \u00e0 jour et peut \u00eatre modifi\u00e9e. Nous vous recommandons de visiter r\u00e9guli\u00e8rement le site, o\u00f9 nous vous informerons de toute mise \u00e0 jour.<\/span><\/p><p><span style=\"font-weight: 400;\">\u00a0<\/span><\/p><p><b>O\u00f9 puis-je obtenir plus d'informations ?<\/b><\/p><p><span style=\"font-weight: 400;\">Si vous souhaitez obtenir de plus amples informations sur la directive relative aux cookies, veuillez consulter le Journal officiel de l'\u00c9tat publi\u00e9 le 31 mars 2012 (pour l'Espagne), qui transpose les directives relatives aux communications \u00e9lectroniques. Vous pouvez \u00e9galement consulter la directive \u00e0 l'adresse suivante<\/span><a href=\"https:\/\/ico.org.uk\/\" target=\"_blank\" rel=\"noopener\"> <span style=\"font-weight: 400;\">Bureau du commissaire \u00e0 l'information<\/span><\/a><span style=\"font-weight: 400;\"> (en anglais).<\/span><\/p><p><span style=\"font-weight: 400;\">\u00a0<\/span><\/p><p><span style=\"font-weight: 400;\">En outre, vous pouvez acc\u00e9der \u00e0 des vid\u00e9os didactiques publi\u00e9es par l'Agence espagnole de protection des donn\u00e9es qui expliquent, \u00e9tape par \u00e9tape, comment configurer les options de confidentialit\u00e9 des navigateurs, des r\u00e9seaux sociaux et des syst\u00e8mes d'exploitation mobiles les plus courants, \u00e0 l'adresse suivante<\/span><a href=\"https:\/\/www.youtube.com\/user\/desdelaAEPD\" target=\"_blank\" rel=\"noopener\"> <span style=\"font-weight: 400;\">Vid\u00e9os de l'AEPD<\/span><\/a><span style=\"font-weight: 400;\">.<\/span><\/p>\t\t\t\t\t\t\t\t<\/div>\n\t\t\t\t<\/div>\n\t\t\t\t\t<\/div>\n\t\t\t\t<\/div>\n\t\t\t\t<\/div>","protected":false},"excerpt":{"rendered":"<p>\u00bfQu\u00e9 son las cookies? Las cookies son peque\u00f1os archivos de datos que se reciben en el terminal desde el sitio web visitado y se usan para registrar ciertas interacciones de la navegaci\u00f3n en un sitio web almacenando datos que podr\u00e1n ser actualizados y recuperados. Estos archivos se almacenan en el ordenador del usuario y contienen [&hellip;]<\/p>","protected":false},"author":1,"featured_media":0,"parent":0,"menu_order":0,"comment_status":"closed","ping_status":"closed","template":"","meta":{"site-sidebar-layout":"no-sidebar","site-content-layout":"page-builder","ast-site-content-layout":"full-width-container","site-content-style":"default","site-sidebar-style":"default","ast-global-header-display":"","ast-banner-title-visibility":"","ast-main-header-display":"","ast-hfb-above-header-display":"","ast-hfb-below-header-display":"","ast-hfb-mobile-header-display":"","site-post-title":"disabled","ast-breadcrumbs-content":"","ast-featured-img":"disabled","footer-sml-layout":"","ast-disable-related-posts":"","theme-transparent-header-meta":"","adv-header-id-meta":"","stick-header-meta":"","header-above-stick-meta":"","header-main-stick-meta":"","header-below-stick-meta":"","astra-migrate-meta-layouts":"set","ast-page-background-enabled":"default","ast-page-background-meta":{"desktop":{"background-color":"","background-image":"","background-repeat":"repeat","background-position":"center center","background-size":"auto","background-attachment":"scroll","background-type":"","background-media":"","overlay-type":"","overlay-color":"","overlay-opacity":"","overlay-gradient":""},"tablet":{"background-color":"","background-image":"","background-repeat":"repeat","background-position":"center center","background-size":"auto","background-attachment":"scroll","background-type":"","background-media":"","overlay-type":"","overlay-color":"","overlay-opacity":"","overlay-gradient":""},"mobile":{"background-color":"","background-image":"","background-repeat":"repeat","background-position":"center center","background-size":"auto","background-attachment":"scroll","background-type":"","background-media":"","overlay-type":"","overlay-color":"","overlay-opacity":"","overlay-gradient":""}},"ast-content-background-meta":{"desktop":{"background-color":"var(--ast-global-color-5)","background-image":"","background-repeat":"repeat","background-position":"center center","background-size":"auto","background-attachment":"scroll","background-type":"","background-media":"","overlay-type":"","overlay-color":"","overlay-opacity":"","overlay-gradient":""},"tablet":{"background-color":"var(--ast-global-color-5)","background-image":"","background-repeat":"repeat","background-position":"center center","background-size":"auto","background-attachment":"scroll","background-type":"","background-media":"","overlay-type":"","overlay-color":"","overlay-opacity":"","overlay-gradient":""},"mobile":{"background-color":"var(--ast-global-color-5)","background-image":"","background-repeat":"repeat","background-position":"center center","background-size":"auto","background-attachment":"scroll","background-type":"","background-media":"","overlay-type":"","overlay-color":"","overlay-opacity":"","overlay-gradient":""}},"footnotes":""},"class_list":["post-1211","page","type-page","status-publish","hentry"],"_links":{"self":[{"href":"https:\/\/vitralesdametto.com\/fr\/wp-json\/wp\/v2\/pages\/1211","targetHints":{"allow":["GET"]}}],"collection":[{"href":"https:\/\/vitralesdametto.com\/fr\/wp-json\/wp\/v2\/pages"}],"about":[{"href":"https:\/\/vitralesdametto.com\/fr\/wp-json\/wp\/v2\/types\/page"}],"author":[{"embeddable":true,"href":"https:\/\/vitralesdametto.com\/fr\/wp-json\/wp\/v2\/users\/1"}],"replies":[{"embeddable":true,"href":"https:\/\/vitralesdametto.com\/fr\/wp-json\/wp\/v2\/comments?post=1211"}],"version-history":[{"count":4,"href":"https:\/\/vitralesdametto.com\/fr\/wp-json\/wp\/v2\/pages\/1211\/revisions"}],"predecessor-version":[{"id":1215,"href":"https:\/\/vitralesdametto.com\/fr\/wp-json\/wp\/v2\/pages\/1211\/revisions\/1215"}],"wp:attachment":[{"href":"https:\/\/vitralesdametto.com\/fr\/wp-json\/wp\/v2\/media?parent=1211"}],"curies":[{"name":"wp","href":"https:\/\/api.w.org\/{rel}","templated":true}]}}