{"id":1197,"date":"2025-03-04T11:51:02","date_gmt":"2025-03-04T11:51:02","guid":{"rendered":"https:\/\/vitralesdametto.com\/?page_id=1197"},"modified":"2025-04-09T09:29:10","modified_gmt":"2025-04-09T09:29:10","slug":"aviso-legal","status":"publish","type":"page","link":"https:\/\/vitralesdametto.com\/fr\/aviso-legal\/","title":{"rendered":"Avis juridique"},"content":{"rendered":"<div data-elementor-type=\"wp-page\" data-elementor-id=\"1197\" class=\"elementor elementor-1197\" data-elementor-post-type=\"page\">\n\t\t\t\t<div class=\"elementor-element elementor-element-f354cfd e-flex e-con-boxed e-con e-parent\" data-id=\"f354cfd\" data-element_type=\"container\">\n\t\t\t\t\t<div class=\"e-con-inner\">\n\t\t\t\t<div class=\"elementor-element elementor-element-cb9e8b8 elementor-widget elementor-widget-heading\" data-id=\"cb9e8b8\" data-element_type=\"widget\" data-widget_type=\"heading.default\">\n\t\t\t\t<div class=\"elementor-widget-container\">\n\t\t\t\t\t<h2 class=\"elementor-heading-title elementor-size-default\">Avis juridique<\/h2>\t\t\t\t<\/div>\n\t\t\t\t<\/div>\n\t\t\t\t<div class=\"elementor-element elementor-element-de3c980 elementor-widget elementor-widget-text-editor\" data-id=\"de3c980\" data-element_type=\"widget\" data-widget_type=\"text-editor.default\">\n\t\t\t\t<div class=\"elementor-widget-container\">\n\t\t\t\t\t\t\t\t\t<p><b>IDENTIT\u00c9 DU PROPRI\u00c9TAIRE DU SITE WEB<\/b><\/p><p><b>Nom commercial : <\/b>Vitrail Dametto<\/p><p><b>Nom de l'entreprise : <\/b>Nat\u00e1lia Mosmann Dametto <span style=\"font-weight: 400;\">(d\u00e9sormais LE PORTEUR DE L'INTERNET)<\/span><\/p><p><b>FNI : <\/b>Z0265390K<\/p><p><b>Adresse : <\/b>Carrer de la Ciutat de Granada 28, Barcelona<\/p><p><b>T\u00e9l\u00e9phone : <\/b>+34607164418<\/p><p><b>eMail : <\/b>oi.natdametto@gmail.com<\/p><p><span style=\"font-weight: 400;\">\u00a0<\/span><\/p><p><b>CONDITIONS JURIDIQUES<\/b><\/p><p><span style=\"font-weight: 400;\">L'utilisation de ce site web conf\u00e8re \u00e0 l'utilisateur le statut d'utilisateur du site, ce qui implique l'adh\u00e9sion aux pr\u00e9sentes conditions g\u00e9n\u00e9rales dans la version publi\u00e9e au moment o\u00f9 l'entr\u00e9e est autoris\u00e9e. Par cons\u00e9quent, LE TITULAIRE DU SITE WEB recommande \u00e0 l'utilisateur de les lire attentivement chaque fois qu'il acc\u00e8de au site. L'acc\u00e8s \u00e0 certains contenus offerts par l'interm\u00e9diaire de ce site web peut \u00eatre soumis \u00e0 certaines conditions sp\u00e9cifiques qui, selon le cas, remplacent, compl\u00e8tent et\/ou modifient les pr\u00e9sentes conditions g\u00e9n\u00e9rales. Par cons\u00e9quent, avant d'acc\u00e9der \u00e0 ces contenus et\/ou de les utiliser, l'utilisateur doit \u00e9galement lire attentivement les conditions sp\u00e9cifiques correspondantes. LE TITULAIRE DU SITE INTERNET peut modifier \u00e0 tout moment et sans pr\u00e9avis la conception, la pr\u00e9sentation et\/ou la configuration du site, ainsi que tout ou partie des contenus, et modifier les conditions g\u00e9n\u00e9rales et\/ou les conditions sp\u00e9cifiques requises pour leur utilisation.<\/span><\/p><p><span style=\"font-weight: 400;\">\u00a0<\/span><\/p><p><b>RESPONSABILIT\u00c9 ET GARANTIE DU PROPRI\u00c9TAIRE DU SITE WEB<\/b><\/p><p><b>ACC\u00c8S<\/b><\/p><p><span style=\"font-weight: 400;\">D'une mani\u00e8re g\u00e9n\u00e9rale, l'acc\u00e8s au site est libre et gratuit. Toutefois, le propri\u00e9taire du site se r\u00e9serve le droit, conform\u00e9ment \u00e0 la l\u00e9gislation en vigueur, de limiter l'acc\u00e8s \u00e0 certaines zones du site. Dans ces cas, pour pouvoir acc\u00e9der au service, l'utilisateur doit s'enregistrer en fournissant toutes les informations demand\u00e9es, sous une forme actualis\u00e9e et r\u00e9elle (voir la politique de confidentialit\u00e9). L'utilisation du mot de passe est personnelle et incessible, et il ne peut \u00eatre transf\u00e9r\u00e9, m\u00eame temporairement, \u00e0 des tiers. En ce sens, l'utilisateur s'engage \u00e0 faire preuve de diligence et \u00e0 le garder secret, en assumant toute la responsabilit\u00e9 des cons\u00e9quences de sa divulgation \u00e0 des tiers.<\/span><\/p><p><span style=\"font-weight: 400;\">\u00a0<\/span><\/p><p><b>SOMMAIRE<\/b><\/p><p><span style=\"font-weight: 400;\">LE TITULAIRE DU SITE WEB se r\u00e9serve le droit d'interrompre l'acc\u00e8s \u00e0 son site web, ainsi que la fourniture d'une partie ou de la totalit\u00e9 des contenus fournis par son interm\u00e9diaire, \u00e0 tout moment et sans pr\u00e9avis, que ce soit pour des raisons techniques, de s\u00e9curit\u00e9, de contr\u00f4le, de maintenance, de panne d'\u00e9lectricit\u00e9 ou pour toute autre cause. Cette interruption peut \u00eatre temporaire ou permanente, auquel cas les utilisateurs en seront inform\u00e9s et pourront subir la perte, le cas \u00e9ch\u00e9ant, des informations stock\u00e9es dans les diff\u00e9rents services. Par cons\u00e9quent, LE TITULAIRE DU SITE WEB ne garantit pas la fiabilit\u00e9, la disponibilit\u00e9 ou la continuit\u00e9 de son site web ou de ses contenus, aussi bien les siens que ceux d'autres sites web auxquels il est possible d'acc\u00e9der par le biais de liens, de sorte que l'utilisation de ceux-ci par l'Utilisateur se fait \u00e0 ses propres risques, sans que, \u00e0 aucun moment, la responsabilit\u00e9 du TITULAIRE DU SITE WEB ne puisse \u00eatre engag\u00e9e \u00e0 cet \u00e9gard. Le TITULAIRE DU SITE WEB n'est pas responsable des dommages, pertes, r\u00e9clamations ou d\u00e9penses de toute nature, des informations acquises ou consult\u00e9es par le biais du site web, des virus informatiques, des d\u00e9faillances op\u00e9rationnelles ou des interruptions de service ou de transmission, ou des pannes de ligne. Il est interdit de transmettre ou d'envoyer par l'interm\u00e9diaire du site web des contenus ill\u00e9gaux ou illicites, des virus informatiques ou des messages qui, d'une mani\u00e8re g\u00e9n\u00e9rale, affectent ou violent les droits du TITULAIRE DU SITE WEB ou de tiers.<\/span><\/p><p><span style=\"font-weight: 400;\">\u00a0<\/span><\/p><p><b>PROPRI\u00c9T\u00c9 INDUSTRIELLE ET INTELLECTUELLE<\/b><\/p><p><span style=\"font-weight: 400;\">Ce site web est la propri\u00e9t\u00e9 du TITULAIRE DU SITE WEB. Les droits de propri\u00e9t\u00e9 intellectuelle et les droits d'exploitation et de reproduction de ce site, de ses pages, de ses \u00e9crans, de l'information qu'ils contiennent, de leur apparence et de leur conception, ainsi que des liens \u00e9tablis depuis ce site vers d'autres pages, sont la propri\u00e9t\u00e9 exclusive de ce dernier, sauf indication contraire. Tous les noms, dessins et\/ou logos qui composent cette page sont des marques d\u00fbment enregistr\u00e9es. Toute utilisation abusive de ceux-ci par une personne autre que leur propri\u00e9taire l\u00e9gitime pourra faire l'objet de poursuites conform\u00e9ment \u00e0 la l\u00e9gislation en vigueur. Les droits de propri\u00e9t\u00e9 intellectuelle et les marques de tiers sont d\u00fbment mis en \u00e9vidence et doivent \u00eatre respect\u00e9s par toute personne acc\u00e9dant au site. Le t\u00e9l\u00e9chargement du contenu, la copie ou l'impression de toute page de ce site Web ne sont autoris\u00e9s qu'\u00e0 des fins personnelles et priv\u00e9es. Il est interdit de reproduire, transmettre, modifier ou supprimer les informations, le contenu ou les avertissements de ce site web sans l'autorisation \u00e9crite pr\u00e9alable du TITULAIRE DU SITE WEB.<\/span><\/p><p><span style=\"font-weight: 400;\">\u00a0<\/span><\/p><p><b>DROIT APPLICABLE<\/b><\/p><p><span style=\"font-weight: 400;\">Les pr\u00e9sentes conditions g\u00e9n\u00e9rales sont r\u00e9gies par la loi espagnole.<\/span><\/p><p><span style=\"font-weight: 400;\">\u00a0<\/span><\/p><p><b>POLITIQUE DE CONFIDENTIALIT\u00c9<\/b><\/p><p><span style=\"font-weight: 400;\">Aux fins des dispositions de la l\u00e9gislation en vigueur sur la protection des donn\u00e9es \u00e0 caract\u00e8re personnel, LE TITULAIRE DU SITE WEB informe que les donn\u00e9es \u00e0 caract\u00e8re personnel que vous pourriez fournir en naviguant sur notre site web seront incorpor\u00e9es \u00e0 un traitement de donn\u00e9es sous la responsabilit\u00e9 du TITULAIRE DU SITE WEB, dans le seul but de pouvoir g\u00e9rer votre demande. Seulement si l'utilisateur a donn\u00e9 son consentement expr\u00e8s, LE TITULAIRE DU SITE WEB enverra des informations techniques, op\u00e9rationnelles et commerciales, par n'importe quel moyen, y compris le courrier \u00e9lectronique et\/ou des moyens \u00e9quivalents, sur les produits, les services, les offres et les nouvelles que nous consid\u00e9rons d'int\u00e9r\u00eat pour l'utilisateur. Le titulaire du site Web s'engage \u00e0 respecter son obligation de confidentialit\u00e9 des donn\u00e9es personnelles et son devoir de stocker et d'adopter les mesures n\u00e9cessaires pour \u00e9viter leur alt\u00e9ration, perte, traitement ou acc\u00e8s non autoris\u00e9, en tenant compte \u00e0 tout moment de l'\u00e9tat de la technologie, en respectant les mesures de s\u00e9curit\u00e9 techniques et organisationnelles. Enfin, nous vous informons de la possibilit\u00e9 d'exercer vos droits d'acc\u00e8s, de rectification, d'annulation et d'opposition au moyen d'un formulaire adress\u00e9 \u00e0 l'administrateur du syst\u00e8me.<\/span><\/p>\t\t\t\t\t\t\t\t<\/div>\n\t\t\t\t<\/div>\n\t\t\t\t\t<\/div>\n\t\t\t\t<\/div>\n\t\t\t\t<\/div>","protected":false},"excerpt":{"rendered":"<p>DENTIDAD DEL TITULAR DEL SITIO WEB Nombre comercial: Vitrales Dametto Denominaci\u00f3n social: Nat\u00e1lia Mosmann Dametto (desde ahora EL TITULAR DEL WEB) NIF: Z0265390K Direcci\u00f3n: Carrer de la Ciutat de Granada 28, Barcelona Tel\u00e9fono: +34607164418 eMail: oi.natdametto@gmail.com \u00a0 T\u00c9RMINOS LEGALES Y CONDICIONES La utilizaci\u00f3n de este sitio web atribuye al navegante la condici\u00f3n de usuario del [&hellip;]<\/p>","protected":false},"author":1,"featured_media":0,"parent":0,"menu_order":0,"comment_status":"closed","ping_status":"closed","template":"","meta":{"site-sidebar-layout":"no-sidebar","site-content-layout":"page-builder","ast-site-content-layout":"full-width-container","site-content-style":"default","site-sidebar-style":"default","ast-global-header-display":"","ast-banner-title-visibility":"","ast-main-header-display":"","ast-hfb-above-header-display":"","ast-hfb-below-header-display":"","ast-hfb-mobile-header-display":"","site-post-title":"disabled","ast-breadcrumbs-content":"","ast-featured-img":"disabled","footer-sml-layout":"","ast-disable-related-posts":"","theme-transparent-header-meta":"","adv-header-id-meta":"","stick-header-meta":"","header-above-stick-meta":"","header-main-stick-meta":"","header-below-stick-meta":"","astra-migrate-meta-layouts":"set","ast-page-background-enabled":"default","ast-page-background-meta":{"desktop":{"background-color":"","background-image":"","background-repeat":"repeat","background-position":"center center","background-size":"auto","background-attachment":"scroll","background-type":"","background-media":"","overlay-type":"","overlay-color":"","overlay-opacity":"","overlay-gradient":""},"tablet":{"background-color":"","background-image":"","background-repeat":"repeat","background-position":"center center","background-size":"auto","background-attachment":"scroll","background-type":"","background-media":"","overlay-type":"","overlay-color":"","overlay-opacity":"","overlay-gradient":""},"mobile":{"background-color":"","background-image":"","background-repeat":"repeat","background-position":"center center","background-size":"auto","background-attachment":"scroll","background-type":"","background-media":"","overlay-type":"","overlay-color":"","overlay-opacity":"","overlay-gradient":""}},"ast-content-background-meta":{"desktop":{"background-color":"var(--ast-global-color-5)","background-image":"","background-repeat":"repeat","background-position":"center center","background-size":"auto","background-attachment":"scroll","background-type":"","background-media":"","overlay-type":"","overlay-color":"","overlay-opacity":"","overlay-gradient":""},"tablet":{"background-color":"var(--ast-global-color-5)","background-image":"","background-repeat":"repeat","background-position":"center center","background-size":"auto","background-attachment":"scroll","background-type":"","background-media":"","overlay-type":"","overlay-color":"","overlay-opacity":"","overlay-gradient":""},"mobile":{"background-color":"var(--ast-global-color-5)","background-image":"","background-repeat":"repeat","background-position":"center center","background-size":"auto","background-attachment":"scroll","background-type":"","background-media":"","overlay-type":"","overlay-color":"","overlay-opacity":"","overlay-gradient":""}},"footnotes":""},"class_list":["post-1197","page","type-page","status-publish","hentry"],"_links":{"self":[{"href":"https:\/\/vitralesdametto.com\/fr\/wp-json\/wp\/v2\/pages\/1197","targetHints":{"allow":["GET"]}}],"collection":[{"href":"https:\/\/vitralesdametto.com\/fr\/wp-json\/wp\/v2\/pages"}],"about":[{"href":"https:\/\/vitralesdametto.com\/fr\/wp-json\/wp\/v2\/types\/page"}],"author":[{"embeddable":true,"href":"https:\/\/vitralesdametto.com\/fr\/wp-json\/wp\/v2\/users\/1"}],"replies":[{"embeddable":true,"href":"https:\/\/vitralesdametto.com\/fr\/wp-json\/wp\/v2\/comments?post=1197"}],"version-history":[{"count":13,"href":"https:\/\/vitralesdametto.com\/fr\/wp-json\/wp\/v2\/pages\/1197\/revisions"}],"predecessor-version":[{"id":1210,"href":"https:\/\/vitralesdametto.com\/fr\/wp-json\/wp\/v2\/pages\/1197\/revisions\/1210"}],"wp:attachment":[{"href":"https:\/\/vitralesdametto.com\/fr\/wp-json\/wp\/v2\/media?parent=1197"}],"curies":[{"name":"wp","href":"https:\/\/api.w.org\/{rel}","templated":true}]}}