{"id":1698,"date":"2025-06-27T11:50:53","date_gmt":"2025-06-27T11:50:53","guid":{"rendered":"https:\/\/vitralesdametto.com\/?post_type=product&#038;p=1698"},"modified":"2025-07-01T06:39:24","modified_gmt":"2025-07-01T06:39:24","slug":"retrato-grande","status":"publish","type":"product","link":"https:\/\/vitralesdametto.com\/ca\/producte\/retrato-grande\/","title":{"rendered":"Retrat Gran"},"content":{"rendered":"<div id=\"docs-editor-container\" dir=\"ltr\">\n<div id=\"docs-editor\" class=\"\">\n<div id=\"waffle-grid-container\" dir=\"ltr\">\n<div id=\"0-grid-container\" class=\"grid-container\" dir=\"ltr\">\n<div id=\"0-grid-table-container\">\n<div class=\"grid-table-container\">\n<div id=\"0-scrollable\" class=\"grid-scrollable-wrapper\">\n<div class=\"goog-inline-block grid4-inner-container\">\n<div class=\"waffle-background-container\"><\/div>\n<\/div>\n<\/div>\n<\/div>\n<\/div>\n<div class=\"native-scrollbar native-scrollbar-ltr native-scrollbar-x\"><\/div>\n<\/div>\n<\/div>\n<\/div>\n<\/div>\n<div dir=\"ltr\">\n<div class=\"input-box\" spellcheck=\"false\"><\/div>\n<\/div>","protected":false},"excerpt":{"rendered":"<div class=\"waffle-background-container\">\n<p>Aquest retrat circular de 30 cm de di\u00e0metre \u00e9s una pe\u00e7a impressionant que captura l?ess\u00e8ncia de fins a cinc persones o mascotes en un disseny artesanal i ple de vida. Fet a m\u00e0 amb la t\u00e8cnica Tiffany, \u00e9s un record molt especial que es converteix en el centre datenci\u00f3 en qualsevol espai.<\/p>\n<p><strong>Com encarregar:<\/strong><\/p>\n<p><strong>1 \u2013<\/strong> Realitza la teva comanda a trav\u00e9s del lloc web.<\/p>\n<p><strong>2 \u2013<\/strong> Em posar\u00e9 en contacte amb tu perqu\u00e8 m&#039;envi\u00efs fotografies de refer\u00e8ncia per a l&#039;elaboraci\u00f3 del disseny.<\/p>\n<p><strong>3 \u2013<\/strong> Abans d&#039;iniciar la producci\u00f3, t&#039;enviar\u00e9 el dibuix perqu\u00e8 el revisis i aprovis, tant en forma com en colors. La pe\u00e7a nom\u00e9s ser\u00e0 fabricada un cop estiguis completament satisfet amb el projecte final.<\/p>\n<p>Aix\u00ed garantim un resultat \u00fanic ia la teva mida.<\/p>\n<p><strong>Grand\u00e0ria:<\/strong> 30 cm de di\u00e0metre<\/p>\n<\/div>","protected":false},"featured_media":1713,"template":"","meta":{"site-sidebar-layout":"default","site-content-layout":"","ast-site-content-layout":"default","site-content-style":"default","site-sidebar-style":"default","ast-global-header-display":"","ast-banner-title-visibility":"","ast-main-header-display":"","ast-hfb-above-header-display":"","ast-hfb-below-header-display":"","ast-hfb-mobile-header-display":"","site-post-title":"","ast-breadcrumbs-content":"","ast-featured-img":"","footer-sml-layout":"","ast-disable-related-posts":"","theme-transparent-header-meta":"default","adv-header-id-meta":"","stick-header-meta":"","header-above-stick-meta":"","header-main-stick-meta":"","header-below-stick-meta":"","astra-migrate-meta-layouts":"set","ast-page-background-enabled":"default","ast-page-background-meta":{"desktop":{"background-color":"","background-image":"","background-repeat":"repeat","background-position":"center center","background-size":"auto","background-attachment":"scroll","background-type":"","background-media":"","overlay-type":"","overlay-color":"","overlay-opacity":"","overlay-gradient":""},"tablet":{"background-color":"","background-image":"","background-repeat":"repeat","background-position":"center center","background-size":"auto","background-attachment":"scroll","background-type":"","background-media":"","overlay-type":"","overlay-color":"","overlay-opacity":"","overlay-gradient":""},"mobile":{"background-color":"","background-image":"","background-repeat":"repeat","background-position":"center center","background-size":"auto","background-attachment":"scroll","background-type":"","background-media":"","overlay-type":"","overlay-color":"","overlay-opacity":"","overlay-gradient":""}},"ast-content-background-meta":{"desktop":{"background-color":"var(--ast-global-color-5)","background-image":"","background-repeat":"repeat","background-position":"center center","background-size":"auto","background-attachment":"scroll","background-type":"","background-media":"","overlay-type":"","overlay-color":"","overlay-opacity":"","overlay-gradient":""},"tablet":{"background-color":"var(--ast-global-color-5)","background-image":"","background-repeat":"repeat","background-position":"center center","background-size":"auto","background-attachment":"scroll","background-type":"","background-media":"","overlay-type":"","overlay-color":"","overlay-opacity":"","overlay-gradient":""},"mobile":{"background-color":"var(--ast-global-color-5)","background-image":"","background-repeat":"repeat","background-position":"center center","background-size":"auto","background-attachment":"scroll","background-type":"","background-media":"","overlay-type":"","overlay-color":"","overlay-opacity":"","overlay-gradient":""}}},"product_brand":[],"product_cat":[23],"product_tag":[],"class_list":{"0":"post-1698","1":"product","2":"type-product","3":"status-publish","4":"has-post-thumbnail","6":"product_cat-uncategorized","7":"desktop-align-left","8":"tablet-align-left","9":"mobile-align-left","11":"first","12":"instock","13":"shipping-taxable","14":"purchasable","15":"product-type-variable"},"_links":{"self":[{"href":"https:\/\/vitralesdametto.com\/ca\/wp-json\/wp\/v2\/product\/1698","targetHints":{"allow":["GET"]}}],"collection":[{"href":"https:\/\/vitralesdametto.com\/ca\/wp-json\/wp\/v2\/product"}],"about":[{"href":"https:\/\/vitralesdametto.com\/ca\/wp-json\/wp\/v2\/types\/product"}],"wp:featuredmedia":[{"embeddable":true,"href":"https:\/\/vitralesdametto.com\/ca\/wp-json\/wp\/v2\/media\/1713"}],"wp:attachment":[{"href":"https:\/\/vitralesdametto.com\/ca\/wp-json\/wp\/v2\/media?parent=1698"}],"wp:term":[{"taxonomy":"product_brand","embeddable":true,"href":"https:\/\/vitralesdametto.com\/ca\/wp-json\/wp\/v2\/product_brand?post=1698"},{"taxonomy":"product_cat","embeddable":true,"href":"https:\/\/vitralesdametto.com\/ca\/wp-json\/wp\/v2\/product_cat?post=1698"},{"taxonomy":"product_tag","embeddable":true,"href":"https:\/\/vitralesdametto.com\/ca\/wp-json\/wp\/v2\/product_tag?post=1698"}],"curies":[{"name":"wp","href":"https:\/\/api.w.org\/{rel}","templated":true}]}}