{"id":27,"date":"2025-03-03T11:17:58","date_gmt":"2025-03-03T11:17:58","guid":{"rendered":"https:\/\/vitralesdametto.com\/services\/"},"modified":"2025-07-01T06:33:10","modified_gmt":"2025-07-01T06:33:10","slug":"talleres-de-vidrieras-barcelona","status":"publish","type":"page","link":"https:\/\/vitralesdametto.com\/ca\/talleres-de-vidrieras-barcelona\/","title":{"rendered":"Classes"},"content":{"rendered":"<div data-elementor-type=\"wp-post\" data-elementor-id=\"27\" class=\"elementor elementor-27\" data-elementor-post-type=\"page\">\n\t\t\t\t<div class=\"elementor-element elementor-element-ebc0e4f e-con-full e-flex e-con e-parent\" data-id=\"ebc0e4f\" data-element_type=\"container\">\n\t\t<div class=\"elementor-element elementor-element-4e74691 e-con-full e-flex e-con e-child\" data-id=\"4e74691\" data-element_type=\"container\" data-settings=\"{&quot;background_background&quot;:&quot;classic&quot;}\">\n\t\t\t\t<div class=\"elementor-element elementor-element-b572113 elementor-widget elementor-widget-heading\" data-id=\"b572113\" data-element_type=\"widget\" data-widget_type=\"heading.default\">\n\t\t\t\t<div class=\"elementor-widget-container\">\n\t\t\t\t\t<h1 class=\"elementor-heading-title elementor-size-default\">Tallers de vitralls Barcelona: apr\u00e8n l&#039;art del vidre fet a m\u00e0<\/h1>\t\t\t\t<\/div>\n\t\t\t\t<\/div>\n\t\t\t\t<\/div>\n\t\t\t\t<\/div>\n\t\t<div class=\"elementor-element elementor-element-b499943 e-con-full elementor-hidden-mobile e-flex e-con e-parent\" data-id=\"b499943\" data-element_type=\"container\" data-settings=\"{&quot;background_background&quot;:&quot;classic&quot;}\">\n\t\t<div class=\"elementor-element elementor-element-7533a1f e-con-full e-flex e-con e-child\" data-id=\"7533a1f\" data-element_type=\"container\" data-settings=\"{&quot;background_background&quot;:&quot;classic&quot;}\">\n\t\t\t\t<\/div>\n\t\t\t\t<\/div>\n\t\t<div class=\"elementor-element elementor-element-24bca97 e-con-full e-flex e-con e-parent\" data-id=\"24bca97\" data-element_type=\"container\">\n\t\t<div class=\"elementor-element elementor-element-9d79284 e-con-full e-flex e-con e-child\" data-id=\"9d79284\" data-element_type=\"container\" data-settings=\"{&quot;background_background&quot;:&quot;classic&quot;}\">\n\t\t\t\t<\/div>\n\t\t<div class=\"elementor-element elementor-element-377d5d1 e-con-full e-flex e-con e-child\" data-id=\"377d5d1\" data-element_type=\"container\" data-settings=\"{&quot;background_background&quot;:&quot;classic&quot;}\">\n\t\t<div class=\"elementor-element elementor-element-7784cb5 e-con-full e-flex e-con e-child\" data-id=\"7784cb5\" data-element_type=\"container\">\n\t\t\t\t<div class=\"elementor-element elementor-element-3440efb elementor-widget elementor-widget-image\" data-id=\"3440efb\" data-element_type=\"widget\" data-widget_type=\"image.default\">\n\t\t\t\t<div class=\"elementor-widget-container\">\n\t\t\t\t\t\t\t\t\t\t\t\t\t\t\t<img fetchpriority=\"high\" decoding=\"async\" width=\"940\" height=\"705\" src=\"https:\/\/vitralesdametto.com\/wp-content\/uploads\/2025\/03\/https___cdn.evbuc_.com_images_853502969_279257453680_1_original.avif\" class=\"attachment-large size-large wp-image-989\" alt=\"talleres de vidrieras\" srcset=\"https:\/\/vitralesdametto.com\/wp-content\/uploads\/2025\/03\/https___cdn.evbuc_.com_images_853502969_279257453680_1_original.avif 940w, https:\/\/vitralesdametto.com\/wp-content\/uploads\/2025\/03\/https___cdn.evbuc_.com_images_853502969_279257453680_1_original-600x450.avif 600w, https:\/\/vitralesdametto.com\/wp-content\/uploads\/2025\/03\/https___cdn.evbuc_.com_images_853502969_279257453680_1_original-300x225.avif 300w, https:\/\/vitralesdametto.com\/wp-content\/uploads\/2025\/03\/https___cdn.evbuc_.com_images_853502969_279257453680_1_original-768x576.avif 768w\" sizes=\"(max-width: 940px) 100vw, 940px\" \/>\t\t\t\t\t\t\t\t\t\t\t\t\t\t\t<\/div>\n\t\t\t\t<\/div>\n\t\t\t\t<div class=\"elementor-element elementor-element-63ab50b elementor-widget elementor-widget-heading\" data-id=\"63ab50b\" data-element_type=\"widget\" data-widget_type=\"heading.default\">\n\t\t\t\t<div class=\"elementor-widget-container\">\n\t\t\t\t\t<h2 class=\"elementor-heading-title elementor-size-default\">Curs continu<\/h2>\t\t\t\t<\/div>\n\t\t\t\t<\/div>\n\t\t\t\t<div class=\"elementor-element elementor-element-c90ec34 elementor-widget elementor-widget-text-editor\" data-id=\"c90ec34\" data-element_type=\"widget\" data-widget_type=\"text-editor.default\">\n\t\t\t\t<div class=\"elementor-widget-container\">\n\t\t\t\t\t\t\t\t\t<p><span style=\"font-weight: 400;\">Realitza el teu propi projecte al llarg de diverses trobades recurrents.<\/span><\/p><p><span style=\"font-weight: 400;\">Ofereixo trobades cont\u00ednues on podr\u00e0s aprendre i perfeccionar les t\u00e8cniques de vitrall. Aquest curs, tens l&#039;opci\u00f3 de crear un dels projectes que proposo o dissenyar el teu propi projecte, gran o petit, amb la meva ajuda. Tindr\u00e0s acc\u00e9s a totes les eines necess\u00e0ries, i els materials poden ser portats per tu o adquirits a l&#039;estudi. Cada classe dura 2 hores, i pots adaptar les sessions al teu ritme: 1, 2 o fins a 3 classes per setmana, o saltar-te setmanes segons disponibilitat.<\/span><\/p>\t\t\t\t\t\t\t\t<\/div>\n\t\t\t\t<\/div>\n\t\t\t\t<div class=\"elementor-element elementor-element-f2d6ab0 elementor-widget elementor-widget-button\" data-id=\"f2d6ab0\" data-element_type=\"widget\" data-widget_type=\"button.default\">\n\t\t\t\t<div class=\"elementor-widget-container\">\n\t\t\t\t\t\t\t\t\t<div class=\"elementor-button-wrapper\">\n\t\t\t\t\t<a class=\"elementor-button elementor-button-link elementor-size-sm\" href=\"https:\/\/www.eventbrite.es\/e\/curso-continuo-de-vidrieras-tickets-1022683011417?aff=ebdsoporgprofile\" target=\"_blank\" rel=\"noopener\">\n\t\t\t\t\t\t<span class=\"elementor-button-content-wrapper\">\n\t\t\t\t\t\t\t\t\t<span class=\"elementor-button-text\">Veure Curs continu<\/span>\n\t\t\t\t\t<\/span>\n\t\t\t\t\t<\/a>\n\t\t\t\t<\/div>\n\t\t\t\t\t\t\t\t<\/div>\n\t\t\t\t<\/div>\n\t\t\t\t<\/div>\n\t\t<div class=\"elementor-element elementor-element-68e87ff e-con-full e-flex e-con e-child\" data-id=\"68e87ff\" data-element_type=\"container\">\n\t\t\t\t<div class=\"elementor-element elementor-element-f1c8ade elementor-widget elementor-widget-image\" data-id=\"f1c8ade\" data-element_type=\"widget\" data-widget_type=\"image.default\">\n\t\t\t\t<div class=\"elementor-widget-container\">\n\t\t\t\t\t\t\t\t\t\t\t\t\t\t\t<img decoding=\"async\" width=\"940\" height=\"599\" src=\"https:\/\/vitralesdametto.com\/wp-content\/uploads\/2025\/03\/https___cdn.evbuc_.com_images_846271269_279257453680_1_original.avif\" class=\"attachment-large size-large wp-image-988\" alt=\"talleres de vidrieras\" srcset=\"https:\/\/vitralesdametto.com\/wp-content\/uploads\/2025\/03\/https___cdn.evbuc_.com_images_846271269_279257453680_1_original.avif 940w, https:\/\/vitralesdametto.com\/wp-content\/uploads\/2025\/03\/https___cdn.evbuc_.com_images_846271269_279257453680_1_original-600x382.avif 600w, https:\/\/vitralesdametto.com\/wp-content\/uploads\/2025\/03\/https___cdn.evbuc_.com_images_846271269_279257453680_1_original-300x191.avif 300w, https:\/\/vitralesdametto.com\/wp-content\/uploads\/2025\/03\/https___cdn.evbuc_.com_images_846271269_279257453680_1_original-768x489.avif 768w\" sizes=\"(max-width: 940px) 100vw, 940px\" \/>\t\t\t\t\t\t\t\t\t\t\t\t\t\t\t<\/div>\n\t\t\t\t<\/div>\n\t\t\t\t<div class=\"elementor-element elementor-element-74e5bbd elementor-widget elementor-widget-heading\" data-id=\"74e5bbd\" data-element_type=\"widget\" data-widget_type=\"heading.default\">\n\t\t\t\t<div class=\"elementor-widget-container\">\n\t\t\t\t\t<h2 class=\"elementor-heading-title elementor-size-default\">Taller cl\u00e0ssic<\/h2>\t\t\t\t<\/div>\n\t\t\t\t<\/div>\n\t\t\t\t<div class=\"elementor-element elementor-element-b852fc7 elementor-widget elementor-widget-text-editor\" data-id=\"b852fc7\" data-element_type=\"widget\" data-widget_type=\"text-editor.default\">\n\t\t\t\t<div class=\"elementor-widget-container\">\n\t\t\t\t\t\t\t\t\t<p><span style=\"font-weight: 400;\">Aprens tots els passos per fer un vitrall Tiffany des de zero en un dia.<\/span><\/p><p><span style=\"font-weight: 400;\">A les 4 hores del Taller Cl\u00e0ssic aprendr\u00e0s totes les etapes de la t\u00e8cnica Tiffany per crear una vidriera des de zero. Podr\u00e0s triar entre 5 dissenys: el full de monstera, el cor i 3 dissenys de temporada m\u00e9s que canvien cada 3 mesos. Despr\u00e9s, seguir\u00e0s aquests passos:<\/span><\/p><p><span style=\"font-weight: 400;\">\u00a0<em><strong>T&#039;emportar\u00e0s a casa una bonica pe\u00e7a de vidriera feta per tu!<\/strong><\/em><\/span><\/p>\t\t\t\t\t\t\t\t<\/div>\n\t\t\t\t<\/div>\n\t\t\t\t<div class=\"elementor-element elementor-element-ab5746c elementor-widget elementor-widget-button\" data-id=\"ab5746c\" data-element_type=\"widget\" data-widget_type=\"button.default\">\n\t\t\t\t<div class=\"elementor-widget-container\">\n\t\t\t\t\t\t\t\t\t<div class=\"elementor-button-wrapper\">\n\t\t\t\t\t<a class=\"elementor-button elementor-button-link elementor-size-sm\" href=\"https:\/\/www.eventbrite.es\/e\/taller-clasico-de-vidrieras-tickets-1013519392787?aff=ebdsoporgprofile\" target=\"_blank\" rel=\"noopener\">\n\t\t\t\t\t\t<span class=\"elementor-button-content-wrapper\">\n\t\t\t\t\t\t\t\t\t<span class=\"elementor-button-text\">Veure curs Taller cl\u00e0ssic<\/span>\n\t\t\t\t\t<\/span>\n\t\t\t\t\t<\/a>\n\t\t\t\t<\/div>\n\t\t\t\t\t\t\t\t<\/div>\n\t\t\t\t<\/div>\n\t\t\t\t<\/div>\n\t\t<div class=\"elementor-element elementor-element-0dddbfb e-con-full e-flex e-con e-child\" data-id=\"0dddbfb\" data-element_type=\"container\">\n\t\t\t\t<div class=\"elementor-element elementor-element-486171b elementor-widget elementor-widget-image\" data-id=\"486171b\" data-element_type=\"widget\" data-widget_type=\"image.default\">\n\t\t\t\t<div class=\"elementor-widget-container\">\n\t\t\t\t\t\t\t\t\t\t\t\t\t\t\t<img decoding=\"async\" width=\"768\" height=\"1024\" src=\"https:\/\/vitralesdametto.com\/wp-content\/uploads\/2025\/03\/https___cdn.evbuc_.com_images_853545159_279257453680_1_original-768x1024.avif\" class=\"attachment-large size-large wp-image-1088\" alt=\"vidriera personalizada corazones\" srcset=\"https:\/\/vitralesdametto.com\/wp-content\/uploads\/2025\/03\/https___cdn.evbuc_.com_images_853545159_279257453680_1_original-768x1024.avif 768w, https:\/\/vitralesdametto.com\/wp-content\/uploads\/2025\/03\/https___cdn.evbuc_.com_images_853545159_279257453680_1_original-600x800.avif 600w, https:\/\/vitralesdametto.com\/wp-content\/uploads\/2025\/03\/https___cdn.evbuc_.com_images_853545159_279257453680_1_original-225x300.avif 225w, https:\/\/vitralesdametto.com\/wp-content\/uploads\/2025\/03\/https___cdn.evbuc_.com_images_853545159_279257453680_1_original.avif 940w\" sizes=\"(max-width: 768px) 100vw, 768px\" \/>\t\t\t\t\t\t\t\t\t\t\t\t\t\t\t<\/div>\n\t\t\t\t<\/div>\n\t\t\t\t<div class=\"elementor-element elementor-element-48a8461 elementor-widget elementor-widget-heading\" data-id=\"48a8461\" data-element_type=\"widget\" data-widget_type=\"heading.default\">\n\t\t\t\t<div class=\"elementor-widget-container\">\n\t\t\t\t\t<h2 class=\"elementor-heading-title elementor-size-default\">Taller pocket<\/h2>\t\t\t\t<\/div>\n\t\t\t\t<\/div>\n\t\t\t\t<div class=\"elementor-element elementor-element-01459a0 elementor-widget elementor-widget-text-editor\" data-id=\"01459a0\" data-element_type=\"widget\" data-widget_type=\"text-editor.default\">\n\t\t\t\t<div class=\"elementor-widget-container\">\n\t\t\t\t\t\t\t\t\t<p><span style=\"font-weight: 400;\">Versi\u00f3 simplificada del taller cl\u00e0ssic per a grups.<\/span><\/p><p><span style=\"font-weight: 400;\">Aquest taller r\u00e0pid \u00e9s ideal per a grups d\u00b4amics o activitats de team building, amb capacitat per a fins a 10 persones. En nom\u00e9s 2,5 hores, tu i el teu grup podran crear un panot de Barcelona o un cor de vitrall.<\/span><\/p>\t\t\t\t\t\t\t\t<\/div>\n\t\t\t\t<\/div>\n\t\t\t\t<div class=\"elementor-element elementor-element-e8d1f74 elementor-widget elementor-widget-button\" data-id=\"e8d1f74\" data-element_type=\"widget\" data-widget_type=\"button.default\">\n\t\t\t\t<div class=\"elementor-widget-container\">\n\t\t\t\t\t\t\t\t\t<div class=\"elementor-button-wrapper\">\n\t\t\t\t\t<a class=\"elementor-button elementor-button-link elementor-size-sm\" href=\"https:\/\/www.eventbrite.es\/e\/taller-pocket-de-vidrieras-tickets-1022707304077?aff=ebdsoporgprofile\" target=\"_blank\" rel=\"noopener\">\n\t\t\t\t\t\t<span class=\"elementor-button-content-wrapper\">\n\t\t\t\t\t\t\t\t\t<span class=\"elementor-button-text\">Veure curs Taller pocket<\/span>\n\t\t\t\t\t<\/span>\n\t\t\t\t\t<\/a>\n\t\t\t\t<\/div>\n\t\t\t\t\t\t\t\t<\/div>\n\t\t\t\t<\/div>\n\t\t\t\t<\/div>\n\t\t<div class=\"elementor-element elementor-element-af99862 e-con-full e-flex e-con e-child\" data-id=\"af99862\" data-element_type=\"container\">\n\t\t\t\t<div class=\"elementor-element elementor-element-5268bf5 elementor-widget elementor-widget-image\" data-id=\"5268bf5\" data-element_type=\"widget\" data-widget_type=\"image.default\">\n\t\t\t\t<div class=\"elementor-widget-container\">\n\t\t\t\t\t\t\t\t\t\t\t\t\t\t\t<img loading=\"lazy\" decoding=\"async\" width=\"1024\" height=\"683\" src=\"https:\/\/vitralesdametto.com\/wp-content\/uploads\/2025\/03\/Natt-serie20-40-1024x683.webp\" class=\"attachment-large size-large wp-image-1013\" alt=\"creaci\u00f3n de vidrieras personalizadas\" srcset=\"https:\/\/vitralesdametto.com\/wp-content\/uploads\/2025\/03\/Natt-serie20-40-1024x683.webp 1024w, https:\/\/vitralesdametto.com\/wp-content\/uploads\/2025\/03\/Natt-serie20-40-scaled-600x400.webp 600w, https:\/\/vitralesdametto.com\/wp-content\/uploads\/2025\/03\/Natt-serie20-40-300x200.webp 300w, https:\/\/vitralesdametto.com\/wp-content\/uploads\/2025\/03\/Natt-serie20-40-768x512.webp 768w, https:\/\/vitralesdametto.com\/wp-content\/uploads\/2025\/03\/Natt-serie20-40-1536x1024.webp 1536w, https:\/\/vitralesdametto.com\/wp-content\/uploads\/2025\/03\/Natt-serie20-40-scaled.webp 1920w\" sizes=\"(max-width: 1024px) 100vw, 1024px\" \/>\t\t\t\t\t\t\t\t\t\t\t\t\t\t\t<\/div>\n\t\t\t\t<\/div>\n\t\t\t\t<div class=\"elementor-element elementor-element-2a8fdda elementor-widget elementor-widget-heading\" data-id=\"2a8fdda\" data-element_type=\"widget\" data-widget_type=\"heading.default\">\n\t\t\t\t<div class=\"elementor-widget-container\">\n\t\t\t\t\t<h2 class=\"elementor-heading-title elementor-size-default\">Curs en l\u00ednia<\/h2>\t\t\t\t<\/div>\n\t\t\t\t<\/div>\n\t\t\t\t<div class=\"elementor-element elementor-element-8d1bf3e elementor-widget elementor-widget-text-editor\" data-id=\"8d1bf3e\" data-element_type=\"widget\" data-widget_type=\"text-editor.default\">\n\t\t\t\t<div class=\"elementor-widget-container\">\n\t\t\t\t\t\t\t\t\t<p><span style=\"font-weight: 400;\">Estem treballant en la creaci\u00f3 d&#039;un curs en l\u00ednia. <\/span><\/p>\n<p><span style=\"font-weight: 400;\">Apunta&#039;t aqu\u00ed per rebre m\u00e9s informacions en tant aquest llest!<\/span><\/p>\t\t\t\t\t\t\t\t<\/div>\n\t\t\t\t<\/div>\n\t\t\t\t<div class=\"elementor-element elementor-element-520ad74 elementor-button-align-stretch elementor-widget elementor-widget-form\" data-id=\"520ad74\" data-element_type=\"widget\" data-settings=\"{&quot;button_width&quot;:&quot;50&quot;,&quot;step_next_label&quot;:&quot;Siguiente&quot;,&quot;step_previous_label&quot;:&quot;Anterior&quot;,&quot;step_type&quot;:&quot;number_text&quot;,&quot;step_icon_shape&quot;:&quot;circle&quot;}\" data-widget_type=\"form.default\">\n\t\t\t\t<div class=\"elementor-widget-container\">\n\t\t\t\t\t\t\t<form class=\"elementor-form\" method=\"post\" name=\"Nuevo formulario\" action=\"\">\n\t\t\t<input type=\"hidden\" name=\"post_id\" value=\"27\"\/>\n\t\t\t<input type=\"hidden\" name=\"form_id\" value=\"520ad74\"\/>\n\t\t\t<input type=\"hidden\" name=\"referer_title\" value=\"Talleres de vidrieras Barcelona - Vitrales Dametto\" \/>\n\n\t\t\t\t\t\t\t<input type=\"hidden\" name=\"queried_id\" value=\"27\"\/>\n\t\t\t\n\t\t\t<div class=\"elementor-form-fields-wrapper elementor-labels-above\">\n\t\t\t\t\t\t\t\t<div class=\"elementor-field-type-email elementor-field-group elementor-column elementor-field-group-email elementor-col-50 elementor-field-required\">\n\t\t\t\t\t\t\t\t\t\t\t\t<label for=\"form-field-email\" class=\"elementor-field-label\">\n\t\t\t\t\t\t\t\tCorreu electr\u00f2nic\t\t\t\t\t\t\t<\/label>\n\t\t\t\t\t\t\t\t\t\t\t\t\t\t<input size=\"1\" type=\"email\" name=\"form_fields[email]\" id=\"form-field-email\" class=\"elementor-field elementor-size-sm  elementor-field-textual\" placeholder=\"Correu electr\u00f2nic\" required=\"required\">\n\t\t\t\t\t\t\t\t\t\t\t<\/div>\n\t\t\t\t\t\t\t\t<div class=\"elementor-field-group elementor-column elementor-field-type-submit elementor-col-50 e-form__buttons\">\n\t\t\t\t\t<button class=\"elementor-button elementor-size-sm\" type=\"submit\">\n\t\t\t\t\t\t<span class=\"elementor-button-content-wrapper\">\n\t\t\t\t\t\t\t\t\t\t\t\t\t\t\t\t\t\t\t\t\t\t<span class=\"elementor-button-text\">Enviar<\/span>\n\t\t\t\t\t\t\t\t\t\t\t\t\t<\/span>\n\t\t\t\t\t<\/button>\n\t\t\t\t<\/div>\n\t\t\t<\/div>\n\t\t<input type=\"hidden\" name=\"trp-form-language\" value=\"ca\"\/><\/form>\n\t\t\t\t\t\t<\/div>\n\t\t\t\t<\/div>\n\t\t\t\t<\/div>\n\t\t\t\t<\/div>\n\t\t\t\t<\/div>\n\t\t<div class=\"elementor-element elementor-element-1cd59a6 e-con-full e-flex e-con e-parent\" data-id=\"1cd59a6\" data-element_type=\"container\">\n\t\t<div class=\"elementor-element elementor-element-7d9459d e-con-full e-flex e-con e-child\" data-id=\"7d9459d\" data-element_type=\"container\">\n\t\t<a class=\"elementor-element elementor-element-e8c6990 e-con-full e-flex e-con e-child\" data-id=\"e8c6990\" data-element_type=\"container\" data-settings=\"{&quot;background_background&quot;:&quot;classic&quot;,&quot;position&quot;:&quot;absolute&quot;}\" href=\"https:\/\/vitralesdametto.com\/ca\/tienda\/\">\n\t\t\t\t<div class=\"elementor-element elementor-element-71e0099 elementor-view-default elementor-widget elementor-widget-icon\" data-id=\"71e0099\" data-element_type=\"widget\" data-widget_type=\"icon.default\">\n\t\t\t\t<div class=\"elementor-widget-container\">\n\t\t\t\t\t\t\t<div class=\"elementor-icon-wrapper\">\n\t\t\t<div class=\"elementor-icon elementor-animation-rotate\">\n\t\t\t<svg aria-hidden=\"true\" class=\"e-font-icon-svg e-fas-plus\" viewbox=\"0 0 448 512\" xmlns=\"http:\/\/www.w3.org\/2000\/svg\"><path d=\"M416 208H272V64c0-17.67-14.33-32-32-32h-32c-17.67 0-32 14.33-32 32v144H32c-17.67 0-32 14.33-32 32v32c0 17.67 14.33 32 32 32h144v144c0 17.67 14.33 32 32 32h32c17.67 0 32-14.33 32-32V304h144c17.67 0 32-14.33 32-32v-32c0-17.67-14.33-32-32-32z\"><\/path><\/svg>\t\t\t<\/div>\n\t\t<\/div>\n\t\t\t\t\t\t<\/div>\n\t\t\t\t<\/div>\n\t\t\t\t<div class=\"elementor-element elementor-element-63189df elementor-widget elementor-widget-heading\" data-id=\"63189df\" data-element_type=\"widget\" data-widget_type=\"heading.default\">\n\t\t\t\t<div class=\"elementor-widget-container\">\n\t\t\t\t\t<h3 class=\"elementor-heading-title elementor-size-default\">Compra la teva vidriera personalitzada<\/h3>\t\t\t\t<\/div>\n\t\t\t\t<\/div>\n\t\t\t\t<\/a>\n\t\t\t\t<div class=\"elementor-element elementor-element-6749aa0 elementor-widget elementor-widget-image\" data-id=\"6749aa0\" data-element_type=\"widget\" data-widget_type=\"image.default\">\n\t\t\t\t<div class=\"elementor-widget-container\">\n\t\t\t\t\t\t\t\t\t\t\t\t\t\t\t<img loading=\"lazy\" decoding=\"async\" width=\"1920\" height=\"1280\" src=\"https:\/\/vitralesdametto.com\/wp-content\/uploads\/2025\/03\/Natt-serie13-11-scaled.webp\" class=\"attachment-full size-full wp-image-1090\" alt=\"vidriera personalizada\" srcset=\"https:\/\/vitralesdametto.com\/wp-content\/uploads\/2025\/03\/Natt-serie13-11-scaled.webp 1920w, https:\/\/vitralesdametto.com\/wp-content\/uploads\/2025\/03\/Natt-serie13-11-scaled-600x400.webp 600w, https:\/\/vitralesdametto.com\/wp-content\/uploads\/2025\/03\/Natt-serie13-11-300x200.webp 300w, https:\/\/vitralesdametto.com\/wp-content\/uploads\/2025\/03\/Natt-serie13-11-1024x683.webp 1024w, https:\/\/vitralesdametto.com\/wp-content\/uploads\/2025\/03\/Natt-serie13-11-768x512.webp 768w, https:\/\/vitralesdametto.com\/wp-content\/uploads\/2025\/03\/Natt-serie13-11-1536x1024.webp 1536w\" sizes=\"(max-width: 1920px) 100vw, 1920px\" \/>\t\t\t\t\t\t\t\t\t\t\t\t\t\t\t<\/div>\n\t\t\t\t<\/div>\n\t\t\t\t<\/div>\n\t\t\t\t<\/div>\n\t\t\t\t<\/div>","protected":false},"excerpt":{"rendered":"<p>Inici Tallers de vidrieres Barcelona: apr\u00e8n l&#039;art del vidre fet a m\u00e0 Curs continu Realitza el teu propi projecte al llarg de diverses trobades recurrents. Ofereixo trobades cont\u00ednues on podr\u00e0s aprendre i perfeccionar les t\u00e8cniques de vitrall. En aquest curs, tens l&#039;opci\u00f3 de crear un dels projectes que proposo o dissenyar [\u2026]<\/p>","protected":false},"author":1,"featured_media":0,"parent":0,"menu_order":0,"comment_status":"closed","ping_status":"closed","template":"","meta":{"site-sidebar-layout":"no-sidebar","site-content-layout":"page-builder","ast-site-content-layout":"full-width-container","site-content-style":"unboxed","site-sidebar-style":"unboxed","ast-global-header-display":"","ast-banner-title-visibility":"","ast-main-header-display":"","ast-hfb-above-header-display":"","ast-hfb-below-header-display":"","ast-hfb-mobile-header-display":"","site-post-title":"disabled","ast-breadcrumbs-content":"","ast-featured-img":"disabled","footer-sml-layout":"","ast-disable-related-posts":"","theme-transparent-header-meta":"","adv-header-id-meta":"","stick-header-meta":"","header-above-stick-meta":"","header-main-stick-meta":"","header-below-stick-meta":"","astra-migrate-meta-layouts":"set","ast-page-background-enabled":"default","ast-page-background-meta":{"desktop":{"background-color":"","background-image":"","background-repeat":"repeat","background-position":"center center","background-size":"auto","background-attachment":"scroll","background-type":"","background-media":"","overlay-type":"","overlay-color":"","overlay-opacity":"","overlay-gradient":""},"tablet":{"background-color":"","background-image":"","background-repeat":"repeat","background-position":"center center","background-size":"auto","background-attachment":"scroll","background-type":"","background-media":"","overlay-type":"","overlay-color":"","overlay-opacity":"","overlay-gradient":""},"mobile":{"background-color":"","background-image":"","background-repeat":"repeat","background-position":"center center","background-size":"auto","background-attachment":"scroll","background-type":"","background-media":"","overlay-type":"","overlay-color":"","overlay-opacity":"","overlay-gradient":""}},"ast-content-background-meta":{"desktop":{"background-color":"var(--ast-global-color-5)","background-image":"","background-repeat":"repeat","background-position":"center center","background-size":"auto","background-attachment":"scroll","background-type":"","background-media":"","overlay-type":"","overlay-color":"","overlay-opacity":"","overlay-gradient":""},"tablet":{"background-color":"var(--ast-global-color-5)","background-image":"","background-repeat":"repeat","background-position":"center center","background-size":"auto","background-attachment":"scroll","background-type":"","background-media":"","overlay-type":"","overlay-color":"","overlay-opacity":"","overlay-gradient":""},"mobile":{"background-color":"var(--ast-global-color-5)","background-image":"","background-repeat":"repeat","background-position":"center center","background-size":"auto","background-attachment":"scroll","background-type":"","background-media":"","overlay-type":"","overlay-color":"","overlay-opacity":"","overlay-gradient":""}},"footnotes":""},"class_list":["post-27","page","type-page","status-publish","hentry"],"_links":{"self":[{"href":"https:\/\/vitralesdametto.com\/ca\/wp-json\/wp\/v2\/pages\/27","targetHints":{"allow":["GET"]}}],"collection":[{"href":"https:\/\/vitralesdametto.com\/ca\/wp-json\/wp\/v2\/pages"}],"about":[{"href":"https:\/\/vitralesdametto.com\/ca\/wp-json\/wp\/v2\/types\/page"}],"author":[{"embeddable":true,"href":"https:\/\/vitralesdametto.com\/ca\/wp-json\/wp\/v2\/users\/1"}],"replies":[{"embeddable":true,"href":"https:\/\/vitralesdametto.com\/ca\/wp-json\/wp\/v2\/comments?post=27"}],"version-history":[{"count":65,"href":"https:\/\/vitralesdametto.com\/ca\/wp-json\/wp\/v2\/pages\/27\/revisions"}],"predecessor-version":[{"id":1737,"href":"https:\/\/vitralesdametto.com\/ca\/wp-json\/wp\/v2\/pages\/27\/revisions\/1737"}],"wp:attachment":[{"href":"https:\/\/vitralesdametto.com\/ca\/wp-json\/wp\/v2\/media?parent=27"}],"curies":[{"name":"wp","href":"https:\/\/api.w.org\/{rel}","templated":true}]}}