{"id":1224,"date":"2025-03-04T11:59:39","date_gmt":"2025-03-04T11:59:39","guid":{"rendered":"https:\/\/vitralesdametto.com\/?page_id=1224"},"modified":"2025-04-09T09:29:33","modified_gmt":"2025-04-09T09:29:33","slug":"politica-de-privacidad","status":"publish","type":"page","link":"https:\/\/vitralesdametto.com\/ca\/politica-de-privacidad\/","title":{"rendered":"Pol\u00edtica de privadesa"},"content":{"rendered":"<div data-elementor-type=\"wp-page\" data-elementor-id=\"1224\" class=\"elementor elementor-1224\" data-elementor-post-type=\"page\">\n\t\t\t\t<div class=\"elementor-element elementor-element-6e4f2cc e-flex e-con-boxed e-con e-parent\" data-id=\"6e4f2cc\" data-element_type=\"container\">\n\t\t\t\t\t<div class=\"e-con-inner\">\n\t\t\t\t<div class=\"elementor-element elementor-element-bff0d4d elementor-widget elementor-widget-heading\" data-id=\"bff0d4d\" data-element_type=\"widget\" data-widget_type=\"heading.default\">\n\t\t\t\t<div class=\"elementor-widget-container\">\n\t\t\t\t\t<h2 class=\"elementor-heading-title elementor-size-default\">Pol\u00edtica de privadesa<\/h2>\t\t\t\t<\/div>\n\t\t\t\t<\/div>\n\t\t\t\t<div class=\"elementor-element elementor-element-3c7cb95 elementor-widget elementor-widget-text-editor\" data-id=\"3c7cb95\" data-element_type=\"widget\" data-widget_type=\"text-editor.default\">\n\t\t\t\t<div class=\"elementor-widget-container\">\n\t\t\t\t\t\t\t\t\t<p><span style=\"font-weight: 400;\">Aquesta Pol\u00edtica de Privadesa constitueix juntament amb les Normes de participaci\u00f3 i l&#039;av\u00eds legal el marc jur\u00eddic que regula l&#039;\u00fas del lloc web <a href=\"https:\/\/vitralesdametto.com\/ca\/\"><strong>https:\/\/vitralesdametto.com<\/strong><\/a><\/span><span style=\"font-weight: 400;\">.<\/span><span style=\"font-weight: 400;\"> Aquesta Pol\u00edtica de Privadesa en concret regula l&#039;\u00fas i el tractament que L&#039;EMPRESA d\u00f3na a les vostres dades de car\u00e0cter personal com a usuari del Lloc web, ja que en accedir a aquesta p\u00e0gina web passa a tenir la condici\u00f3 d&#039;usuari d&#039;aquesta web (d&#039;ara endavant, l&#039;\u201cUsuari\u201d).<\/span><\/p><p><b>Aquest lloc web \u00e9s titularitat de:<\/b><\/p><p><span style=\"text-align: var(--text-align); background-color: var(--ast-global-color-5); color: var(--ast-global-color-3); font-size: 1rem;\">Nat\u00e1lia Mosmann Dametto<\/span><span style=\"font-weight: 400;\">, amb domicili social a\u00a0<\/span><span style=\"font-weight: bold;\">\u00a0<\/span>Carrer de la Ciutat de Granada 28, Barcelona<span style=\"font-weight: 400;\">\u00a0i CIF:\u00a0<\/span>Z0265390K<span style=\"font-weight: 400;\">,<\/span><span style=\"font-weight: 400;\"> d&#039;ara endavant l&#039;EMPRESA.<\/span><\/p><p><span style=\"font-weight: 400;\">\u00a0Al Lloc Web trobareu a la vostra disposici\u00f3 aquesta Pol\u00edtica de Privadesa en catal\u00e0 perqu\u00e8 la pugueu consultar, arxivar o imprimir en qualsevol moment. \u00c9s possible que vari\u00ef amb el temps com a conseq\u00fc\u00e8ncia de canvis al Lloc Web, novetats legislatives o jurisprudencials o perqu\u00e8 sorgeixin criteris nous de l&#039;Ag\u00e8ncia Espanyola de Protecci\u00f3 de Dades o la nova normativa europea ens obligui a fer futures modificacions. Per aix\u00f2, l&#039;EMPRESA es reserva el dret a modificar aquesta Pol\u00edtica de Privadesa i recomana llegir detingudament la Pol\u00edtica de Privadesa sempre que s&#039;accedeixi al Lloc Web.<\/span><\/p><p><b>Confidencialitat<\/b><b><br \/><\/b><span style=\"font-weight: 400;\">L&#039;EMPRESA es compromet a complir la seva obligaci\u00f3 de secret de les dades de car\u00e0cter personal i el deure de guardar-les de forma confidencial i adopta les mesures necess\u00e0ries per evitar-ne l&#039;alteraci\u00f3, la p\u00e8rdua, el tractament o l&#039;acc\u00e9s no autoritzat, tenint en compte en tot moment l&#039;estat de la tecnologia.<\/span><\/p><p><b>Seguretat de les dades<\/b><b><br \/><\/b><span style=\"font-weight: 400;\">L\u00b4EMPRESA garanteix l\u00b4adopci\u00f3 de les mesures oportunes per assegurar el tractament confidencial d\u00b4aquestes dades. Per aix\u00f2, ha implantat totes les mesures de seguretat t\u00e8cniques i organitzatives necess\u00e0ries que garanteixin la integritat, confidencialitat i disponibilitat de les dades personals facilitades per l&#039;usuari, en particular les estipulades al RGDP (Reglament General de la Protecci\u00f3 de Dades \u2013 UE 2016) \/679, de 27 d&#039;abril, de 19 de Car\u00e0cter Personal (LOPD) i el seu Reglament de desenvolupament RD 1720\/2007.<\/span><\/p><p><b>Protecci\u00f3 de dades de car\u00e0cter personal<\/b><b><br \/><\/b><span style=\"font-weight: 400;\">Les dades personals facilitades volunt\u00e0riament seran tractades de forma confidencial, sota la protecci\u00f3 i les especificacions contingudes en el reglament vigent, i es recolliran en fitxer degudament inscrit a l&#039;Ag\u00e8ncia de Protecci\u00f3 de Dades, el responsable de la qual \u00e9s L&#039;EMPRESA, i la finalitat de la qual \u00e9s la gesti\u00f3 dels usuaris i subscriptors, aix\u00ed com la venda en l\u00ednia de productes i la resoluci\u00f3 de consultes.<\/span><\/p><p><span style=\"font-weight: 400;\">La base legal per al tractament de dades \u00e9s el consentiment del subscriptor. Tractem les dades personals dels inscrits al butllet\u00ed amb la finalitat exclusiva d&#039;enviar-los la nostra newsletter. Tractem les dades personals dels usuaris registrats i els subscriptors de pagament amb l&#039;\u00fanica finalitat de gestionar la seva vinculaci\u00f3 amb L&#039;EMPRESA el cobrament de les quotes (si escau), l&#039;organitzaci\u00f3 d&#039;activitats i campanyes i l&#039;enviament de comunicacions informatives i comercials (tamb\u00e9 per via electr\u00f2nica).<\/span><\/p><p><span style=\"font-weight: 400;\">Les dades personals no se cediran a tercers (a excepci\u00f3 d&#039;obligaci\u00f3 legal) i es conservaran durant el termini de sis (6) anys de conformitat amb la normativa comptable vigent i, si escau, durant deu (10) segons la normativa de prevenci\u00f3 de blanqueig de capitals.<\/span><\/p><p><span style=\"font-weight: 400;\">L&#039;usuari pot accedir a les dades personals, aix\u00ed com sol\u00b7licitar la rectificaci\u00f3 de les dades inexactes o, si escau, sol\u00b7licitar la cancel\u00b7laci\u00f3 o supressi\u00f3 quan les dades ja no siguin necess\u00e0ries per als fins recollits. Tamb\u00e9 podr\u00e0 sol\u00b7licitar la limitaci\u00f3, portabilitat i oposici\u00f3 del tractament de les seves dades, en determinades circumst\u00e0ncies i per motius relacionats amb la seva situaci\u00f3 particular.<\/span><\/p><p><span style=\"font-weight: 400;\">Podreu revocar el consentiment a l&#039;enviament de comunicacions comercials i exercir els drets referits anteriorment, mitjan\u00e7ant l&#039;enviament d&#039;un correu electr\u00f2nic\u00a0<\/span><a href=\"mailto:oi.natdametto@gmail.com\" target=\"_blank\" rel=\"noopener\">a oi.natdametto@gmail.com<\/a>\u00a0<span style=\"font-weight: 400;\">o adre\u00e7ant-se per correu ordinari al responsable del fitxer ubicat a l&#039;adre\u00e7a social de L&#039;EMPRESA, en ambd\u00f3s casos amb la refer\u00e8ncia: \u201cProtecci\u00f3 de Dades\u201d, a trav\u00e9s d&#039;un escrit signat a aquest efecte i adjuntant c\u00f2pia del seu DNI.<\/span><\/p><p><b>Informaci\u00f3 sobre cookies<\/b><b><br \/><\/b><span style=\"font-weight: 400;\">El web utilitza galetes (&#039;cookies&#039;) en la navegaci\u00f3 de l&#039;usuari pels seus llocs web per facilitar la personalitzaci\u00f3 i comoditat de la navegaci\u00f3.<\/span><\/p><p><span style=\"font-weight: 400;\">Una galeta \u00e9s un fragment d&#039;informaci\u00f3 enviat des d&#039;un servidor de p\u00e0gines web a un navegador que el navegador pot tornar en accessos posteriors a aquest servidor. Les galetes s&#039;associen a l&#039;usuari an\u00f2nim i al vostre ordinador i no proporcionen per si mateixes ni el nom ni els cognoms de l&#039;usuari.<\/span><\/p><p><span style=\"font-weight: 400;\">En aquesta web s&#039;utilitzen galetes de Google per mostrar anuncis publicitaris basats en anteriors visites a la web oa altres webs que tamb\u00e9 mostren anuncis de Google. Els usuaris poden optar per no admetre el seguiment mitjan\u00e7ant galetes de publicitat accedint a:<\/span><a href=\"https:\/\/www.google.com\/settings\/ads\" target=\"_blank\" rel=\"noopener\"> <span style=\"font-weight: 400;\">https:\/\/www.google.com\/settings\/ads<\/span><\/a><\/p><p><b>Tipus de cookies<\/b><b><br \/><\/b><span style=\"font-weight: 400;\">Galetes de Registre: Per identificar l&#039;usuari que ha iniciat sessi\u00f3.<\/span><span style=\"font-weight: 400;\"><br \/><\/span><span style=\"font-weight: 400;\">Cookies de Publicitat: Per poder oferir continguts publicitaris relacionats amb els interessos de l&#039;usuari, ja sigui directament oa trav\u00e9s de tercers anomenats Adservers<\/span><span style=\"font-weight: 400;\"><br \/><\/span><span style=\"font-weight: 400;\">Galetes Anal\u00edtiques: Per obtenir informaci\u00f3 relacionada amb el mesurament de l&#039;audi\u00e8ncia.<\/span><span style=\"font-weight: 400;\"><br \/><\/span><span style=\"font-weight: 400;\">Cookies sobre Geo-localitzaci\u00f3: Donen informaci\u00f3 sobre la ubicaci\u00f3 geogr\u00e0fica de l&#039;usuari.<\/span><span style=\"font-weight: 400;\"><br \/><\/span><span style=\"font-weight: 400;\">L&#039;usuari t\u00e9 la possibilitat de configurar el navegador de manera que sigui informat de la recepci\u00f3 de &#039;cookies&#039;, amb la possibilitat, si ho desitja, d&#039;impedir que s&#039;instal\u00b7lin al disc dur. Tot i aix\u00f2, per accedir a la web no \u00e9s preceptiva la instal\u00b7laci\u00f3 de &#039;cookies&#039;.<\/span><\/p><p><span style=\"font-weight: 400;\">Segons el tipus de navegador que utilitzi l&#039;usuari pot deshabilitar l&#039;\u00fas de les galetes a:<\/span><\/p><p><span style=\"font-weight: 400;\">Chrome: Configuraci\u00f3 &gt; Configuraci\u00f3 avan\u00e7ada &gt; Privadesa i seguretat &gt; Configuraci\u00f3 del contingut<\/span><span style=\"font-weight: 400;\"><br \/><\/span><span style=\"font-weight: 400;\">Firefox: Opcions &gt; Privadesa i seguretat<\/span><span style=\"font-weight: 400;\"><br \/><\/span><span style=\"font-weight: 400;\">Edge: Configuraci\u00f3 &gt; Configuraci\u00f3 avan\u00e7ada &gt; Privadesa i serveis<\/span><span style=\"font-weight: 400;\"><br \/><\/span><span style=\"font-weight: 400;\">Safari: Prefer\u00e8ncies &gt; Privadesa<\/span><\/p><p><b>LSSICE<\/b><b><br \/><\/b><span style=\"font-weight: 400;\">Aix\u00ed mateix, informem que no utilitzem aquestes dades per enviar comunicacions comercials per correu electr\u00f2nic no sol\u00b7licitades o no autoritzades expressament i pr\u00e8viament per l&#039;interessat, segons all\u00f2 estipulat a la LSSICE.<\/span><\/p><p><b>Comunicacions<\/b><b><br \/><\/b><span style=\"font-weight: 400;\">Per efectuar qualsevol notificaci\u00f3 en relaci\u00f3 amb aquest contracte, l&#039;EMPRESA designa expressament com a domicili al que figura al present text i l&#039;usuari designa expressament com a domicili al que figuri al formulari de sol\u00b7licitud. Per dur a terme la contractaci\u00f3, s&#039;obliga a mantenir operativa, activa i actualitzada l&#039;adre\u00e7a de correu electr\u00f2nic (e-mail) proporcionada per a les comunicacions amb l&#039;EMPRESA, ja que \u00e9s el mitj\u00e0 de comunicaci\u00f3 preferent (encara que no l&#039;\u00fanic). En general, l&#039;usuari es compromet i obliga a tenir actualitzades de manera permanent les seves dades personals i de contacte; i ha de comunicar, de manera fefaent, qualsevol canvi. La manca d&#039;aquesta comunicaci\u00f3 implicar\u00e0 que es consideraran v\u00e0lides les notificacions efectuades a l&#039;adre\u00e7a que constava al formulari.<\/span><\/p><p><b>Nul\u00b7litat i inefic\u00e0cia de les cl\u00e0usules<\/b><b><br \/><\/b><span style=\"font-weight: 400;\">Si qualsevol cl\u00e0usula de la present Pol\u00edtica de Privadesa juntament amb la Pol\u00edtica de Privadesa i la Pol\u00edtica de Cookies fos declarada totalment o parcialment nul\u00b7la o inefica\u00e7, afectar\u00e0 tan sols a aquesta disposici\u00f3 o part de la mateixa que resulti nul\u00b7la o inefica\u00e7, subsistint en tota la resta de condicions generals i tenint-se tal disposici\u00f3 o la part de la mateixa. , les hauria d&#039;afectar de forma integral.<\/span><\/p><p><b>Llei aplicable i jurisdicci\u00f3<\/b><b><br \/><\/b><span style=\"font-weight: 400;\">Per a la resoluci\u00f3 de totes les controv\u00e8rsies o q\u00fcestions relacionades amb aquest lloc web o de les activitats que es desenvolupin, s&#039;aplicar\u00e0 la legislaci\u00f3 espanyola en tots els casos, a qu\u00e8 se sotmeten expressament les parts. El mer fet de la utilitzaci\u00f3 dels serveis aquest lloc web pressuposa l&#039;acceptaci\u00f3 expressa de la dita acceptaci\u00f3 de la jurisdicci\u00f3 espanyola.<\/span><\/p><p><span style=\"font-weight: 400;\">Aix\u00ed mateix, i amb l&#039;excepci\u00f3 del que s&#039;expressa en el par\u00e0graf seg\u00fcent, les parts que intervenen acorden que tot litigi, discrep\u00e0ncia, q\u00fcesti\u00f3 o reclamaci\u00f3 resultant de l&#039;execuci\u00f3 o interpretaci\u00f3 de les presents condicions o relacionat, o d&#039;altres textos que poguessin existir al lloc web, es resoldran definitivament mitjan\u00e7ant sotmetiment als jutjats i tribunals de Barcelona amb ren\u00fancia.<\/span><\/p><p><span style=\"font-weight: 400;\">El par\u00e0graf anterior no s&#039;aplica en el cas que una de les parts sigui un consumidor o usuari segons la definici\u00f3 de la normativa de protecci\u00f3 dels Consumidors i Usuaris (Reial Decret Legislatiu 1\/2007, de 16 de novembre, pel qual s&#039;aprova el text ref\u00f3s de la Llei General per a la Defensa dels Consumidors i Usuaris i altres en aquesta legislaci\u00f3.<\/span><\/p>\t\t\t\t\t\t\t\t<\/div>\n\t\t\t\t<\/div>\n\t\t\t\t\t<\/div>\n\t\t\t\t<\/div>\n\t\t\t\t<\/div>","protected":false},"excerpt":{"rendered":"<p>La presente Pol\u00edtica de Privacidad constituye junto con las Normas de participaci\u00f3n y el aviso legal el marco jur\u00eddico que regula el uso del sitio web https:\/\/vitralesdametto.com. La presente Pol\u00edtica de Privacidad en concreto regula el uso y tratamiento que LA EMPRESA da a sus datos de car\u00e1cter personal como usuario del Sitio web, ya [&hellip;]<\/p>","protected":false},"author":1,"featured_media":0,"parent":0,"menu_order":0,"comment_status":"closed","ping_status":"closed","template":"","meta":{"site-sidebar-layout":"no-sidebar","site-content-layout":"page-builder","ast-site-content-layout":"full-width-container","site-content-style":"default","site-sidebar-style":"default","ast-global-header-display":"","ast-banner-title-visibility":"","ast-main-header-display":"","ast-hfb-above-header-display":"","ast-hfb-below-header-display":"","ast-hfb-mobile-header-display":"","site-post-title":"disabled","ast-breadcrumbs-content":"","ast-featured-img":"disabled","footer-sml-layout":"","ast-disable-related-posts":"","theme-transparent-header-meta":"","adv-header-id-meta":"","stick-header-meta":"","header-above-stick-meta":"","header-main-stick-meta":"","header-below-stick-meta":"","astra-migrate-meta-layouts":"set","ast-page-background-enabled":"default","ast-page-background-meta":{"desktop":{"background-color":"","background-image":"","background-repeat":"repeat","background-position":"center center","background-size":"auto","background-attachment":"scroll","background-type":"","background-media":"","overlay-type":"","overlay-color":"","overlay-opacity":"","overlay-gradient":""},"tablet":{"background-color":"","background-image":"","background-repeat":"repeat","background-position":"center center","background-size":"auto","background-attachment":"scroll","background-type":"","background-media":"","overlay-type":"","overlay-color":"","overlay-opacity":"","overlay-gradient":""},"mobile":{"background-color":"","background-image":"","background-repeat":"repeat","background-position":"center center","background-size":"auto","background-attachment":"scroll","background-type":"","background-media":"","overlay-type":"","overlay-color":"","overlay-opacity":"","overlay-gradient":""}},"ast-content-background-meta":{"desktop":{"background-color":"var(--ast-global-color-5)","background-image":"","background-repeat":"repeat","background-position":"center center","background-size":"auto","background-attachment":"scroll","background-type":"","background-media":"","overlay-type":"","overlay-color":"","overlay-opacity":"","overlay-gradient":""},"tablet":{"background-color":"var(--ast-global-color-5)","background-image":"","background-repeat":"repeat","background-position":"center center","background-size":"auto","background-attachment":"scroll","background-type":"","background-media":"","overlay-type":"","overlay-color":"","overlay-opacity":"","overlay-gradient":""},"mobile":{"background-color":"var(--ast-global-color-5)","background-image":"","background-repeat":"repeat","background-position":"center center","background-size":"auto","background-attachment":"scroll","background-type":"","background-media":"","overlay-type":"","overlay-color":"","overlay-opacity":"","overlay-gradient":""}},"footnotes":""},"class_list":["post-1224","page","type-page","status-publish","hentry"],"_links":{"self":[{"href":"https:\/\/vitralesdametto.com\/ca\/wp-json\/wp\/v2\/pages\/1224","targetHints":{"allow":["GET"]}}],"collection":[{"href":"https:\/\/vitralesdametto.com\/ca\/wp-json\/wp\/v2\/pages"}],"about":[{"href":"https:\/\/vitralesdametto.com\/ca\/wp-json\/wp\/v2\/types\/page"}],"author":[{"embeddable":true,"href":"https:\/\/vitralesdametto.com\/ca\/wp-json\/wp\/v2\/users\/1"}],"replies":[{"embeddable":true,"href":"https:\/\/vitralesdametto.com\/ca\/wp-json\/wp\/v2\/comments?post=1224"}],"version-history":[{"count":4,"href":"https:\/\/vitralesdametto.com\/ca\/wp-json\/wp\/v2\/pages\/1224\/revisions"}],"predecessor-version":[{"id":1228,"href":"https:\/\/vitralesdametto.com\/ca\/wp-json\/wp\/v2\/pages\/1224\/revisions\/1228"}],"wp:attachment":[{"href":"https:\/\/vitralesdametto.com\/ca\/wp-json\/wp\/v2\/media?parent=1224"}],"curies":[{"name":"wp","href":"https:\/\/api.w.org\/{rel}","templated":true}]}}